{"id":7796,"date":"2021-05-02T17:40:37","date_gmt":"2021-05-02T15:40:37","guid":{"rendered":"https:\/\/sweetmaloryne.com\/boutique\/?page_id=7796"},"modified":"2021-05-02T17:40:38","modified_gmt":"2021-05-02T15:40:38","slug":"politique-de-confidentialite-2","status":"publish","type":"page","link":"https:\/\/www.sweetmaloryne.com\/boutique\/politique-de-confidentialite-2\/","title":{"rendered":"Politique de confidentialit\u00e9"},"content":{"rendered":"\n<p>Conform\u00e9ment \u00e0 la loi n\u00b078-17 du 6 janvier 1978 modifi\u00e9e relative \u00e0 l&rsquo;informatique, aux fichiers et aux libert\u00e9s dite loi \u00ab informatique et libert\u00e9s \u00bb, le Client est inform\u00e9 que SWEET MALORYNE proc\u00e8de \u00e0 un traitement automatis\u00e9 de ses donn\u00e9es \u00e0 caract\u00e8re personnel aux fins de traitement et de gestion des relations commerciales et de la vente des Produits.<\/p>\n\n\n\n<p>Ces donn\u00e9es peuvent \u00eatre transmises aux filiales et\/ou aux soci\u00e9t\u00e9s contr\u00f4l\u00e9es par SWEET MALORYNE ainsi qu\u2019\u00e0 ses sous-traitants qui contribuent \u00e0 ces relations pour leur gestion, ex\u00e9cution, traitement et paiement.<\/p>\n\n\n\n<p>Chaque Client dispose des droits d&rsquo;acc\u00e8s, de communication et de rectification des donn\u00e9es le concernant, ainsi qu\u2019un droit d\u2019opposition pour des motifs l\u00e9gitimes. A cet effet, il convient de s\u2019adresser par courrier \u00e0 l\u2019adresse suivante :<\/p>\n\n\n\n<p>SWEET MALORYNE<\/p>\n\n\n\n<p>9 rue des \u00c9coles<\/p>\n\n\n\n<p>57410 BINING<\/p>\n\n\n\n<p>Il est rappel\u00e9 que s\u2019agissant des rectifications et mises \u00e0 jour des donn\u00e9es relatives \u00e0 son Compte, le Client proc\u00e8de directement aux modifications et suppressions n\u00e9cessaires sur son propre Compte.<\/p>\n","protected":false},"excerpt":{"rendered":"<p>Conform\u00e9ment \u00e0 la loi n\u00b078-17 du 6 janvier 1978 modifi\u00e9e relative \u00e0 l&rsquo;informatique, aux fichiers et aux libert\u00e9s dite loi \u00ab informatique et libert\u00e9s \u00bb, le Client est inform\u00e9 que SWEET MALORYNE proc\u00e8de \u00e0 un traitement automatis\u00e9 de ses donn\u00e9es \u00e0 caract\u00e8re personnel aux fins de traitement et de gestion des relations commerciales et de&hellip;<\/p>\n","protected":false},"author":1,"featured_media":0,"parent":0,"menu_order":0,"comment_status":"closed","ping_status":"closed","template":"","meta":{"footnotes":""},"class_list":["post-7796","page","type-page","status-publish","hentry","description-off"],"_links":{"self":[{"href":"https:\/\/www.sweetmaloryne.com\/boutique\/wp-json\/wp\/v2\/pages\/7796","targetHints":{"allow":["GET"]}}],"collection":[{"href":"https:\/\/www.sweetmaloryne.com\/boutique\/wp-json\/wp\/v2\/pages"}],"about":[{"href":"https:\/\/www.sweetmaloryne.com\/boutique\/wp-json\/wp\/v2\/types\/page"}],"author":[{"embeddable":true,"href":"https:\/\/www.sweetmaloryne.com\/boutique\/wp-json\/wp\/v2\/users\/1"}],"replies":[{"embeddable":true,"href":"https:\/\/www.sweetmaloryne.com\/boutique\/wp-json\/wp\/v2\/comments?post=7796"}],"version-history":[{"count":1,"href":"https:\/\/www.sweetmaloryne.com\/boutique\/wp-json\/wp\/v2\/pages\/7796\/revisions"}],"predecessor-version":[{"id":7805,"href":"https:\/\/www.sweetmaloryne.com\/boutique\/wp-json\/wp\/v2\/pages\/7796\/revisions\/7805"}],"wp:attachment":[{"href":"https:\/\/www.sweetmaloryne.com\/boutique\/wp-json\/wp\/v2\/media?parent=7796"}],"curies":[{"name":"wp","href":"https:\/\/api.w.org\/{rel}","templated":true}]}}