{"id":7802,"date":"2021-05-02T17:40:13","date_gmt":"2021-05-02T15:40:13","guid":{"rendered":"https:\/\/sweetmaloryne.com\/boutique\/?page_id=7802"},"modified":"2025-03-15T16:10:00","modified_gmt":"2025-03-15T15:10:00","slug":"paiement-securise","status":"publish","type":"page","link":"https:\/\/www.sweetmaloryne.com\/boutique\/paiement-securise\/","title":{"rendered":"Paiement s\u00e9curis\u00e9"},"content":{"rendered":"\n<h2 class=\"wp-block-heading\">Paiement par carte bancaire<\/h2>\n\n\n\n<p>Vous pouvez payer directement sur notre site par carte bancaire. La transaction est s\u00e9curis\u00e9e par Stripe.<\/p>\n\n\n\n<p>Stripe est une infrastructure de paiement web s\u00e9curis\u00e9e (<strong>certifi\u00e9e PCI niveau 1<\/strong>, le niveau de s\u00e9curit\u00e9 le plus \u00e9lev\u00e9) et tr\u00e8s efficace.<\/p>\n\n\n\n<p>Stripe est aussi&nbsp;<strong>tr\u00e8s pratique si vous \u00eates un client r\u00e9current<\/strong>, car d\u00e8s que vous avez pay\u00e9 une fois avec Stripe, tous vos prochains achats pourront se faire d&rsquo;un clic sur votre mobile ou votre ordinateur sans avoir besoin de sortir votre carte de cr\u00e9dit !<\/p>\n\n\n\n<p>\u00c0 aucun moment, nous n&rsquo;avons acc\u00e8s \u00e0 vos num\u00e9ros de carte, Stripe \u00e9tant s\u00e9curis\u00e9 et s&rsquo;occupant enti\u00e8rement du paiement.<\/p>\n\n\n\n<p><strong>Nous accordons une grande importance \u00e0 la s\u00e9curit\u00e9 de vos donn\u00e9es, c&rsquo;est pour cela que notre site est s\u00e9curis\u00e9 et que vos donn\u00e9es sont crypt\u00e9es :<\/strong><\/p>\n\n\n\n<p><strong>Un certificat SSL atteste l&rsquo;identit\u00e9 d&rsquo;une entreprise et est utilis\u00e9 afin de crypter les donn\u00e9es \u00e9chang\u00e9es sur un r\u00e9seau.<\/strong><\/p>\n\n\n\n<p>En plus d&rsquo;assurer que les donn\u00e9es proviennent bien de la source pr\u00e9sum\u00e9e, ce certificat assure aussi l&rsquo;int\u00e9grit\u00e9 des donn\u00e9es &#8211; les donn\u00e9es ne peuvent pas \u00eatre modifi\u00e9es pendant leur transfert.<\/p>\n\n\n\n<p>Le SSL est utilis\u00e9 pour s\u00e9curiser les transactions bancaires, le transfert de donn\u00e9es et les informations de connexions, telles que les noms d&rsquo;utilisateur et les mots de passe.<\/p>\n\n\n\n<p><\/p>\n\n\n\n<h2 class=\"wp-block-heading\">Paiement via Paypal<\/h2>\n\n\n\n<p>En choisissant le paiement par Paypal, vous serez transf\u00e9r\u00e9 sur le serveur s\u00e9curis\u00e9 Paypal, qui garantit la confidentialit\u00e9 compl\u00e8te de la transaction. Aucune information bancaire ne transite sur notre site.<\/p>\n\n\n\n<p>En validant votre commande et en s\u00e9lectionnant ce mode de paiement, vous \u00eates redirig\u00e9 sur le serveur Paypal o\u00f9 vous pourrez vous identifier et r\u00e9gler par votre compte Paypal. Vous avez aussi la possibilit\u00e9, si vous n&rsquo;avez pas de compte Paypal, de s\u00e9lectionner un mode de paiement par carte bancaire (en bas \u00e0 droite). Choisissez le logo de votre carte (CB, Visa, MasterCard&#8230;). Vous devrez alors communiquer les 16 chiffres inscrits sur votre carte bancaire, la date d&rsquo;expiration et les 3 derniers chiffres qui figurent au dos de votre carte.<\/p>\n\n\n\n<p><\/p>\n\n\n\n<h2 class=\"wp-block-heading\">Paiement par virement bancaire<\/h2>\n\n\n\n<p>Vous avez la possibilit\u00e9 de r\u00e9gler votre commande par virement bancaire. Pensez \u00e0 mentionner sur votre ordre de virement le n\u00b0 de commande. Votre commande sera d\u00e9finitivement valid\u00e9e \u00e0 r\u00e9ception de votre virement, vous recevrez un mail de confirmation de Sweet Maloryne.<\/p>\n\n\n\n<p>En validant cette option, vous trouverez sur la page suivante toutes nos coordonn\u00e9es bancaires (RIB et IBAN).<\/p>\n\n\n\n<p>Le paiement est exigible dans un d\u00e9lai de 5 jours ouvr\u00e9s, pass\u00e9 ce d\u00e9lai, nous nous r\u00e9servons le droit d&rsquo;annuler toute commande non r\u00e9gl\u00e9e.<\/p>\n\n\n\n<p><\/p>\n\n\n\n<h2 class=\"wp-block-heading\"><strong>Ch\u00e8que bancaire<\/strong><\/h2>\n\n\n\n<p>Ce mode de paiement est r\u00e9serv\u00e9 aux clients choisissant l\u2019enl\u00e8vement de leur commande \u00e0 notre atelier \u00e0 Bining (57410) et titulaires d&rsquo;un compte bancaire en Euros domicili\u00e9 en France.<\/p>\n\n\n\n<p>Les ch\u00e8ques doivent \u00eatre \u00e9tablis \u00e0 l&rsquo;ordre de \u00ab\u00a0Jenny Schwartz\u00a0\u00bb. Etant une micro-entreprise, le compte bancaire de Sweet Maloryne ne porte pas le nom commercial mais le nom propre de sa cr\u00e9atrice. L\u2019enl\u00e8vement de la marchandise et de son paiement par ch\u00e8que, est exigible dans un d\u00e9lai de 8 jours ouvr\u00e9s. Pass\u00e9 ce d\u00e9lai, nous nous r\u00e9servons le droit d\u2019annuler la commande.<\/p>\n\n\n\n<p><\/p>\n","protected":false},"excerpt":{"rendered":"<p>Paiement par carte bancaire Vous pouvez payer directement sur notre site par carte bancaire. La transaction est s\u00e9curis\u00e9e par Stripe. Stripe est une infrastructure de paiement web s\u00e9curis\u00e9e (certifi\u00e9e PCI niveau 1, le niveau de s\u00e9curit\u00e9 le plus \u00e9lev\u00e9) et tr\u00e8s efficace. Stripe est aussi&nbsp;tr\u00e8s pratique si vous \u00eates un client r\u00e9current, car d\u00e8s que&hellip;<\/p>\n","protected":false},"author":1,"featured_media":0,"parent":0,"menu_order":0,"comment_status":"closed","ping_status":"closed","template":"","meta":{"footnotes":""},"class_list":["post-7802","page","type-page","status-publish","hentry","description-off"],"_links":{"self":[{"href":"https:\/\/www.sweetmaloryne.com\/boutique\/wp-json\/wp\/v2\/pages\/7802","targetHints":{"allow":["GET"]}}],"collection":[{"href":"https:\/\/www.sweetmaloryne.com\/boutique\/wp-json\/wp\/v2\/pages"}],"about":[{"href":"https:\/\/www.sweetmaloryne.com\/boutique\/wp-json\/wp\/v2\/types\/page"}],"author":[{"embeddable":true,"href":"https:\/\/www.sweetmaloryne.com\/boutique\/wp-json\/wp\/v2\/users\/1"}],"replies":[{"embeddable":true,"href":"https:\/\/www.sweetmaloryne.com\/boutique\/wp-json\/wp\/v2\/comments?post=7802"}],"version-history":[{"count":2,"href":"https:\/\/www.sweetmaloryne.com\/boutique\/wp-json\/wp\/v2\/pages\/7802\/revisions"}],"predecessor-version":[{"id":44184,"href":"https:\/\/www.sweetmaloryne.com\/boutique\/wp-json\/wp\/v2\/pages\/7802\/revisions\/44184"}],"wp:attachment":[{"href":"https:\/\/www.sweetmaloryne.com\/boutique\/wp-json\/wp\/v2\/media?parent=7802"}],"curies":[{"name":"wp","href":"https:\/\/api.w.org\/{rel}","templated":true}]}}