{"id":18120,"date":"2025-10-01T15:26:35","date_gmt":"2025-10-01T13:26:35","guid":{"rendered":"https:\/\/www.sweetmaloryne.com\/boutique\/?post_type=product&#038;p=18120"},"modified":"2026-04-24T15:52:15","modified_gmt":"2026-04-24T13:52:15","slug":"sac-a-main-besace-rabat-simili-cuir-souple-bandouliere-reglable-synthetique-29x22x7cm","status":"publish","type":"product","link":"https:\/\/www.sweetmaloryne.com\/boutique\/produit\/sac-a-main-besace-rabat-simili-cuir-souple-bandouliere-reglable-synthetique-29x22x7cm\/","title":{"rendered":"Sac \u00e0 Main Besace Rabat Simili-Cuir Souple Bandouli\u00e8re R\u00e9glable Synth\u00e9tique Divers Coloris au Choix 29x22x7cm"},"content":{"rendered":"","protected":false},"excerpt":{"rendered":"","protected":false},"featured_media":50350,"template":"","meta":[],"product_brand":[],"product_cat":[20,658,30],"product_tag":[],"class_list":{"0":"post-18120","1":"product","2":"type-product","3":"status-publish","4":"has-post-thumbnail","6":"product_cat-lifestyle","7":"product_cat-nouveautes","8":"product_cat-sacs-et-pochettes","9":"pa_couleur-b2-argent","10":"pa_couleur-b8-beige","11":"pa_couleur-beige-irise","12":"pa_couleur-f3-blanc","13":"pa_couleur-bleu","14":"pa_couleur-bleu-canard","15":"pa_couleur-bleu-ciel","16":"pa_couleur-bleu-denim","17":"pa_couleur-bleu-marine","18":"pa_couleur-brique","19":"pa_couleur-bronze","20":"pa_couleur-bronze-irise","21":"pa_couleur-cafe","22":"pa_couleur-camel","23":"pa_couleur-camel-irise","24":"pa_couleur-bc-chameau","25":"pa_couleur-champagne","26":"pa_couleur-cognac","27":"pa_couleur-10-dore","28":"pa_couleur-dore-irise","29":"pa_couleur-grenat","30":"pa_couleur-ivoire","31":"pa_couleur-jaune","32":"pa_couleur-jaune-irise","33":"pa_couleur-78-marron","34":"pa_couleur-13-noir","35":"pa_couleur-3a-rose","36":"pa_couleur-rose-pastel","37":"pa_couleur-a2-rouge","38":"pa_couleur-rouge-irise","39":"pa_couleur-c8-taupe","40":"pa_couleur-taupe-irise","41":"pa_couleur-cb-vert","42":"pa_couleur-vert-amande","43":"pa_couleur-vert-fonce","44":"pa_couleur-vert-irise","45":"pa_couleur-violet","46":"pa_couleur-violet-irise","47":"description-off","49":"first","50":"instock","51":"shipping-taxable","52":"purchasable","53":"product-type-variable"},"_links":{"self":[{"href":"https:\/\/www.sweetmaloryne.com\/boutique\/wp-json\/wp\/v2\/product\/18120","targetHints":{"allow":["GET"]}}],"collection":[{"href":"https:\/\/www.sweetmaloryne.com\/boutique\/wp-json\/wp\/v2\/product"}],"about":[{"href":"https:\/\/www.sweetmaloryne.com\/boutique\/wp-json\/wp\/v2\/types\/product"}],"wp:featuredmedia":[{"embeddable":true,"href":"https:\/\/www.sweetmaloryne.com\/boutique\/wp-json\/wp\/v2\/media\/50350"}],"wp:attachment":[{"href":"https:\/\/www.sweetmaloryne.com\/boutique\/wp-json\/wp\/v2\/media?parent=18120"}],"wp:term":[{"taxonomy":"product_brand","embeddable":true,"href":"https:\/\/www.sweetmaloryne.com\/boutique\/wp-json\/wp\/v2\/product_brand?post=18120"},{"taxonomy":"product_cat","embeddable":true,"href":"https:\/\/www.sweetmaloryne.com\/boutique\/wp-json\/wp\/v2\/product_cat?post=18120"},{"taxonomy":"product_tag","embeddable":true,"href":"https:\/\/www.sweetmaloryne.com\/boutique\/wp-json\/wp\/v2\/product_tag?post=18120"}],"curies":[{"name":"wp","href":"https:\/\/api.w.org\/{rel}","templated":true}]}}