{"id":19824,"date":"2023-05-01T09:59:38","date_gmt":"2023-05-01T07:59:38","guid":{"rendered":"https:\/\/www.sweetmaloryne.com\/boutique\/?post_type=product&#038;p=19824"},"modified":"2023-07-07T11:22:15","modified_gmt":"2023-07-07T09:22:15","slug":"bracelet-meditation-cristal-de-roche","status":"publish","type":"product","link":"https:\/\/www.sweetmaloryne.com\/boutique\/produit\/bracelet-meditation-cristal-de-roche\/","title":{"rendered":"Bracelet M\u00e9ditation Cristal de roche"},"content":{"rendered":"<div data-v-5b499ba3=\"\">\n<p><strong data-v-5b499ba3=\"\">Description<\/strong><\/p>\n<div data-v-5b499ba3=\"\">\n<p class=\"description__description\" data-v-5b499ba3=\"\">Notre bracelet M\u00e9ditation en Cristal de roche permet de rester dans l\u2019instant pr\u00e9sent. Id\u00e9al pour ceux adeptes de la m\u00e9ditation pour permettre de se reconnecter avec \u00e0 la vie, au moment pr\u00e9sent. En portant ce bracelet lors de votre s\u00e9ance, vous atteindrez un niveau de m\u00e9ditation tellement profond qu\u2019ils vous ne saurez que nous remercier !<br data-v-5b499ba3=\"\" \/><br data-v-5b499ba3=\"\" \/>Ce bracelet se purifier dans de l\u2019eau pure ou par fumigation. Pour le recharger, il suffit de l\u2019exposer \u00e0 la lumi\u00e8re du soleil.<br data-v-5b499ba3=\"\" \/><br data-v-5b499ba3=\"\" \/>Pierre gemme de tous les \u00e9l\u00e9ments \u00e0 la fois, le Cristal de roche est une pierre transparente.<br data-v-5b499ba3=\"\" \/>Le bracelet M\u00e9ditation en Cristal de roche active les 7 chakras.<br data-v-5b499ba3=\"\" \/>Le Cristal de roche est li\u00e9 \u00e0 la peau et \u00e0 l\u2019\u00e9quilibre g\u00e9n\u00e9ral.<br data-v-5b499ba3=\"\" \/>Cette pierre est attribu\u00e9e aux signes du zodiaque G\u00e9meaux, Lion et Capricorne.<br data-v-5b499ba3=\"\" \/><br data-v-5b499ba3=\"\" \/>Pierre : Cristal de Roche<br data-v-5b499ba3=\"\" \/>Couleur : transparent<br data-v-5b499ba3=\"\" \/>Duret\u00e9 : 7<br data-v-5b499ba3=\"\" \/>Composition : dioxyde de silicium (SiO2)<br data-v-5b499ba3=\"\" \/>Diam\u00e8tre des pierres : 4 mm<br data-v-5b499ba3=\"\" \/>Longueur du bracelet : 17 cm<br data-v-5b499ba3=\"\" \/>Montage : sur \u00e9lastique<br data-v-5b499ba3=\"\" \/>Aucune pr\u00e9sence de m\u00e9tal afin de ne pas interf\u00e9rer avec les propri\u00e9t\u00e9s lithoth\u00e9rapeutiques des pierres.<br data-v-5b499ba3=\"\" \/>Nos pierres naturelles sont choisies avec soin selon notre charte qualit\u00e9 pour leur durabilit\u00e9 et leur beaut\u00e9.<\/p>\n<\/div>\n<div class=\"description\" data-v-5b499ba3=\"\">\n<p><strong data-v-5b499ba3=\"\">Dimensions<\/strong><\/p>\n<p class=\"description__description\" data-v-5b499ba3=\"\">17 cm<\/p>\n<\/div>\n<div class=\"description\" data-v-5b499ba3=\"\">\n<p><strong data-v-5b499ba3=\"\">Poids net<\/strong><\/p>\n<p class=\"description__description\" data-v-5b499ba3=\"\">6,91<\/p>\n<\/div>\n<div class=\"description\" data-v-5b499ba3=\"\">\n<p><strong data-v-5b499ba3=\"\">Composition<\/strong><\/p>\n<p class=\"description__description\" data-v-5b499ba3=\"\">Dioxyde de silicium (SiO2)<\/p>\n<\/div>\n<div class=\"description\" data-v-5b499ba3=\"\">\n<p><strong data-v-5b499ba3=\"\">Mat\u00e9riaux<\/strong><\/p>\n<p class=\"description__description\" data-v-5b499ba3=\"\">Cristal de roche<\/p>\n<\/div>\n<\/div>\n","protected":false},"excerpt":{"rendered":"<p>Description Notre bracelet M\u00e9ditation en Cristal de roche permet de rester dans l\u2019instant pr\u00e9sent. Id\u00e9al pour ceux adeptes de la m\u00e9ditation pour permettre de se reconnecter avec \u00e0 la vie, au moment pr\u00e9sent. En portant ce bracelet lors de votre s\u00e9ance, vous atteindrez un niveau de m\u00e9ditation tellement profond qu\u2019ils vous ne saurez que nous&hellip;<\/p>\n","protected":false},"featured_media":19825,"template":"","meta":[],"product_brand":[],"product_cat":[24,49],"product_tag":[],"class_list":{"0":"post-19824","1":"product","2":"type-product","3":"status-publish","4":"has-post-thumbnail","6":"product_cat-bijoux","7":"product_cat-bracelets","8":"description-off","10":"first","11":"instock","12":"shipping-taxable","13":"purchasable","14":"product-type-simple"},"_links":{"self":[{"href":"https:\/\/www.sweetmaloryne.com\/boutique\/wp-json\/wp\/v2\/product\/19824","targetHints":{"allow":["GET"]}}],"collection":[{"href":"https:\/\/www.sweetmaloryne.com\/boutique\/wp-json\/wp\/v2\/product"}],"about":[{"href":"https:\/\/www.sweetmaloryne.com\/boutique\/wp-json\/wp\/v2\/types\/product"}],"wp:featuredmedia":[{"embeddable":true,"href":"https:\/\/www.sweetmaloryne.com\/boutique\/wp-json\/wp\/v2\/media\/19825"}],"wp:attachment":[{"href":"https:\/\/www.sweetmaloryne.com\/boutique\/wp-json\/wp\/v2\/media?parent=19824"}],"wp:term":[{"taxonomy":"product_brand","embeddable":true,"href":"https:\/\/www.sweetmaloryne.com\/boutique\/wp-json\/wp\/v2\/product_brand?post=19824"},{"taxonomy":"product_cat","embeddable":true,"href":"https:\/\/www.sweetmaloryne.com\/boutique\/wp-json\/wp\/v2\/product_cat?post=19824"},{"taxonomy":"product_tag","embeddable":true,"href":"https:\/\/www.sweetmaloryne.com\/boutique\/wp-json\/wp\/v2\/product_tag?post=19824"}],"curies":[{"name":"wp","href":"https:\/\/api.w.org\/{rel}","templated":true}]}}