{"id":19872,"date":"2023-05-01T11:04:20","date_gmt":"2023-05-01T09:04:20","guid":{"rendered":"https:\/\/www.sweetmaloryne.com\/boutique\/?post_type=product&#038;p=19872"},"modified":"2026-01-01T11:05:32","modified_gmt":"2026-01-01T10:05:32","slug":"bracelet-attraction-jaspe-breschia","status":"publish","type":"product","link":"https:\/\/www.sweetmaloryne.com\/boutique\/produit\/bracelet-attraction-jaspe-breschia\/","title":{"rendered":"Bracelet Attraction Jaspe Breschia"},"content":{"rendered":"<div data-v-5b499ba3=\"\"><strong data-v-5b499ba3=\"\">Description<\/strong><\/p>\n<div data-v-5b499ba3=\"\">\n<p class=\"description__description\" data-v-5b499ba3=\"\">Notre bracelet Attraction en Jaspe breschia est sp\u00e9cialement fait pour ceux qui cherchent \u00e0 plaire et aiment provoquer la reconnaissance des autres. Si vous ressentez l&rsquo;envie de s\u00e9duire et d\u2019\u00eatre s\u00e9duit, le bracelet Attraction est id\u00e9al. Il vous permettra de plaire en \u00e9tant reconnus \u00e0 votre juste valeur et de gagner en confiance.<br data-v-5b499ba3=\"\" \/><br data-v-5b499ba3=\"\" \/>Pour purifier notre bracelet Attraction, il suffit de le passer sous l\u2019eau courante en le massant ou par fumigation. Pour le recharger, il suffit de l\u2019exposer \u00e0 la lumi\u00e8re du soleil plusieurs heures.<br data-v-5b499ba3=\"\" \/><br data-v-5b499ba3=\"\" \/>Pierre gemme de l\u2019\u00e9l\u00e9ment terre, sa couleur rouge sang repr\u00e9sente l\u2019attraction et la s\u00e9duction.<br data-v-5b499ba3=\"\" \/>Le bracelet Attraction en Jaspe breschia active les chakras racine et sacr\u00e9, li\u00e9s \u00e0 l\u2019\u00e9nergie vitale, spirituelle, au plaisir de la vie et \u00e0 l\u2019intimit\u00e9.<br data-v-5b499ba3=\"\" \/>Le Jaspe breschia est li\u00e9 \u00e0 la circulation sanguine et aux organes sexuels.<br data-v-5b499ba3=\"\" \/>Cette pierre est attribu\u00e9e aux signes du zodiaque B\u00e9lier, Lion et Cancer.<br data-v-5b499ba3=\"\" \/><br data-v-5b499ba3=\"\" \/><br data-v-5b499ba3=\"\" \/>Pierre : Jaspe Breschia <br data-v-5b499ba3=\"\" \/>Couleur : rouge sang<br data-v-5b499ba3=\"\" \/>Duret\u00e9 : 7 <br data-v-5b499ba3=\"\" \/>Composition : dioxyde de silicium (SiO2)<br data-v-5b499ba3=\"\" \/>Diam\u00e8tre des pierres : 4 mm<br data-v-5b499ba3=\"\" \/>Longueur du bracelet : 17 cm<br data-v-5b499ba3=\"\" \/>Montage : sur \u00e9lastique<br data-v-5b499ba3=\"\" \/>Aucune pr\u00e9sence de m\u00e9tal afin de ne pas interf\u00e9rer avec les propri\u00e9t\u00e9s lithoth\u00e9rapeutiques des pierres.<br data-v-5b499ba3=\"\" \/>Nos pierres naturelles sont choisies avec soin selon notre charte qualit\u00e9 pour leur durabilit\u00e9 et leur beaut\u00e9.<\/p>\n<\/div>\n<div class=\"description\" data-v-5b499ba3=\"\"><strong data-v-5b499ba3=\"\">Dimensions<\/strong><\/p>\n<p class=\"description__description\" data-v-5b499ba3=\"\">17 cm<\/p>\n<\/div>\n<div class=\"description\" data-v-5b499ba3=\"\"><strong data-v-5b499ba3=\"\">Poids net<\/strong><\/p>\n<p class=\"description__description\" data-v-5b499ba3=\"\">12,38<\/p>\n<\/div>\n<div class=\"description\" data-v-5b499ba3=\"\"><strong data-v-5b499ba3=\"\">Composition<\/strong><\/p>\n<p class=\"description__description\" data-v-5b499ba3=\"\">Dioxyde de silicium (SiO2)<\/p>\n<\/div>\n<div class=\"description\" data-v-5b499ba3=\"\"><strong data-v-5b499ba3=\"\">Mat\u00e9riaux<\/strong><\/p>\n<p class=\"description__description\" data-v-5b499ba3=\"\">Jaspe Breschia<\/p>\n<\/div>\n<\/div>\n","protected":false},"excerpt":{"rendered":"<p>Description Notre bracelet Attraction en Jaspe breschia est sp\u00e9cialement fait pour ceux qui cherchent \u00e0 plaire et aiment provoquer la reconnaissance des autres. Si vous ressentez l&rsquo;envie de s\u00e9duire et d\u2019\u00eatre s\u00e9duit, le bracelet Attraction est id\u00e9al. Il vous permettra de plaire en \u00e9tant reconnus \u00e0 votre juste valeur et de gagner en confiance.Pour purifier&hellip;<\/p>\n","protected":false},"featured_media":19873,"template":"","meta":[],"product_brand":[],"product_cat":[22,24,49],"product_tag":[],"class_list":{"0":"post-19872","1":"product","2":"type-product","3":"status-publish","4":"has-post-thumbnail","6":"product_cat-destockage","7":"product_cat-bijoux","8":"product_cat-bracelets","9":"description-off","11":"first","12":"instock","13":"sale","14":"shipping-taxable","15":"purchasable","16":"product-type-simple"},"_links":{"self":[{"href":"https:\/\/www.sweetmaloryne.com\/boutique\/wp-json\/wp\/v2\/product\/19872","targetHints":{"allow":["GET"]}}],"collection":[{"href":"https:\/\/www.sweetmaloryne.com\/boutique\/wp-json\/wp\/v2\/product"}],"about":[{"href":"https:\/\/www.sweetmaloryne.com\/boutique\/wp-json\/wp\/v2\/types\/product"}],"wp:featuredmedia":[{"embeddable":true,"href":"https:\/\/www.sweetmaloryne.com\/boutique\/wp-json\/wp\/v2\/media\/19873"}],"wp:attachment":[{"href":"https:\/\/www.sweetmaloryne.com\/boutique\/wp-json\/wp\/v2\/media?parent=19872"}],"wp:term":[{"taxonomy":"product_brand","embeddable":true,"href":"https:\/\/www.sweetmaloryne.com\/boutique\/wp-json\/wp\/v2\/product_brand?post=19872"},{"taxonomy":"product_cat","embeddable":true,"href":"https:\/\/www.sweetmaloryne.com\/boutique\/wp-json\/wp\/v2\/product_cat?post=19872"},{"taxonomy":"product_tag","embeddable":true,"href":"https:\/\/www.sweetmaloryne.com\/boutique\/wp-json\/wp\/v2\/product_tag?post=19872"}],"curies":[{"name":"wp","href":"https:\/\/api.w.org\/{rel}","templated":true}]}}