{"id":19946,"date":"2022-10-31T13:17:21","date_gmt":"2022-10-31T12:17:21","guid":{"rendered":"https:\/\/www.sweetmaloryne.com\/boutique\/?post_type=product&#038;p=19946"},"modified":"2026-01-01T11:06:06","modified_gmt":"2026-01-01T10:06:06","slug":"fluffy-le-koala-gris-29cm","status":"publish","type":"product","link":"https:\/\/www.sweetmaloryne.com\/boutique\/produit\/fluffy-le-koala-gris-29cm\/","title":{"rendered":"Fluffy Le Koala Gris 29cm"},"content":{"rendered":"<div data-v-5b499ba3=\"\"><strong data-v-5b499ba3=\"\">Description<\/strong><\/p>\n<div data-v-5b499ba3=\"\">\n<p class=\"description__description\" data-v-5b499ba3=\"\">Les peluches ont de nombreux avantages : douceur, joliesse, yeux au regard profond et intense\u2026 Et des paillettes, bien s\u00fbr ! Les peluches sont \u00e9l\u00e9gantes et exquises, et ne laissent personne indiff\u00e9rent. C&rsquo;est ce dont vous avez besoin pour toute c\u00e9l\u00e9bration ou \u00e9v\u00e9nement! Voil\u00e0 \u00e0 quoi devrait ressembler le vrai cadeau ! Brillant, doux, grand !<br data-v-5b499ba3=\"\" \/><br data-v-5b499ba3=\"\" \/>Fait de peluche de haute qualit\u00e9. Tous les nouveaux mat\u00e9riaux. Garnissage polyester. Granul\u00e9s plastiques, aidant au d\u00e9veloppement de la motricit\u00e9.<br data-v-5b499ba3=\"\" \/><br data-v-5b499ba3=\"\" \/>Paquet: Poly-sac<\/p>\n<\/div>\n<div class=\"description\" data-v-5b499ba3=\"\"><strong data-v-5b499ba3=\"\">Dimensions<\/strong><\/p>\n<p class=\"description__description\" data-v-5b499ba3=\"\">13&#215;29<\/p>\n<\/div>\n<div class=\"description\" data-v-5b499ba3=\"\"><strong data-v-5b499ba3=\"\">Poids net<\/strong><\/p>\n<p class=\"description__description\" data-v-5b499ba3=\"\">220g<\/p>\n<\/div>\n<\/div>\n","protected":false},"excerpt":{"rendered":"<p>Description Les peluches ont de nombreux avantages : douceur, joliesse, yeux au regard profond et intense\u2026 Et des paillettes, bien s\u00fbr ! Les peluches sont \u00e9l\u00e9gantes et exquises, et ne laissent personne indiff\u00e9rent. C&rsquo;est ce dont vous avez besoin pour toute c\u00e9l\u00e9bration ou \u00e9v\u00e9nement! Voil\u00e0 \u00e0 quoi devrait ressembler le vrai cadeau ! Brillant, doux,&hellip;<\/p>\n","protected":false},"featured_media":19951,"template":"","meta":[],"product_brand":[],"product_cat":[22,41,68],"product_tag":[],"class_list":{"0":"post-19946","1":"product","2":"type-product","3":"status-publish","4":"has-post-thumbnail","6":"product_cat-destockage","7":"product_cat-kids","8":"product_cat-peluches","9":"description-off","11":"first","12":"instock","13":"sale","14":"shipping-taxable","15":"purchasable","16":"product-type-simple"},"_links":{"self":[{"href":"https:\/\/www.sweetmaloryne.com\/boutique\/wp-json\/wp\/v2\/product\/19946","targetHints":{"allow":["GET"]}}],"collection":[{"href":"https:\/\/www.sweetmaloryne.com\/boutique\/wp-json\/wp\/v2\/product"}],"about":[{"href":"https:\/\/www.sweetmaloryne.com\/boutique\/wp-json\/wp\/v2\/types\/product"}],"wp:featuredmedia":[{"embeddable":true,"href":"https:\/\/www.sweetmaloryne.com\/boutique\/wp-json\/wp\/v2\/media\/19951"}],"wp:attachment":[{"href":"https:\/\/www.sweetmaloryne.com\/boutique\/wp-json\/wp\/v2\/media?parent=19946"}],"wp:term":[{"taxonomy":"product_brand","embeddable":true,"href":"https:\/\/www.sweetmaloryne.com\/boutique\/wp-json\/wp\/v2\/product_brand?post=19946"},{"taxonomy":"product_cat","embeddable":true,"href":"https:\/\/www.sweetmaloryne.com\/boutique\/wp-json\/wp\/v2\/product_cat?post=19946"},{"taxonomy":"product_tag","embeddable":true,"href":"https:\/\/www.sweetmaloryne.com\/boutique\/wp-json\/wp\/v2\/product_tag?post=19946"}],"curies":[{"name":"wp","href":"https:\/\/api.w.org\/{rel}","templated":true}]}}