{"id":20255,"date":"2022-11-02T15:16:10","date_gmt":"2022-11-02T14:16:10","guid":{"rendered":"https:\/\/www.sweetmaloryne.com\/boutique\/?post_type=product&#038;p=20255"},"modified":"2023-01-12T14:56:49","modified_gmt":"2023-01-12T13:56:49","slug":"peluche-rhinoceros-manuffi-3d-13cm-avec-etamine","status":"publish","type":"product","link":"https:\/\/www.sweetmaloryne.com\/boutique\/produit\/peluche-rhinoceros-manuffi-3d-13cm-avec-etamine\/","title":{"rendered":"Peluche Rhinoc\u00e9ros Manuffi 3D 13cm avec \u00c9tamine"},"content":{"rendered":"<div data-v-5b499ba3=\"\"><strong data-v-5b499ba3=\"\">Description<\/strong><\/p>\n<div data-v-5b499ba3=\"\">\n<p class=\"description__description\" data-v-5b499ba3=\"\">Un doudou m\u00eame pour les plus petits. Le doux rhinoc\u00e9ros en peluche Manuffi a beaucoup \u00e0 offrir. Le corps doux et bleu clair, une corne brune, des appliqu\u00e9s \u00e9labor\u00e9s et de jolies petites oreilles \u00e0 saisir non seulement sont adorables, mais raviront petits et grands. Le point culminant est que le rhinoc\u00e9ros de 13 cm de haut porte dans sa bouche le bout d&rsquo;une gaze douce et absorbante, destin\u00e9e \u00e0 encourager le b\u00e9b\u00e9 \u00e0 saisir, t\u00e9ter et c\u00e2liner.<\/p>\n<\/div>\n<div class=\"description\" data-v-5b499ba3=\"\"><strong data-v-5b499ba3=\"\">Dimensions<\/strong><\/p>\n<p class=\"description__description\" data-v-5b499ba3=\"\">9cmx13cmx6cm<\/p>\n<\/div>\n<div class=\"description\" data-v-5b499ba3=\"\"><strong data-v-5b499ba3=\"\">Poids net<\/strong><\/p>\n<p class=\"description__description\" data-v-5b499ba3=\"\">43,0<\/p>\n<\/div>\n<\/div>\n","protected":false},"excerpt":{"rendered":"<p>Description Un doudou m\u00eame pour les plus petits. Le doux rhinoc\u00e9ros en peluche Manuffi a beaucoup \u00e0 offrir. Le corps doux et bleu clair, une corne brune, des appliqu\u00e9s \u00e9labor\u00e9s et de jolies petites oreilles \u00e0 saisir non seulement sont adorables, mais raviront petits et grands. Le point culminant est que le rhinoc\u00e9ros de 13&hellip;<\/p>\n","protected":false},"featured_media":20258,"template":"","meta":[],"product_brand":[],"product_cat":[41],"product_tag":[],"class_list":{"0":"post-20255","1":"product","2":"type-product","3":"status-publish","4":"has-post-thumbnail","6":"product_cat-kids","7":"description-off","9":"first","10":"instock","11":"shipping-taxable","12":"purchasable","13":"product-type-simple"},"_links":{"self":[{"href":"https:\/\/www.sweetmaloryne.com\/boutique\/wp-json\/wp\/v2\/product\/20255","targetHints":{"allow":["GET"]}}],"collection":[{"href":"https:\/\/www.sweetmaloryne.com\/boutique\/wp-json\/wp\/v2\/product"}],"about":[{"href":"https:\/\/www.sweetmaloryne.com\/boutique\/wp-json\/wp\/v2\/types\/product"}],"wp:featuredmedia":[{"embeddable":true,"href":"https:\/\/www.sweetmaloryne.com\/boutique\/wp-json\/wp\/v2\/media\/20258"}],"wp:attachment":[{"href":"https:\/\/www.sweetmaloryne.com\/boutique\/wp-json\/wp\/v2\/media?parent=20255"}],"wp:term":[{"taxonomy":"product_brand","embeddable":true,"href":"https:\/\/www.sweetmaloryne.com\/boutique\/wp-json\/wp\/v2\/product_brand?post=20255"},{"taxonomy":"product_cat","embeddable":true,"href":"https:\/\/www.sweetmaloryne.com\/boutique\/wp-json\/wp\/v2\/product_cat?post=20255"},{"taxonomy":"product_tag","embeddable":true,"href":"https:\/\/www.sweetmaloryne.com\/boutique\/wp-json\/wp\/v2\/product_tag?post=20255"}],"curies":[{"name":"wp","href":"https:\/\/api.w.org\/{rel}","templated":true}]}}