{"id":20259,"date":"2022-11-02T15:19:17","date_gmt":"2022-11-02T14:19:17","guid":{"rendered":"https:\/\/www.sweetmaloryne.com\/boutique\/?post_type=product&#038;p=20259"},"modified":"2024-03-09T11:09:54","modified_gmt":"2024-03-09T10:09:54","slug":"peluche-girafe-sasuma-3d-16cm-avec-etamine","status":"publish","type":"product","link":"https:\/\/www.sweetmaloryne.com\/boutique\/produit\/peluche-girafe-sasuma-3d-16cm-avec-etamine\/","title":{"rendered":"Peluche Girafe Sasuma 3D 16cm avec \u00c9tamine"},"content":{"rendered":"<div data-v-5b499ba3=\"\"><strong data-v-5b499ba3=\"\">Description<\/strong><\/p>\n<div data-v-5b499ba3=\"\">\n<p class=\"description__description\" data-v-5b499ba3=\"\">Un doudou m\u00eame pour les plus petits. La jolie girafe en peluche Sasuma a beaucoup \u00e0 offrir. La fourrure douce et marron clair, les parties du corps de couleur rose et violette et les applications de haute qualit\u00e9 ne sont pas seulement enchanteresses, mais ravissent aussi petits et grands. Le point fort est que la girafe de 16 cm de haut et debout porte dans sa bouche la pointe d&rsquo;un chiffon en mousseline douce et absorbante, destin\u00e9 \u00e0 encourager le b\u00e9b\u00e9 \u00e0 saisir, t\u00e9ter et c\u00e2liner.<\/p>\n<\/div>\n<div class=\"description\" data-v-5b499ba3=\"\"><strong data-v-5b499ba3=\"\">Dimensions<\/strong><\/p>\n<p class=\"description__description\" data-v-5b499ba3=\"\">16cmx13cmx5cm<\/p>\n<\/div>\n<div class=\"description\" data-v-5b499ba3=\"\"><strong data-v-5b499ba3=\"\">Poids net<\/strong><\/p>\n<p class=\"description__description\" data-v-5b499ba3=\"\">45,0<\/p>\n<\/div>\n<\/div>\n","protected":false},"excerpt":{"rendered":"<p>Description Un doudou m\u00eame pour les plus petits. La jolie girafe en peluche Sasuma a beaucoup \u00e0 offrir. La fourrure douce et marron clair, les parties du corps de couleur rose et violette et les applications de haute qualit\u00e9 ne sont pas seulement enchanteresses, mais ravissent aussi petits et grands. Le point fort est que&hellip;<\/p>\n","protected":false},"featured_media":20263,"template":"","meta":[],"product_brand":[],"product_cat":[41],"product_tag":[],"class_list":{"0":"post-20259","1":"product","2":"type-product","3":"status-publish","4":"has-post-thumbnail","6":"product_cat-kids","7":"description-off","9":"first","10":"instock","11":"shipping-taxable","12":"purchasable","13":"product-type-simple"},"_links":{"self":[{"href":"https:\/\/www.sweetmaloryne.com\/boutique\/wp-json\/wp\/v2\/product\/20259","targetHints":{"allow":["GET"]}}],"collection":[{"href":"https:\/\/www.sweetmaloryne.com\/boutique\/wp-json\/wp\/v2\/product"}],"about":[{"href":"https:\/\/www.sweetmaloryne.com\/boutique\/wp-json\/wp\/v2\/types\/product"}],"wp:featuredmedia":[{"embeddable":true,"href":"https:\/\/www.sweetmaloryne.com\/boutique\/wp-json\/wp\/v2\/media\/20263"}],"wp:attachment":[{"href":"https:\/\/www.sweetmaloryne.com\/boutique\/wp-json\/wp\/v2\/media?parent=20259"}],"wp:term":[{"taxonomy":"product_brand","embeddable":true,"href":"https:\/\/www.sweetmaloryne.com\/boutique\/wp-json\/wp\/v2\/product_brand?post=20259"},{"taxonomy":"product_cat","embeddable":true,"href":"https:\/\/www.sweetmaloryne.com\/boutique\/wp-json\/wp\/v2\/product_cat?post=20259"},{"taxonomy":"product_tag","embeddable":true,"href":"https:\/\/www.sweetmaloryne.com\/boutique\/wp-json\/wp\/v2\/product_tag?post=20259"}],"curies":[{"name":"wp","href":"https:\/\/api.w.org\/{rel}","templated":true}]}}