{"id":20269,"date":"2022-11-02T15:35:00","date_gmt":"2022-11-02T14:35:00","guid":{"rendered":"https:\/\/www.sweetmaloryne.com\/boutique\/?post_type=product&#038;p=20269"},"modified":"2023-11-10T17:09:25","modified_gmt":"2023-11-10T16:09:25","slug":"peluche-lapin-hopsali-3d-13cm-avec-etamine","status":"publish","type":"product","link":"https:\/\/www.sweetmaloryne.com\/boutique\/produit\/peluche-lapin-hopsali-3d-13cm-avec-etamine\/","title":{"rendered":"Peluche Lapin Hopsali 3D 13cm avec \u00c9tamine"},"content":{"rendered":"<div data-v-5b499ba3=\"\"><strong data-v-5b499ba3=\"\">Description<\/strong><\/p>\n<div data-v-5b499ba3=\"\">\n<p class=\"description__description\" data-v-5b499ba3=\"\">Un doudou m\u00eame pour les plus petits. Le doux lapin en peluche Hopsali a beaucoup \u00e0 offrir. La fourrure rose douce et d\u00e9licate, les longues oreilles tombantes avec des int\u00e9rieurs de couleurs diff\u00e9rentes, de grands yeux et un nez rose sont non seulement adorables, mais ravissent aussi petits et grands. Le point fort est que le lapin de 13 cm de haut porte sur ses mains la pointe d&rsquo;un chiffon en mousseline douce et absorbante, destin\u00e9 \u00e0 encourager le b\u00e9b\u00e9 \u00e0 saisir, t\u00e9ter et c\u00e2liner.<\/p>\n<\/div>\n<div class=\"description\" data-v-5b499ba3=\"\"><strong data-v-5b499ba3=\"\">Dimensions<\/strong><\/p>\n<p class=\"description__description\" data-v-5b499ba3=\"\">13cmx6cmx8cm<\/p>\n<\/div>\n<div class=\"description\" data-v-5b499ba3=\"\"><strong data-v-5b499ba3=\"\">Poids net<\/strong><\/p>\n<p class=\"description__description\" data-v-5b499ba3=\"\">41,0<\/p>\n<\/div>\n<\/div>\n","protected":false},"excerpt":{"rendered":"<p>Description Un doudou m\u00eame pour les plus petits. Le doux lapin en peluche Hopsali a beaucoup \u00e0 offrir. La fourrure rose douce et d\u00e9licate, les longues oreilles tombantes avec des int\u00e9rieurs de couleurs diff\u00e9rentes, de grands yeux et un nez rose sont non seulement adorables, mais ravissent aussi petits et grands. Le point fort est&hellip;<\/p>\n","protected":false},"featured_media":20273,"template":"","meta":[],"product_brand":[],"product_cat":[41],"product_tag":[],"class_list":{"0":"post-20269","1":"product","2":"type-product","3":"status-publish","4":"has-post-thumbnail","6":"product_cat-kids","7":"description-off","9":"first","10":"instock","11":"shipping-taxable","12":"purchasable","13":"product-type-simple"},"_links":{"self":[{"href":"https:\/\/www.sweetmaloryne.com\/boutique\/wp-json\/wp\/v2\/product\/20269","targetHints":{"allow":["GET"]}}],"collection":[{"href":"https:\/\/www.sweetmaloryne.com\/boutique\/wp-json\/wp\/v2\/product"}],"about":[{"href":"https:\/\/www.sweetmaloryne.com\/boutique\/wp-json\/wp\/v2\/types\/product"}],"wp:featuredmedia":[{"embeddable":true,"href":"https:\/\/www.sweetmaloryne.com\/boutique\/wp-json\/wp\/v2\/media\/20273"}],"wp:attachment":[{"href":"https:\/\/www.sweetmaloryne.com\/boutique\/wp-json\/wp\/v2\/media?parent=20269"}],"wp:term":[{"taxonomy":"product_brand","embeddable":true,"href":"https:\/\/www.sweetmaloryne.com\/boutique\/wp-json\/wp\/v2\/product_brand?post=20269"},{"taxonomy":"product_cat","embeddable":true,"href":"https:\/\/www.sweetmaloryne.com\/boutique\/wp-json\/wp\/v2\/product_cat?post=20269"},{"taxonomy":"product_tag","embeddable":true,"href":"https:\/\/www.sweetmaloryne.com\/boutique\/wp-json\/wp\/v2\/product_tag?post=20269"}],"curies":[{"name":"wp","href":"https:\/\/api.w.org\/{rel}","templated":true}]}}