{"id":20300,"date":"2022-11-02T15:53:44","date_gmt":"2022-11-02T14:53:44","guid":{"rendered":"https:\/\/www.sweetmaloryne.com\/boutique\/?post_type=product&#038;p=20300"},"modified":"2026-04-10T17:29:51","modified_gmt":"2026-04-10T15:29:51","slug":"activite-doudou-rhinoceros-2d-manuffi-20cm","status":"publish","type":"product","link":"https:\/\/www.sweetmaloryne.com\/boutique\/produit\/activite-doudou-rhinoceros-2d-manuffi-20cm\/","title":{"rendered":"Activit\u00e9 Doudou Rhinoc\u00e9ros 2D Manuffi 20cm"},"content":{"rendered":"<div data-v-5b499ba3=\"\"><strong data-v-5b499ba3=\"\">Description<\/strong><\/p>\n<div data-v-5b499ba3=\"\">\n<p class=\"description__description\" data-v-5b499ba3=\"\">L&rsquo;activit\u00e9 doudou rhinoc\u00e9ros Manuffi incite au jeu et \u00e0 la d\u00e9couverte. C\u00e2lins moelleux amusants et \u00e9veil des sens, c&rsquo;est le doudou d&rsquo;activit\u00e9 de la ligne Wombitombi. Comme d&rsquo;habitude, bien s\u00fbr, avec la plus haute qualit\u00e9 NICI.<\/p>\n<\/div>\n<div class=\"description\" data-v-5b499ba3=\"\"><strong data-v-5b499ba3=\"\">Dimensions<\/strong><\/p>\n<p class=\"description__description\" data-v-5b499ba3=\"\">16x4x20cm<\/p>\n<\/div>\n<div class=\"description\" data-v-5b499ba3=\"\"><strong data-v-5b499ba3=\"\">Poids net<\/strong><\/p>\n<p class=\"description__description\" data-v-5b499ba3=\"\">54,0<\/p>\n<\/div>\n<\/div>\n","protected":false},"excerpt":{"rendered":"<p>Description L&rsquo;activit\u00e9 doudou rhinoc\u00e9ros Manuffi incite au jeu et \u00e0 la d\u00e9couverte. C\u00e2lins moelleux amusants et \u00e9veil des sens, c&rsquo;est le doudou d&rsquo;activit\u00e9 de la ligne Wombitombi. Comme d&rsquo;habitude, bien s\u00fbr, avec la plus haute qualit\u00e9 NICI. Dimensions 16x4x20cm Poids net 54,0<\/p>\n","protected":false},"featured_media":20301,"template":"","meta":[],"product_brand":[],"product_cat":[41],"product_tag":[],"class_list":{"0":"post-20300","1":"product","2":"type-product","3":"status-publish","4":"has-post-thumbnail","6":"product_cat-kids","7":"description-off","9":"first","10":"instock","11":"shipping-taxable","12":"purchasable","13":"product-type-simple"},"_links":{"self":[{"href":"https:\/\/www.sweetmaloryne.com\/boutique\/wp-json\/wp\/v2\/product\/20300","targetHints":{"allow":["GET"]}}],"collection":[{"href":"https:\/\/www.sweetmaloryne.com\/boutique\/wp-json\/wp\/v2\/product"}],"about":[{"href":"https:\/\/www.sweetmaloryne.com\/boutique\/wp-json\/wp\/v2\/types\/product"}],"wp:featuredmedia":[{"embeddable":true,"href":"https:\/\/www.sweetmaloryne.com\/boutique\/wp-json\/wp\/v2\/media\/20301"}],"wp:attachment":[{"href":"https:\/\/www.sweetmaloryne.com\/boutique\/wp-json\/wp\/v2\/media?parent=20300"}],"wp:term":[{"taxonomy":"product_brand","embeddable":true,"href":"https:\/\/www.sweetmaloryne.com\/boutique\/wp-json\/wp\/v2\/product_brand?post=20300"},{"taxonomy":"product_cat","embeddable":true,"href":"https:\/\/www.sweetmaloryne.com\/boutique\/wp-json\/wp\/v2\/product_cat?post=20300"},{"taxonomy":"product_tag","embeddable":true,"href":"https:\/\/www.sweetmaloryne.com\/boutique\/wp-json\/wp\/v2\/product_tag?post=20300"}],"curies":[{"name":"wp","href":"https:\/\/api.w.org\/{rel}","templated":true}]}}