{"id":21237,"date":"2022-11-28T15:59:37","date_gmt":"2022-11-28T14:59:37","guid":{"rendered":"https:\/\/www.sweetmaloryne.com\/boutique\/?post_type=product&#038;p=21237"},"modified":"2026-01-01T11:06:06","modified_gmt":"2026-01-01T10:06:06","slug":"mirabo-jeu-video-pour-apprendre-langlais-en-realite-virtuelle-et-realite-augmentee","status":"publish","type":"product","link":"https:\/\/www.sweetmaloryne.com\/boutique\/produit\/mirabo-jeu-video-pour-apprendre-langlais-en-realite-virtuelle-et-realite-augmentee\/","title":{"rendered":"Mirabo, Jeu Vid\u00e9o pour Apprendre l&rsquo;Anglais en R\u00e9alit\u00e9 Virtuelle et R\u00e9alit\u00e9 Augment\u00e9e."},"content":{"rendered":"<div data-v-03ef7812=\"\">\n<div data-v-03ef7812=\"\">\n<p><strong data-v-03ef7812=\"\">Description<\/strong><\/p>\n<p class=\"description__description\" data-v-03ef7812=\"\">Mirabo est un jeu vid\u00e9o pour apprendre l&rsquo;anglais en r\u00e9alit\u00e9 virtuelle et r\u00e9alit\u00e9 augment\u00e9e. <br data-v-03ef7812=\"\" \/>Le jeu contient : <br data-v-03ef7812=\"\" \/>+ 300 animations fun et amusantes<br data-v-03ef7812=\"\" \/>+ 100 niveaux interactifs et ludiques<br data-v-03ef7812=\"\" \/>+ 200 mots \u00e0 apprendre <br data-v-03ef7812=\"\" \/>+ Adapt\u00e9 aux enfants ayant des supers pouvoirs (DYS et TDA)<br data-v-03ef7812=\"\" \/>+ 2 applications mobiles incluses<br data-v-03ef7812=\"\" \/><br data-v-03ef7812=\"\" \/>Diff\u00e9rents modes de jeu en fonction de l&rsquo;application : <br data-v-03ef7812=\"\" \/>Mode de jeu en r\u00e9alit\u00e9 virtuelle \u00ab\u00a0Mirabo Universe\u00a0\u00bb permet d&rsquo;immerger l&rsquo;enfant dans un monde virtuel pour un apprentissage sans effort !<br data-v-03ef7812=\"\" \/><br data-v-03ef7812=\"\" \/>Mode de jeu en r\u00e9alit\u00e9 augment\u00e9e \u00ab\u00a0Mirabo AR\u00a0\u00bb permet de jouer, r\u00e9viser les mots en anglais en famille et stimule l&rsquo;enfant gr\u00e2ce \u00e0 la magie de la r\u00e9alit\u00e9 augment\u00e9e !<br data-v-03ef7812=\"\" \/><br data-v-03ef7812=\"\" \/>A travers nos th\u00e8mes et nos mini-jeux les enfants apprendront \u00e0 conna\u00eetre les activit\u00e9s d&rsquo;un \u00e9quipage pirate, la vie quotidienne de la famille royale, les \u00e9motions et la nature avec les animaux !<br data-v-03ef7812=\"\" \/><br data-v-03ef7812=\"\" \/>Contenu de la bo\u00eete: un casque VR, un livre et un chevalet (le produit est utilisable avec smartphone &amp; tablette). Compatible Ios et Android.<br data-v-03ef7812=\"\" \/><br data-v-03ef7812=\"\" \/>Pour plus d&rsquo;informations, consultez notre site internet : mirabolabs.com<br data-v-03ef7812=\"\" \/>Vid\u00e9o pub et tutoriel sur notre chaine Youtube : Mirabolabs<\/p>\n<\/div>\n<div class=\"description\" data-v-03ef7812=\"\">\n<p><strong data-v-03ef7812=\"\">Dimensions<\/strong><\/p>\n<p class=\"description__description\" data-v-03ef7812=\"\">\u200e32.5 x 11 x 24.5 cm<\/p>\n<\/div>\n<div class=\"description\" data-v-03ef7812=\"\">\n<p><strong data-v-03ef7812=\"\">Poids net<\/strong><\/p>\n<p class=\"description__description\" data-v-03ef7812=\"\">820g<\/p>\n<\/div>\n<\/div>\n","protected":false},"excerpt":{"rendered":"<p>Description Mirabo est un jeu vid\u00e9o pour apprendre l&rsquo;anglais en r\u00e9alit\u00e9 virtuelle et r\u00e9alit\u00e9 augment\u00e9e. Le jeu contient : + 300 animations fun et amusantes+ 100 niveaux interactifs et ludiques+ 200 mots \u00e0 apprendre + Adapt\u00e9 aux enfants ayant des supers pouvoirs (DYS et TDA)+ 2 applications mobiles inclusesDiff\u00e9rents modes de jeu en fonction de&hellip;<\/p>\n","protected":false},"featured_media":21242,"template":"","meta":[],"product_brand":[],"product_cat":[22,41],"product_tag":[],"class_list":{"0":"post-21237","1":"product","2":"type-product","3":"status-publish","4":"has-post-thumbnail","6":"product_cat-destockage","7":"product_cat-kids","8":"description-off","10":"first","11":"instock","12":"sale","13":"shipping-taxable","14":"purchasable","15":"product-type-simple"},"_links":{"self":[{"href":"https:\/\/www.sweetmaloryne.com\/boutique\/wp-json\/wp\/v2\/product\/21237","targetHints":{"allow":["GET"]}}],"collection":[{"href":"https:\/\/www.sweetmaloryne.com\/boutique\/wp-json\/wp\/v2\/product"}],"about":[{"href":"https:\/\/www.sweetmaloryne.com\/boutique\/wp-json\/wp\/v2\/types\/product"}],"wp:featuredmedia":[{"embeddable":true,"href":"https:\/\/www.sweetmaloryne.com\/boutique\/wp-json\/wp\/v2\/media\/21242"}],"wp:attachment":[{"href":"https:\/\/www.sweetmaloryne.com\/boutique\/wp-json\/wp\/v2\/media?parent=21237"}],"wp:term":[{"taxonomy":"product_brand","embeddable":true,"href":"https:\/\/www.sweetmaloryne.com\/boutique\/wp-json\/wp\/v2\/product_brand?post=21237"},{"taxonomy":"product_cat","embeddable":true,"href":"https:\/\/www.sweetmaloryne.com\/boutique\/wp-json\/wp\/v2\/product_cat?post=21237"},{"taxonomy":"product_tag","embeddable":true,"href":"https:\/\/www.sweetmaloryne.com\/boutique\/wp-json\/wp\/v2\/product_tag?post=21237"}],"curies":[{"name":"wp","href":"https:\/\/api.w.org\/{rel}","templated":true}]}}