{"id":21357,"date":"2026-01-26T16:25:37","date_gmt":"2026-01-26T15:25:37","guid":{"rendered":"https:\/\/www.sweetmaloryne.com\/boutique\/?post_type=product&#038;p=21357"},"modified":"2026-01-26T16:25:38","modified_gmt":"2026-01-26T15:25:38","slug":"chouette-blanc-gris-8x10x15cm-3-modeles","status":"publish","type":"product","link":"https:\/\/www.sweetmaloryne.com\/boutique\/produit\/chouette-blanc-gris-8x10x15cm-3-modeles\/","title":{"rendered":"Chouette Blanc \/Gris 8x10x15cm &#8211; 3 Mod\u00e8les"},"content":{"rendered":"<p>Dans un esprit tr\u00e8s \u00ab\u00a0nature cocoon\u00a0\u00bb, cette tr\u00e8s belle chouette trouvera id\u00e9alement sa place dans votre int\u00e9rieur.<\/p>\n<p>Vous appr\u00e9cierez la qualit\u00e9 de ses finitions : le bec, l&rsquo;\u0153il, les serres, les plumes et le corps en peluche.<\/p>\n<p>Ce sera la gardienne de votre maison et elle est vraiment irr\u00e9sistible !<\/p>\n<p>Et durant les f\u00eates de No\u00ebl, vous pourrez aussi la d\u00e9tourner de son usage, en la pla\u00e7ant dans un sapin.<\/p>\n<p>3 mod\u00e8les<\/p>\n","protected":false},"excerpt":{"rendered":"<p>Dans un esprit tr\u00e8s \u00ab\u00a0nature cocoon\u00a0\u00bb, cette tr\u00e8s belle chouette trouvera id\u00e9alement sa place dans votre int\u00e9rieur. Vous appr\u00e9cierez la qualit\u00e9 de ses finitions : le bec, l&rsquo;\u0153il, les serres, les plumes et le corps en peluche. Ce sera la gardienne de votre maison et elle est vraiment irr\u00e9sistible ! Et durant les f\u00eates de&hellip;<\/p>\n","protected":false},"featured_media":21360,"template":"","meta":[],"product_brand":[],"product_cat":[22,47],"product_tag":[],"class_list":{"0":"post-21357","1":"product","2":"type-product","3":"status-publish","4":"has-post-thumbnail","6":"product_cat-destockage","7":"product_cat-figurines","8":"description-off","10":"first","11":"instock","12":"sale","13":"shipping-taxable","14":"purchasable","15":"product-type-simple"},"_links":{"self":[{"href":"https:\/\/www.sweetmaloryne.com\/boutique\/wp-json\/wp\/v2\/product\/21357","targetHints":{"allow":["GET"]}}],"collection":[{"href":"https:\/\/www.sweetmaloryne.com\/boutique\/wp-json\/wp\/v2\/product"}],"about":[{"href":"https:\/\/www.sweetmaloryne.com\/boutique\/wp-json\/wp\/v2\/types\/product"}],"wp:featuredmedia":[{"embeddable":true,"href":"https:\/\/www.sweetmaloryne.com\/boutique\/wp-json\/wp\/v2\/media\/21360"}],"wp:attachment":[{"href":"https:\/\/www.sweetmaloryne.com\/boutique\/wp-json\/wp\/v2\/media?parent=21357"}],"wp:term":[{"taxonomy":"product_brand","embeddable":true,"href":"https:\/\/www.sweetmaloryne.com\/boutique\/wp-json\/wp\/v2\/product_brand?post=21357"},{"taxonomy":"product_cat","embeddable":true,"href":"https:\/\/www.sweetmaloryne.com\/boutique\/wp-json\/wp\/v2\/product_cat?post=21357"},{"taxonomy":"product_tag","embeddable":true,"href":"https:\/\/www.sweetmaloryne.com\/boutique\/wp-json\/wp\/v2\/product_tag?post=21357"}],"curies":[{"name":"wp","href":"https:\/\/api.w.org\/{rel}","templated":true}]}}