{"id":21642,"date":"2022-12-06T10:26:16","date_gmt":"2022-12-06T09:26:16","guid":{"rendered":"https:\/\/www.sweetmaloryne.com\/boutique\/?post_type=product&#038;p=21642"},"modified":"2026-03-28T14:21:05","modified_gmt":"2026-03-28T13:21:05","slug":"magnet-decapsuleur-made-by-les-cornichons-56mm","status":"publish","type":"product","link":"https:\/\/www.sweetmaloryne.com\/boutique\/produit\/magnet-decapsuleur-made-by-les-cornichons-56mm\/","title":{"rendered":"Magnet D\u00e9capsuleur made by \u00ab\u00a0Les Cornichons\u00a0\u00bb 56mm"},"content":{"rendered":"<ul class=\"ak-tags ds-m-0\" data-v-7fd88430=\"\">\n<li class=\"ak-tag\" data-v-7fd88430=\"\">Fait main<\/li>\n<li class=\"ak-tag\" data-v-7fd88430=\"\">Objectif Z\u00e9ro d\u00e9chet<\/li>\n<li class=\"ak-tag\" data-v-7fd88430=\"\">Made in France<\/li>\n<\/ul>\n<div data-v-2556c0ea=\"\" data-v-7fd88430=\"\">\n<p class=\"ds-font-basic ds-font-normal ds-text-base line-clamped ds-text-neutral-900\" data-v-eab70dca=\"\" data-v-2556c0ea=\"\">Magnet d\u00e9capsuleur<br data-v-2556c0ea=\"\" data-v-eab70dca=\"\" \/>Petit plus, le magnet fait aussi d\u00e9capsuleur !<br data-v-2556c0ea=\"\" data-v-eab70dca=\"\" \/>Fabrication 100% Fran\u00e7aise.<br data-v-2556c0ea=\"\" data-v-eab70dca=\"\" \/><br data-v-2556c0ea=\"\" data-v-eab70dca=\"\" \/>Magnet en finition mat avec un touch\u00e9 soft touch<\/p>\n<\/div>\n<div class=\"description\" data-v-7fd88430=\"\">\n<h4 class=\"ak-heading--4 ds-text-primary\" data-v-cca255d6=\"\" data-v-7fd88430=\"\">Dimensions<\/h4>\n<div data-v-2556c0ea=\"\" data-v-7fd88430=\"\">\n<p class=\"ds-font-basic ds-font-normal ds-text-base line-clamped ds-text-neutral-900\" data-v-eab70dca=\"\" data-v-2556c0ea=\"\">56mm<\/p>\n<\/div>\n<\/div>\n","protected":false},"excerpt":{"rendered":"<p>Fait main Objectif Z\u00e9ro d\u00e9chet Made in France Magnet d\u00e9capsuleurPetit plus, le magnet fait aussi d\u00e9capsuleur !Fabrication 100% Fran\u00e7aise.Magnet en finition mat avec un touch\u00e9 soft touch Dimensions 56mm<\/p>\n","protected":false},"featured_media":21643,"template":"","meta":[],"product_brand":[],"product_cat":[29,41,20,23],"product_tag":[],"class_list":{"0":"post-21642","1":"product","2":"type-product","3":"status-publish","4":"has-post-thumbnail","6":"product_cat-cuisine","7":"product_cat-kids","8":"product_cat-lifestyle","9":"product_cat-objets-deco","10":"description-off","12":"first","13":"outofstock","14":"shipping-taxable","15":"purchasable","16":"product-type-simple"},"_links":{"self":[{"href":"https:\/\/www.sweetmaloryne.com\/boutique\/wp-json\/wp\/v2\/product\/21642","targetHints":{"allow":["GET"]}}],"collection":[{"href":"https:\/\/www.sweetmaloryne.com\/boutique\/wp-json\/wp\/v2\/product"}],"about":[{"href":"https:\/\/www.sweetmaloryne.com\/boutique\/wp-json\/wp\/v2\/types\/product"}],"wp:featuredmedia":[{"embeddable":true,"href":"https:\/\/www.sweetmaloryne.com\/boutique\/wp-json\/wp\/v2\/media\/21643"}],"wp:attachment":[{"href":"https:\/\/www.sweetmaloryne.com\/boutique\/wp-json\/wp\/v2\/media?parent=21642"}],"wp:term":[{"taxonomy":"product_brand","embeddable":true,"href":"https:\/\/www.sweetmaloryne.com\/boutique\/wp-json\/wp\/v2\/product_brand?post=21642"},{"taxonomy":"product_cat","embeddable":true,"href":"https:\/\/www.sweetmaloryne.com\/boutique\/wp-json\/wp\/v2\/product_cat?post=21642"},{"taxonomy":"product_tag","embeddable":true,"href":"https:\/\/www.sweetmaloryne.com\/boutique\/wp-json\/wp\/v2\/product_tag?post=21642"}],"curies":[{"name":"wp","href":"https:\/\/api.w.org\/{rel}","templated":true}]}}