{"id":25070,"date":"2023-03-22T13:59:44","date_gmt":"2023-03-22T12:59:44","guid":{"rendered":"https:\/\/www.sweetmaloryne.com\/boutique\/?post_type=product&#038;p=25070"},"modified":"2026-02-17T18:48:54","modified_gmt":"2026-02-17T17:48:54","slug":"boite-4-decors-fondants-fleur-fleur-de-the-mathilde-m","status":"publish","type":"product","link":"https:\/\/www.sweetmaloryne.com\/boutique\/produit\/boite-4-decors-fondants-fleur-fleur-de-the-mathilde-m\/","title":{"rendered":"Boite 4 d\u00e9cors fondants Fleur &#8211; Fleur de Th\u00e9 &#8211; MATHILDE M"},"content":{"rendered":"<div id=\"description\" class=\"tab-pane fade show active\" role=\"tabpanel\" aria-labelledby=\"description-tab\">\n<div id=\"product-description\" class=\"rte\">\n<p>D\u00e9couvrez un moyen incomparable de parfumer rapidement et efficacement votre int\u00e9rieur avec Fleur de Th\u00e9, une senteur pleine de fra\u00eecheur imagin\u00e9e comme un cocon r\u00e9confortant o\u00f9 le Th\u00e9 blanc, la bergamote et la vanille s&rsquo;associent \u00e0 la douceur de la rose. D\u00e9posez un ou plusieurs d\u00e9cors fondants en cire parfum\u00e9e dans votre br\u00fble-parfum. En fondant, la cire diffuse rapidement une senteur intense gr\u00e2ce \u00e0 sa formulation tr\u00e8s concentr\u00e9e. Chaque d\u00e9cor fondant vous offre jusqu&rsquo;\u00e0 4 heures de diffusion. Lorsque le d\u00e9cor ne diffuse plus de parfum, il suffit de le changer.<\/p>\n<p>Vous pouvez m\u00e9langer les d\u00e9cors fondants entre eux pour cr\u00e9er un parfum qui vous ressemble.<\/p>\n<p><strong>Nos conseils d&rsquo;utilisation<\/strong><\/p>\n<p>Afin d&rsquo;obtenir une qualit\u00e9 de parfum optimale, nous vous pr\u00e9conisons d&rsquo;utiliser les d\u00e9cors fondants en cire parfum\u00e9e Mathilde M. dans les br\u00fble-parfums Mathilde M.<\/p>\n<p><strong>Pr\u00e9cautions d&#8217;emploi<\/strong><\/p>\n<p>Tenir \u00e0 l&rsquo;\u00e9cart de toute source de chaleur (temp\u00e9rature ambiance 35\u00b0C. maximum).<\/p>\n<p>Tenir hors de port\u00e9e des enfants.<\/p>\n<\/div>\n<\/div>\n","protected":false},"excerpt":{"rendered":"<p>D\u00e9couvrez un moyen incomparable de parfumer rapidement et efficacement votre int\u00e9rieur avec Fleur de Th\u00e9, une senteur pleine de fra\u00eecheur<\/p>\n","protected":false},"featured_media":25072,"template":"","meta":[],"product_brand":[],"product_cat":[22,826,20,825],"product_tag":[],"class_list":{"0":"post-25070","1":"product","2":"type-product","3":"status-publish","4":"has-post-thumbnail","6":"product_cat-destockage","7":"product_cat-fondants-parfumes","8":"product_cat-lifestyle","9":"product_cat-parfum-dinterieur","10":"description-off","12":"first","13":"instock","14":"sale","15":"shipping-taxable","16":"purchasable","17":"product-type-simple"},"_links":{"self":[{"href":"https:\/\/www.sweetmaloryne.com\/boutique\/wp-json\/wp\/v2\/product\/25070","targetHints":{"allow":["GET"]}}],"collection":[{"href":"https:\/\/www.sweetmaloryne.com\/boutique\/wp-json\/wp\/v2\/product"}],"about":[{"href":"https:\/\/www.sweetmaloryne.com\/boutique\/wp-json\/wp\/v2\/types\/product"}],"wp:featuredmedia":[{"embeddable":true,"href":"https:\/\/www.sweetmaloryne.com\/boutique\/wp-json\/wp\/v2\/media\/25072"}],"wp:attachment":[{"href":"https:\/\/www.sweetmaloryne.com\/boutique\/wp-json\/wp\/v2\/media?parent=25070"}],"wp:term":[{"taxonomy":"product_brand","embeddable":true,"href":"https:\/\/www.sweetmaloryne.com\/boutique\/wp-json\/wp\/v2\/product_brand?post=25070"},{"taxonomy":"product_cat","embeddable":true,"href":"https:\/\/www.sweetmaloryne.com\/boutique\/wp-json\/wp\/v2\/product_cat?post=25070"},{"taxonomy":"product_tag","embeddable":true,"href":"https:\/\/www.sweetmaloryne.com\/boutique\/wp-json\/wp\/v2\/product_tag?post=25070"}],"curies":[{"name":"wp","href":"https:\/\/api.w.org\/{rel}","templated":true}]}}