{"id":25251,"date":"2023-03-23T11:30:36","date_gmt":"2023-03-23T10:30:36","guid":{"rendered":"https:\/\/www.sweetmaloryne.com\/boutique\/?post_type=product&#038;p=25251"},"modified":"2026-01-06T14:51:17","modified_gmt":"2026-01-06T13:51:17","slug":"mini-toudoux-chat-petit-carrousel-mathilde-m","status":"publish","type":"product","link":"https:\/\/www.sweetmaloryne.com\/boutique\/produit\/mini-toudoux-chat-petit-carrousel-mathilde-m\/","title":{"rendered":"Mini toudoux Chat Petit Carrousel &#8211; MATHILDE M"},"content":{"rendered":"<div id=\"description\" class=\"tab-pane fade show active\" role=\"tabpanel\" aria-labelledby=\"description-tab\">\n<div id=\"product-description\" class=\"rte\">\n<p>D\u00e9couvrez l&rsquo;adorable peluche Mini Toudoux Chat de la collection Petit carrousel, un compagnon tout doux qui accompagnera b\u00e9b\u00e9 d\u00e8s ses premiers jours. Il sera parfait comme doudou ou pour apporter une touche de po\u00e9sie \u00e0 la chambre de votre tout-petit.<\/p>\n<p>&nbsp;<\/p>\n<p><strong>Informations compl\u00e9mentaires<\/strong><\/p>\n<p>Composition : polyester<\/p>\n<p>Dimensions : 9 x 15 cm<\/p>\n<p>Lavable machine : oui 30\u00b0<\/p>\n<\/div>\n<\/div>\n","protected":false},"excerpt":{"rendered":"<p>D\u00e9couvrez l&rsquo;adorable peluche Mini Toudoux Chat de la collection Petit carrousel, un compagnon tout doux qui accompagnera b\u00e9b\u00e9 d\u00e8s ses premiers jours. Il sera parfait comme doudou ou pour apporter une touche de po\u00e9sie \u00e0 la chambre de votre tout-petit. &nbsp; Informations compl\u00e9mentaires Composition : polyester Dimensions : 9 x 15 cm Lavable machine :&hellip;<\/p>\n","protected":false},"featured_media":25252,"template":"","meta":[],"product_brand":[],"product_cat":[22,41,68],"product_tag":[],"class_list":{"0":"post-25251","1":"product","2":"type-product","3":"status-publish","4":"has-post-thumbnail","6":"product_cat-destockage","7":"product_cat-kids","8":"product_cat-peluches","9":"description-off","11":"first","12":"instock","13":"sale","14":"shipping-taxable","15":"purchasable","16":"product-type-simple"},"_links":{"self":[{"href":"https:\/\/www.sweetmaloryne.com\/boutique\/wp-json\/wp\/v2\/product\/25251","targetHints":{"allow":["GET"]}}],"collection":[{"href":"https:\/\/www.sweetmaloryne.com\/boutique\/wp-json\/wp\/v2\/product"}],"about":[{"href":"https:\/\/www.sweetmaloryne.com\/boutique\/wp-json\/wp\/v2\/types\/product"}],"wp:featuredmedia":[{"embeddable":true,"href":"https:\/\/www.sweetmaloryne.com\/boutique\/wp-json\/wp\/v2\/media\/25252"}],"wp:attachment":[{"href":"https:\/\/www.sweetmaloryne.com\/boutique\/wp-json\/wp\/v2\/media?parent=25251"}],"wp:term":[{"taxonomy":"product_brand","embeddable":true,"href":"https:\/\/www.sweetmaloryne.com\/boutique\/wp-json\/wp\/v2\/product_brand?post=25251"},{"taxonomy":"product_cat","embeddable":true,"href":"https:\/\/www.sweetmaloryne.com\/boutique\/wp-json\/wp\/v2\/product_cat?post=25251"},{"taxonomy":"product_tag","embeddable":true,"href":"https:\/\/www.sweetmaloryne.com\/boutique\/wp-json\/wp\/v2\/product_tag?post=25251"}],"curies":[{"name":"wp","href":"https:\/\/api.w.org\/{rel}","templated":true}]}}