{"id":25266,"date":"2023-03-23T14:06:27","date_gmt":"2023-03-23T13:06:27","guid":{"rendered":"https:\/\/www.sweetmaloryne.com\/boutique\/?post_type=product&#038;p=25266"},"modified":"2023-11-24T15:51:16","modified_gmt":"2023-11-24T14:51:16","slug":"presentoir-pic-pour-decors-parfumes-mathilde-m","status":"publish","type":"product","link":"https:\/\/www.sweetmaloryne.com\/boutique\/produit\/presentoir-pic-pour-decors-parfumes-mathilde-m\/","title":{"rendered":"Pr\u00e9sentoir pic pour d\u00e9cors parfum\u00e9s &#8211; MATHILDE M"},"content":{"rendered":"<div id=\"description\" class=\"tab-pane fade show active\" role=\"tabpanel\" aria-labelledby=\"description-tab\">\n<div id=\"product-description\" class=\"rte\">\n<p>Pr\u00e9sentez vos d\u00e9cors en pl\u00e2tre parfum\u00e9 avec \u00e9l\u00e9gance et raffinement gr\u00e2ce \u00e0 ce joli pr\u00e9sentoir gris petit mod\u00e8le.<\/p>\n<p>&nbsp;<\/p>\n<p><strong>Informations compl\u00e9mentaires<\/strong><\/p>\n<p>Composition : m\u00e9tal<\/p>\n<p>Dimensions : 8 x 28 cm<\/p>\n<\/div>\n<\/div>\n","protected":false},"excerpt":{"rendered":"<p>Pr\u00e9sentez vos d\u00e9cors en pl\u00e2tre parfum\u00e9 avec \u00e9l\u00e9gance et raffinement gr\u00e2ce \u00e0 ce joli pr\u00e9sentoir gris petit mod\u00e8le. &nbsp; Informations compl\u00e9mentaires Composition : m\u00e9tal Dimensions : 8 x 28 cm<\/p>\n","protected":false},"featured_media":25267,"template":"","meta":[],"product_brand":[],"product_cat":[23,36],"product_tag":[],"class_list":{"0":"post-25266","1":"product","2":"type-product","3":"status-publish","4":"has-post-thumbnail","6":"product_cat-objets-deco","7":"product_cat-rangements","8":"description-off","10":"first","11":"instock","12":"shipping-taxable","13":"purchasable","14":"product-type-simple"},"_links":{"self":[{"href":"https:\/\/www.sweetmaloryne.com\/boutique\/wp-json\/wp\/v2\/product\/25266","targetHints":{"allow":["GET"]}}],"collection":[{"href":"https:\/\/www.sweetmaloryne.com\/boutique\/wp-json\/wp\/v2\/product"}],"about":[{"href":"https:\/\/www.sweetmaloryne.com\/boutique\/wp-json\/wp\/v2\/types\/product"}],"wp:featuredmedia":[{"embeddable":true,"href":"https:\/\/www.sweetmaloryne.com\/boutique\/wp-json\/wp\/v2\/media\/25267"}],"wp:attachment":[{"href":"https:\/\/www.sweetmaloryne.com\/boutique\/wp-json\/wp\/v2\/media?parent=25266"}],"wp:term":[{"taxonomy":"product_brand","embeddable":true,"href":"https:\/\/www.sweetmaloryne.com\/boutique\/wp-json\/wp\/v2\/product_brand?post=25266"},{"taxonomy":"product_cat","embeddable":true,"href":"https:\/\/www.sweetmaloryne.com\/boutique\/wp-json\/wp\/v2\/product_cat?post=25266"},{"taxonomy":"product_tag","embeddable":true,"href":"https:\/\/www.sweetmaloryne.com\/boutique\/wp-json\/wp\/v2\/product_tag?post=25266"}],"curies":[{"name":"wp","href":"https:\/\/api.w.org\/{rel}","templated":true}]}}