{"id":25902,"date":"2023-05-02T10:06:40","date_gmt":"2023-05-02T08:06:40","guid":{"rendered":"https:\/\/www.sweetmaloryne.com\/boutique\/?post_type=product&#038;p=25902"},"modified":"2026-01-01T11:05:32","modified_gmt":"2026-01-01T10:05:32","slug":"pochette-cadeau-merci-cadeau-ami-cadeau-famille-cadeau-collegue","status":"publish","type":"product","link":"https:\/\/www.sweetmaloryne.com\/boutique\/produit\/pochette-cadeau-merci-cadeau-ami-cadeau-famille-cadeau-collegue\/","title":{"rendered":"Pochette Cadeau Merci \u00ab\u00a0Jolis Baumes\u00a0\u00bb"},"content":{"rendered":"","protected":false},"excerpt":{"rendered":"<p>Pochette toute pr\u00eate, contenant une s\u00e9lection d\u00e9licate de produits Jolis Baumes, \u00e0 offrir pour dire merci.<br \/>\nLe pochon est en coton fin et d\u00e9licat, il servira \u00e0 ranger tr\u00e9sors et secrets.<\/p>\n<p>1. Mini savon chouchou<br \/>\nFabriqu\u00e9 \u00e0 la main en France, dans l&rsquo;atelier d\u2019Auvergne, par saponification \u00e0 froid.<br \/>\nCe savon tr\u00e8s doux, sans huile essentielles et riche en karit\u00e9, convient \u00e0 toutes les peaux.<br \/>\nMinimaliste et malin, il est aussi \u00e0 usage de shampoing.<\/p>\n<p>2. Bracelet Abondance en H\u00e9matite<br \/>\nCertains cristaux ont le pouvoir d\u2019attirer la richesse et la prosp\u00e9rit\u00e9, la lithoth\u00e9rapie les qualifie de \u00ab pierres d\u2019abondance \u00bb. L\u2019H\u00e9matite est une pierre d\u2019abondance qui a la particularit\u00e9 d\u2019ouvrir les esprits, de renforcer la confiance et de d\u00e9velopper le courage ; elle aide \u00e0 se saisir de toute bonne opportunit\u00e9 pour augmenter ses gains. Le bracelet Abondance vous impr\u00e8gne de son \u00e9nergie pour vous permettre d\u2019augmenter votre confiance et votre courage devant la prise de risque ; il vous donne l\u2019assurance n\u00e9cessaire pour la r\u00e9alisation de votre projet et vous rend compl\u00e8tement convaincu de son bien- fond\u00e9.<br \/>\nSur le plan physique, la lithoth\u00e9rapie attribue \u00e0 l\u2019H\u00e9matite des bienfaits dans la r\u00e9gulation et la purification ; par ailleurs, elle pr\u00e9viendrait l\u2019an\u00e9mie et favoriserait le drainage lymphatique. Elle att\u00e9nuerait \u00e9galement les douleurs situ\u00e9es dans le ventre, spasmophilie, r\u00e8gles douloureuses, etc.<\/p>\n<p>3. Mini kit d&rsquo;encens \u00e0 bruler, dans un petit sac en coton fin.<br \/>\nUn charbon \u00e0 bruler, sur lequel disposer quelques p\u00e9pites pr\u00e9cieuses d\u2019encens en r\u00e9sine, pour vous envelopper des senteurs d\u00e9licates de l\u2019Oliban.<br \/>\nL\u2019Oliban est une petit arbre qui aime le soleil et ne craint pas la s\u00e9cheresse. Il est r\u00e9put\u00e9 limiter la fatigue, le stress et aider \u00e0 r\u00e9guler les \u00e9motions<\/p>\n","protected":false},"featured_media":25903,"template":"","meta":[],"product_brand":[],"product_cat":[22,24,49,20],"product_tag":[],"class_list":{"0":"post-25902","1":"product","2":"type-product","3":"status-publish","4":"has-post-thumbnail","6":"product_cat-destockage","7":"product_cat-bijoux","8":"product_cat-bracelets","9":"product_cat-lifestyle","10":"description-off","12":"first","13":"instock","14":"sale","15":"shipping-taxable","16":"purchasable","17":"product-type-simple"},"_links":{"self":[{"href":"https:\/\/www.sweetmaloryne.com\/boutique\/wp-json\/wp\/v2\/product\/25902","targetHints":{"allow":["GET"]}}],"collection":[{"href":"https:\/\/www.sweetmaloryne.com\/boutique\/wp-json\/wp\/v2\/product"}],"about":[{"href":"https:\/\/www.sweetmaloryne.com\/boutique\/wp-json\/wp\/v2\/types\/product"}],"wp:featuredmedia":[{"embeddable":true,"href":"https:\/\/www.sweetmaloryne.com\/boutique\/wp-json\/wp\/v2\/media\/25903"}],"wp:attachment":[{"href":"https:\/\/www.sweetmaloryne.com\/boutique\/wp-json\/wp\/v2\/media?parent=25902"}],"wp:term":[{"taxonomy":"product_brand","embeddable":true,"href":"https:\/\/www.sweetmaloryne.com\/boutique\/wp-json\/wp\/v2\/product_brand?post=25902"},{"taxonomy":"product_cat","embeddable":true,"href":"https:\/\/www.sweetmaloryne.com\/boutique\/wp-json\/wp\/v2\/product_cat?post=25902"},{"taxonomy":"product_tag","embeddable":true,"href":"https:\/\/www.sweetmaloryne.com\/boutique\/wp-json\/wp\/v2\/product_tag?post=25902"}],"curies":[{"name":"wp","href":"https:\/\/api.w.org\/{rel}","templated":true}]}}