{"id":25907,"date":"2024-05-30T09:50:04","date_gmt":"2024-05-30T07:50:04","guid":{"rendered":"https:\/\/www.sweetmaloryne.com\/boutique\/?post_type=product&#038;p=25907"},"modified":"2026-01-01T11:05:29","modified_gmt":"2026-01-01T10:05:29","slug":"pochette-cadeau-homme-jolis-baumes","status":"publish","type":"product","link":"https:\/\/www.sweetmaloryne.com\/boutique\/produit\/pochette-cadeau-homme-jolis-baumes\/","title":{"rendered":"Pochette Cadeau Homme \u00ab\u00a0Jolis Baumes\u00a0\u00bb"},"content":{"rendered":"<p>Mais que lui offrir ?<\/p>\n<p>Il est souvent d\u00e9licat de choisir un cadeau pour les hommes. Offrez cette pochette toute pr\u00eate, contenant une s\u00e9lection fraiche et bien cibl\u00e9e de produits Jolis Baumes.<br \/>\nLe pochon est en coton fin et d\u00e9licat, il servira \u00e0 ranger tous les tr\u00e9sors de l\u2019Homme.<\/p>\n<p>1. Mini savon d&rsquo;Alep<br \/>\nFabriqu\u00e9 en Syrie, ce savon est compos\u00e9 uniquement d\u2019huile d\u2019olive bio et d\u2019huile de baies de laurier saponifi\u00e9es. Son odeur caract\u00e9ristique et puissante plait particuli\u00e8rement aux hommes.<br \/>\nEn format pratique pour les voyages.<\/p>\n<p>2. Pochette sauve savon en sisal<br \/>\nGlissez le savon ou les chutes de savon dedans pour les utiliser facilement, sans petit bout de savon au fond du siphon. Cette pochette offre aussi un gommage de la peau.<br \/>\nA suspendre dans la douche ou \u00e0 emmener en voyage.<\/p>\n<p>3. D\u00e9odorant frais<br \/>\n100% ingr\u00e9dients fran\u00e7ais, ce d\u00e9odorant efficace et frais est \u00e0 appliquer au doigt.<br \/>\nPratique, le conditionnement en pot permet de l\u2019emmener partout avec soi.<\/p>\n<p>4. Bracelet \u00c9quilibre Masculin en pierre de lave<br \/>\nIssue des entrailles de la Terre, la Pierre de Lave symbolise le yang. Ses origines volcaniques font d\u2019elle une pierre chaude et dynamique dont l\u2019\u00e9nergie lutte contre les fatigues, notamment la fatigue sexuelle. La pierre de lave aide \u00e0 maintenir le cap dans l\u2019existence, \u00e0 retrouver confiance et courage en oubliant les peurs primitives ou les traumatismes du pass\u00e9.<br \/>\nSur le plan physique, la Pierre de Lave aurait la capacit\u00e9 \u00e0 diffuser sa chaleur aux organes et aux muscles pour les dynamiser. Quand elle entre en vibration avec le chakra racine, elle stimulerait les organes g\u00e9nitaux masculins et serait recommand\u00e9e pour flatter les virilit\u00e9s. Elle pr\u00e9viendrait l\u2019usure osseuse et r\u00e9gulerait l\u2019activit\u00e9 des glandes surr\u00e9nales.<\/p>\n","protected":false},"excerpt":{"rendered":"<p>Mais que lui offrir ? Il est souvent d\u00e9licat de choisir un cadeau pour les hommes. Offrez cette pochette toute pr\u00eate, contenant une s\u00e9lection fraiche et bien cibl\u00e9e de produits Jolis Baumes. Le pochon est en coton fin et d\u00e9licat, il servira \u00e0 ranger tous les tr\u00e9sors de l\u2019Homme. 1. Mini savon d&rsquo;Alep Fabriqu\u00e9 en&hellip;<\/p>\n","protected":false},"featured_media":25911,"template":"","meta":[],"product_brand":[],"product_cat":[22,24,49,69,20],"product_tag":[],"class_list":{"0":"post-25907","1":"product","2":"type-product","3":"status-publish","4":"has-post-thumbnail","6":"product_cat-destockage","7":"product_cat-bijoux","8":"product_cat-bracelets","9":"product_cat-for-men","10":"product_cat-lifestyle","11":"description-off","13":"first","14":"instock","15":"sale","16":"shipping-taxable","17":"purchasable","18":"product-type-simple"},"_links":{"self":[{"href":"https:\/\/www.sweetmaloryne.com\/boutique\/wp-json\/wp\/v2\/product\/25907","targetHints":{"allow":["GET"]}}],"collection":[{"href":"https:\/\/www.sweetmaloryne.com\/boutique\/wp-json\/wp\/v2\/product"}],"about":[{"href":"https:\/\/www.sweetmaloryne.com\/boutique\/wp-json\/wp\/v2\/types\/product"}],"wp:featuredmedia":[{"embeddable":true,"href":"https:\/\/www.sweetmaloryne.com\/boutique\/wp-json\/wp\/v2\/media\/25911"}],"wp:attachment":[{"href":"https:\/\/www.sweetmaloryne.com\/boutique\/wp-json\/wp\/v2\/media?parent=25907"}],"wp:term":[{"taxonomy":"product_brand","embeddable":true,"href":"https:\/\/www.sweetmaloryne.com\/boutique\/wp-json\/wp\/v2\/product_brand?post=25907"},{"taxonomy":"product_cat","embeddable":true,"href":"https:\/\/www.sweetmaloryne.com\/boutique\/wp-json\/wp\/v2\/product_cat?post=25907"},{"taxonomy":"product_tag","embeddable":true,"href":"https:\/\/www.sweetmaloryne.com\/boutique\/wp-json\/wp\/v2\/product_tag?post=25907"}],"curies":[{"name":"wp","href":"https:\/\/api.w.org\/{rel}","templated":true}]}}