{"id":27217,"date":"2023-06-29T16:59:20","date_gmt":"2023-06-29T14:59:20","guid":{"rendered":"https:\/\/www.sweetmaloryne.com\/boutique\/?post_type=product&#038;p=27217"},"modified":"2026-04-05T09:59:28","modified_gmt":"2026-04-05T07:59:28","slug":"paquet-damandes-a-la-cannelle-du-maroc-250gr","status":"publish","type":"product","link":"https:\/\/www.sweetmaloryne.com\/boutique\/produit\/paquet-damandes-a-la-cannelle-du-maroc-250gr\/","title":{"rendered":"Paquet d&rsquo;Amandes du Maroc 125gr"},"content":{"rendered":"<p>Paquet d\u2019amandes \u00e0 la cannelle de 250g.<\/p>\n<p>Ces amandes grill\u00e9es et enrob\u00e9es de cannelle sont parfaites pour une collation saine et gourmande \u00e0 tout moment de la journ\u00e9e.<\/p>\n<p>Profitez de l\u2019ar\u00f4me doux et \u00e9pic\u00e9 de la cannelle associ\u00e9 \u00e0 la croquanteur des amandes pour une exp\u00e9rience gustative inoubliable.<\/p>\n","protected":false},"excerpt":{"rendered":"<p>Paquet d\u2019amandes \u00e0 la cannelle de 250g. Ces amandes grill\u00e9es et enrob\u00e9es de cannelle sont parfaites pour une collation saine et gourmande \u00e0 tout moment de la journ\u00e9e. Profitez de l\u2019ar\u00f4me doux et \u00e9pic\u00e9 de la cannelle associ\u00e9 \u00e0 la croquanteur des amandes pour une exp\u00e9rience gustative inoubliable.<\/p>\n","protected":false},"featured_media":27731,"template":"","meta":[],"product_brand":[],"product_cat":[20],"product_tag":[],"class_list":{"0":"post-27217","1":"product","2":"type-product","3":"status-publish","4":"has-post-thumbnail","6":"product_cat-lifestyle","7":"description-off","9":"first","10":"outofstock","11":"shipping-taxable","12":"purchasable","13":"product-type-simple"},"_links":{"self":[{"href":"https:\/\/www.sweetmaloryne.com\/boutique\/wp-json\/wp\/v2\/product\/27217","targetHints":{"allow":["GET"]}}],"collection":[{"href":"https:\/\/www.sweetmaloryne.com\/boutique\/wp-json\/wp\/v2\/product"}],"about":[{"href":"https:\/\/www.sweetmaloryne.com\/boutique\/wp-json\/wp\/v2\/types\/product"}],"wp:featuredmedia":[{"embeddable":true,"href":"https:\/\/www.sweetmaloryne.com\/boutique\/wp-json\/wp\/v2\/media\/27731"}],"wp:attachment":[{"href":"https:\/\/www.sweetmaloryne.com\/boutique\/wp-json\/wp\/v2\/media?parent=27217"}],"wp:term":[{"taxonomy":"product_brand","embeddable":true,"href":"https:\/\/www.sweetmaloryne.com\/boutique\/wp-json\/wp\/v2\/product_brand?post=27217"},{"taxonomy":"product_cat","embeddable":true,"href":"https:\/\/www.sweetmaloryne.com\/boutique\/wp-json\/wp\/v2\/product_cat?post=27217"},{"taxonomy":"product_tag","embeddable":true,"href":"https:\/\/www.sweetmaloryne.com\/boutique\/wp-json\/wp\/v2\/product_tag?post=27217"}],"curies":[{"name":"wp","href":"https:\/\/api.w.org\/{rel}","templated":true}]}}