{"id":31118,"date":"2023-12-02T10:29:40","date_gmt":"2023-12-02T09:29:40","guid":{"rendered":"https:\/\/www.sweetmaloryne.com\/boutique\/?post_type=product&#038;p=31118"},"modified":"2025-07-03T09:38:13","modified_gmt":"2025-07-03T07:38:13","slug":"mur-deau-niagara-40x100x120cm","status":"publish","type":"product","link":"https:\/\/www.sweetmaloryne.com\/boutique\/produit\/mur-deau-niagara-40x100x120cm\/","title":{"rendered":"Mur d&rsquo;Eau \u00ab\u00a0Niagara\u00a0\u00bb 40x100x120cm"},"content":{"rendered":"<div id=\"tw-target-text-container\" class=\"tw-ta-container F0azHf tw-nfl\" tabindex=\"0\">\n<p id=\"tw-target-text\" class=\"tw-data-text tw-text-large tw-ta\" dir=\"ltr\" data-placeholder=\"Traduction\" data-ved=\"2ahUKEwiAmszYie6CAxXYVKQEHRNJCVgQ3ewLegQIBhAP\"><span class=\"Y2IQFc\" lang=\"fr\">Information: Comprend pompe, \u00e9clairage exclusif. <\/span><\/p>\n<p class=\"tw-data-text tw-text-large tw-ta\" dir=\"ltr\" data-placeholder=\"Traduction\" data-ved=\"2ahUKEwiAmszYie6CAxXYVKQEHRNJCVgQ3ewLegQIBhAP\"><span class=\"Y2IQFc\" lang=\"fr\">La colonne d&rsquo;eau Niagara se compose de deux colonnes (gauche et droite), d&rsquo;une auge, d&rsquo;un mur d&rsquo;eau et d&rsquo;une pompe. <\/span><\/p>\n<p class=\"tw-data-text tw-text-large tw-ta\" dir=\"ltr\" data-placeholder=\"Traduction\" data-ved=\"2ahUKEwiAmszYie6CAxXYVKQEHRNJCVgQ3ewLegQIBhAP\"><span class=\"Y2IQFc\" lang=\"fr\">Les colonnes sont \u00e9quip\u00e9es de br\u00fbleurs au bio\u00e9thanol int\u00e9gr\u00e9s qui peuvent \u00eatre allum\u00e9s. <\/span><\/p>\n<p class=\"tw-data-text tw-text-large tw-ta\" dir=\"ltr\" data-placeholder=\"Traduction\" data-ved=\"2ahUKEwiAmszYie6CAxXYVKQEHRNJCVgQ3ewLegQIBhAP\"><span class=\"Y2IQFc\" lang=\"fr\">De plus, les colonnes sont trait\u00e9es avec de l&rsquo;huile Owatrol, qui scelle les pores de la rouille afin que la couleur et la texture soient pr\u00e9serv\u00e9es. <\/span><\/p>\n<p class=\"tw-data-text tw-text-large tw-ta\" dir=\"ltr\" data-placeholder=\"Traduction\" data-ved=\"2ahUKEwiAmszYie6CAxXYVKQEHRNJCVgQ3ewLegQIBhAP\"><span class=\"Y2IQFc\" lang=\"fr\">Nous vous recommandons de r\u00e9p\u00e9ter cette proc\u00e9dure une fois par an. <\/span><\/p>\n<p class=\"tw-data-text tw-text-large tw-ta\" dir=\"ltr\" data-placeholder=\"Traduction\" data-ved=\"2ahUKEwiAmszYie6CAxXYVKQEHRNJCVgQ3ewLegQIBhAP\"><span class=\"Y2IQFc\" lang=\"fr\">Pour assurer un d\u00e9bit d&rsquo;eau uniforme, il est important d&rsquo;aligner les colonnes \u00e0 l&rsquo;aide des vis int\u00e9gr\u00e9es. <\/span><\/p>\n<p class=\"tw-data-text tw-text-large tw-ta\" dir=\"ltr\" data-placeholder=\"Traduction\" data-ved=\"2ahUKEwiAmszYie6CAxXYVKQEHRNJCVgQ3ewLegQIBhAP\"><span class=\"Y2IQFc\" lang=\"fr\">Le bruit de l&rsquo;eau est att\u00e9nu\u00e9 par un tapis en plastique. <\/span><\/p>\n<p class=\"tw-data-text tw-text-large tw-ta\" dir=\"ltr\" data-placeholder=\"Traduction\" data-ved=\"2ahUKEwiAmszYie6CAxXYVKQEHRNJCVgQ3ewLegQIBhAP\"><span class=\"Y2IQFc\" lang=\"fr\">Dimensions: H : 120 cm, L : 100 cm, P : 40 cm<\/span><\/p>\n<\/div>\n<div id=\"tw-target-rmn-container\" class=\"tw-target-rmn tw-ta-container F0azHf tw-nfl\">\n<pre id=\"tw-target-rmn\" class=\"tw-data-placeholder tw-text-small tw-ta\" dir=\"ltr\" data-placeholder=\"\"><\/pre>\n<\/div>\n","protected":false},"excerpt":{"rendered":"<p>Information: Comprend pompe, \u00e9clairage exclusif. La colonne d&rsquo;eau Niagara se compose de deux colonnes (gauche et droite), d&rsquo;une auge, d&rsquo;un mur d&rsquo;eau et d&rsquo;une pompe. Les colonnes sont \u00e9quip\u00e9es de br\u00fbleurs au bio\u00e9thanol int\u00e9gr\u00e9s qui peuvent \u00eatre allum\u00e9s. De plus, les colonnes sont trait\u00e9es avec de l&rsquo;huile Owatrol, qui scelle les pores de la rouille&hellip;<\/p>\n","protected":false},"featured_media":31111,"template":"","meta":[],"product_brand":[],"product_cat":[40,890,883],"product_tag":[],"class_list":{"0":"post-31118","1":"product","2":"type-product","3":"status-publish","4":"has-post-thumbnail","6":"product_cat-jardin","7":"product_cat-ornement-a-poser-jardin","8":"product_cat-ornement-en-corten-a-poser","9":"description-off","11":"first","12":"instock","13":"shipping-taxable","14":"purchasable","15":"product-type-simple"},"_links":{"self":[{"href":"https:\/\/www.sweetmaloryne.com\/boutique\/wp-json\/wp\/v2\/product\/31118","targetHints":{"allow":["GET"]}}],"collection":[{"href":"https:\/\/www.sweetmaloryne.com\/boutique\/wp-json\/wp\/v2\/product"}],"about":[{"href":"https:\/\/www.sweetmaloryne.com\/boutique\/wp-json\/wp\/v2\/types\/product"}],"wp:featuredmedia":[{"embeddable":true,"href":"https:\/\/www.sweetmaloryne.com\/boutique\/wp-json\/wp\/v2\/media\/31111"}],"wp:attachment":[{"href":"https:\/\/www.sweetmaloryne.com\/boutique\/wp-json\/wp\/v2\/media?parent=31118"}],"wp:term":[{"taxonomy":"product_brand","embeddable":true,"href":"https:\/\/www.sweetmaloryne.com\/boutique\/wp-json\/wp\/v2\/product_brand?post=31118"},{"taxonomy":"product_cat","embeddable":true,"href":"https:\/\/www.sweetmaloryne.com\/boutique\/wp-json\/wp\/v2\/product_cat?post=31118"},{"taxonomy":"product_tag","embeddable":true,"href":"https:\/\/www.sweetmaloryne.com\/boutique\/wp-json\/wp\/v2\/product_tag?post=31118"}],"curies":[{"name":"wp","href":"https:\/\/api.w.org\/{rel}","templated":true}]}}