{"id":31129,"date":"2025-09-19T09:27:12","date_gmt":"2025-09-19T07:27:12","guid":{"rendered":"https:\/\/www.sweetmaloryne.com\/boutique\/?post_type=product&#038;p=31129"},"modified":"2026-03-13T10:02:54","modified_gmt":"2026-03-13T09:02:54","slug":"fleurs-de-chardon-en-metal-rouille-sur-socle-avec-3-boules-de-15cm-en-verre-rouge-55x70cm","status":"publish","type":"product","link":"https:\/\/www.sweetmaloryne.com\/boutique\/produit\/fleurs-de-chardon-en-metal-rouille-sur-socle-avec-3-boules-de-15cm-en-verre-rouge-55x70cm\/","title":{"rendered":"Fleurs de Chardon \u00ab\u00a0Distel\u00a0\u00bb en M\u00e9tal Rouill\u00e9, sur Socle, avec 3 Fleurs en Verre \u00f815cm, Divers Coloris, 55x70cm"},"content":{"rendered":"","protected":false},"excerpt":{"rendered":"","protected":false},"featured_media":48540,"template":"","meta":[],"product_brand":[],"product_cat":[19,40,890,883],"product_tag":[],"class_list":{"0":"post-31129","1":"product","2":"type-product","3":"status-publish","4":"has-post-thumbnail","6":"product_cat-decoration","7":"product_cat-jardin","8":"product_cat-ornement-a-poser-jardin","9":"product_cat-ornement-en-corten-a-poser","10":"pa_couleur-bleu","11":"pa_couleur-inox","12":"pa_couleur-jaune","13":"pa_couleur-a2-rouge","14":"pa_couleur-cb-vert","15":"description-off","17":"first","18":"instock","19":"shipping-taxable","20":"purchasable","21":"product-type-variable"},"_links":{"self":[{"href":"https:\/\/www.sweetmaloryne.com\/boutique\/wp-json\/wp\/v2\/product\/31129","targetHints":{"allow":["GET"]}}],"collection":[{"href":"https:\/\/www.sweetmaloryne.com\/boutique\/wp-json\/wp\/v2\/product"}],"about":[{"href":"https:\/\/www.sweetmaloryne.com\/boutique\/wp-json\/wp\/v2\/types\/product"}],"wp:featuredmedia":[{"embeddable":true,"href":"https:\/\/www.sweetmaloryne.com\/boutique\/wp-json\/wp\/v2\/media\/48540"}],"wp:attachment":[{"href":"https:\/\/www.sweetmaloryne.com\/boutique\/wp-json\/wp\/v2\/media?parent=31129"}],"wp:term":[{"taxonomy":"product_brand","embeddable":true,"href":"https:\/\/www.sweetmaloryne.com\/boutique\/wp-json\/wp\/v2\/product_brand?post=31129"},{"taxonomy":"product_cat","embeddable":true,"href":"https:\/\/www.sweetmaloryne.com\/boutique\/wp-json\/wp\/v2\/product_cat?post=31129"},{"taxonomy":"product_tag","embeddable":true,"href":"https:\/\/www.sweetmaloryne.com\/boutique\/wp-json\/wp\/v2\/product_tag?post=31129"}],"curies":[{"name":"wp","href":"https:\/\/api.w.org\/{rel}","templated":true}]}}