{"id":31134,"date":"2023-12-02T10:30:04","date_gmt":"2023-12-02T09:30:04","guid":{"rendered":"https:\/\/www.sweetmaloryne.com\/boutique\/?post_type=product&#038;p=31134"},"modified":"2025-04-25T16:01:41","modified_gmt":"2025-04-25T14:01:41","slug":"piliers-panneaux-decoratifs-en-metal-rouille-25x120x200cm","status":"publish","type":"product","link":"https:\/\/www.sweetmaloryne.com\/boutique\/produit\/piliers-panneaux-decoratifs-en-metal-rouille-25x120x200cm\/","title":{"rendered":"Piliers Panneaux D\u00e9coratifs en M\u00e9tal Rouill\u00e9, 25x120x200cm"},"content":{"rendered":"<p dir=\"ltr\" data-placeholder=\"Traduction\" data-ved=\"2ahUKEwjx1r62tu6CAxWoTKQEHb1BChAQ3ewLegQIBhAP\">Attention: Sur commande uniquement, D\u00e9lai: 3 \u00e0 4 semaines<\/p>\n<p dir=\"ltr\" data-placeholder=\"Traduction\" data-ved=\"2ahUKEwjx1r62tu6CAxWoTKQEHb1BChAQ3ewLegQIBhAP\">\n<p id=\"tw-target-text\" class=\"tw-data-text tw-text-large tw-ta\" dir=\"ltr\" data-placeholder=\"Traduction\" data-ved=\"2ahUKEwjx1r62tu6CAxWoTKQEHb1BChAQ3ewLegQIBhAP\"><span class=\"Y2IQFc\" lang=\"fr\">Dimensions: <\/span><\/p>\n<p class=\"tw-data-text tw-text-large tw-ta\" dir=\"ltr\" data-placeholder=\"Traduction\" data-ved=\"2ahUKEwjx1r62tu6CAxWoTKQEHb1BChAQ3ewLegQIBhAP\"><span class=\"Y2IQFc\" lang=\"fr\">Arbre de droite : H : 120 cm, L : 60 cm, P : 25 cm <\/span><\/p>\n<p class=\"tw-data-text tw-text-large tw-ta\" dir=\"ltr\" data-placeholder=\"Traduction\" data-ved=\"2ahUKEwjx1r62tu6CAxWoTKQEHb1BChAQ3ewLegQIBhAP\"><span class=\"Y2IQFc\" lang=\"fr\">2 faces : H : 120 cm, L : 80 cm, P : 25 cm <\/span><\/p>\n<p class=\"tw-data-text tw-text-large tw-ta\" dir=\"ltr\" data-placeholder=\"Traduction\" data-ved=\"2ahUKEwjx1r62tu6CAxWoTKQEHb1BChAQ3ewLegQIBhAP\"><span class=\"Y2IQFc\" lang=\"fr\">Arbre \u00e0 gauche : H : 120 cm, L : 60 cm, P : 25 cm <\/span><\/p>\n<p class=\"tw-data-text tw-text-large tw-ta\" dir=\"ltr\" data-placeholder=\"Traduction\" data-ved=\"2ahUKEwjx1r62tu6CAxWoTKQEHb1BChAQ3ewLegQIBhAP\"><span class=\"Y2IQFc\" lang=\"fr\">Ensemble : H : 120 cm, L : 200 cm, P : 25 cm<\/span><\/p>\n","protected":false},"excerpt":{"rendered":"<p>Attention: Sur commande uniquement, D\u00e9lai: 3 \u00e0 4 semaines Dimensions: Arbre de droite : H : 120 cm, L : 60 cm, P : 25 cm 2 faces : H : 120 cm, L : 80 cm, P : 25 cm Arbre \u00e0 gauche : H : 120 cm, L : 60 cm, P :&hellip;<\/p>\n","protected":false},"featured_media":31078,"template":"","meta":[],"product_brand":[],"product_cat":[40,890,883],"product_tag":[],"class_list":{"0":"post-31134","1":"product","2":"type-product","3":"status-publish","4":"has-post-thumbnail","6":"product_cat-jardin","7":"product_cat-ornement-a-poser-jardin","8":"product_cat-ornement-en-corten-a-poser","9":"description-off","11":"first","12":"instock","13":"shipping-taxable","14":"purchasable","15":"product-type-simple"},"_links":{"self":[{"href":"https:\/\/www.sweetmaloryne.com\/boutique\/wp-json\/wp\/v2\/product\/31134","targetHints":{"allow":["GET"]}}],"collection":[{"href":"https:\/\/www.sweetmaloryne.com\/boutique\/wp-json\/wp\/v2\/product"}],"about":[{"href":"https:\/\/www.sweetmaloryne.com\/boutique\/wp-json\/wp\/v2\/types\/product"}],"wp:featuredmedia":[{"embeddable":true,"href":"https:\/\/www.sweetmaloryne.com\/boutique\/wp-json\/wp\/v2\/media\/31078"}],"wp:attachment":[{"href":"https:\/\/www.sweetmaloryne.com\/boutique\/wp-json\/wp\/v2\/media?parent=31134"}],"wp:term":[{"taxonomy":"product_brand","embeddable":true,"href":"https:\/\/www.sweetmaloryne.com\/boutique\/wp-json\/wp\/v2\/product_brand?post=31134"},{"taxonomy":"product_cat","embeddable":true,"href":"https:\/\/www.sweetmaloryne.com\/boutique\/wp-json\/wp\/v2\/product_cat?post=31134"},{"taxonomy":"product_tag","embeddable":true,"href":"https:\/\/www.sweetmaloryne.com\/boutique\/wp-json\/wp\/v2\/product_tag?post=31134"}],"curies":[{"name":"wp","href":"https:\/\/api.w.org\/{rel}","templated":true}]}}