{"id":32333,"date":"2024-02-09T10:56:41","date_gmt":"2024-02-09T09:56:41","guid":{"rendered":"https:\/\/www.sweetmaloryne.com\/boutique\/?post_type=product&#038;p=32333"},"modified":"2026-01-01T11:05:30","modified_gmt":"2026-01-01T10:05:30","slug":"ensemble-de-pierres-naturelles-protection","status":"publish","type":"product","link":"https:\/\/www.sweetmaloryne.com\/boutique\/produit\/ensemble-de-pierres-naturelles-protection\/","title":{"rendered":"Ensemble de Pierres Naturelles &#8211; Protection &#8211;"},"content":{"rendered":"<p>Gemstone Set Protection &#8211; Pierres pr\u00e9cieuses pour la protection et contre les \u00e9nergies n\u00e9gatives &#8211; avec bracelet<\/p>\n<p>Parfois, nous pouvons tous b\u00e9n\u00e9ficier d\u2019une protection et d\u2019une s\u00e9curit\u00e9 suppl\u00e9mentaires. Les pierres pr\u00e9cieuses peuvent nous y aider. En portant certaines pierres pr\u00e9cieuses pr\u00e8s de vous, vous pouvez vous prot\u00e9ger contre les influences n\u00e9gatives de l\u2019ext\u00e9rieur et de l\u2019int\u00e9rieur.<\/p>\n<p>Nous avons s\u00e9lectionn\u00e9 3 Pierres Pr\u00e9cieuses de protection et contre les \u00e9nergies n\u00e9gatives qui ne vous d\u00e9cevront pas. Parfait pour tous ceux qui ont besoin d\u2019une protection suppl\u00e9mentaire !<\/p>\n<p>Qu&rsquo;obtenez-vous dans cet ensemble de protection des pierres pr\u00e9cieuses ?<br \/>\nBracelet fendu h\u00e9matite (17 cm de long)<br \/>\nPierre de palme oeil de tigre (+\/- 3 \u00e0 4 cm)<br \/>\nPierre de palmier labradorite (+\/- 3 \u00e0 4 cm)<br \/>\nSac cadeau durable<br \/>\nCarte de pierres pr\u00e9cieuses avec QR code (en 3 langues : NL-FR-EN) \u2013 imprim\u00e9e sur papier \u00e9cologique<\/p>\n<p>Tirez le meilleur parti de votre cadeau !<br \/>\nIl y a une carte sur le sac de pierres pr\u00e9cieuses avec une explication sur les pierres pr\u00e9cieuses. Il contient un code QR que vous pouvez scanner et qui vous m\u00e8nera \u00e0 une page contenant plus d&rsquo;informations sur les pierres pr\u00e9cieuses protectrices. Disponible en 3 langues : NL-FR-EN. De cette fa\u00e7on, vous en apprendrez davantage sur les propri\u00e9t\u00e9s des pierres pr\u00e9cieuses, leur signification et leur effet et sur la mani\u00e8re dont vous pouvez les utiliser. Bref, un cadeau affectueux.<\/p>\n<p>H\u00e9matite<br \/>\nL&rsquo;h\u00e9matite est une pierre d&rsquo;ancrage qui a un effet protecteur et harmonisant. C&rsquo;est une bonne pierre \u00e0 emporter avec soi si vous souffrez d&rsquo;addictions ou de troubles obsessionnels compulsifs. La pierre augmente votre confiance en vous et votre respect de soi et vous donne le pouvoir d&rsquo;\u00eatre fort. La pierre vous prot\u00e8ge \u00e9galement contre les pens\u00e9es n\u00e9gatives et la d\u00e9pression. Pour ce faire, la pierre extrait les \u00e9nergies n\u00e9gatives de votre corps afin que votre corps puisse trouver la paix et l\u2019harmonie int\u00e9rieures. De cette fa\u00e7on, la pierre r\u00e9duit les soucis et le stress et vous aide \u00e0 vivre la vie de mani\u00e8re positive.<\/p>\n<p>Oeil de Tigre<br \/>\nL&rsquo;oeil de tigre est une v\u00e9ritable pierre porte-bonheur. La pierre vous aide \u00e0 trouver la force en vous et vous incite \u00e0 vous d\u00e9fendre de mani\u00e8re saine. La pierre donne du courage et de la pers\u00e9v\u00e9rance et aide \u00e0 mieux se concentrer. De plus, l&rsquo;oeil de tigre poss\u00e8de une \u00e9nergie protectrice et apporte harmonie et \u00e9quilibre. L&rsquo;\u0152il de Tigre est une bonne pierre pour ceux qui sont en proie \u00e0 des peurs et des cauchemars et soutient les personnes qui deviennent rapidement surstimul\u00e9es. De plus, l\u2019\u0153il de tigre est \u00e9galement une bonne pierre pour les victimes de harc\u00e8lement.<\/p>\n<p>Labradorite<br \/>\nLa Labradorite est une pierre fortement protectrice et spirituelle. La pierre vous prot\u00e8ge contre les \u00e9nergies n\u00e9gatives venues de l\u2019ext\u00e9rieur et notamment contre les personnes qui vous enl\u00e8vent de l\u2019\u00e9nergie. La pierre agit sur le chakra du plexus solaire et renforce la confiance en soi et l&rsquo;estime de soi. Cela vous donne la force n\u00e9cessaire pour affronter les autres et suivre votre propre chemin. La Labradorite renforce l&rsquo;intuition et vous prot\u00e8ge contre la surstimulation. Cette pierre convient donc \u00e9galement tr\u00e8s bien aux personnes tr\u00e8s sensibles.<\/p>\n<p>Avertissement : Les pierres pr\u00e9cieuses et les cristaux sont des produits naturels. En raison de la nature des pierres pr\u00e9cieuses, il n\u2019y a pas deux pierres identiques, ce qui rend chaque pi\u00e8ce unique. De petites variations de couleur et de taille sont donc normales. Les photos repr\u00e9sent\u00e9es peuvent donc diff\u00e9rer l\u00e9g\u00e8rement de la r\u00e9alit\u00e9.<\/p>\n","protected":false},"excerpt":{"rendered":"<p>Gemstone Set Protection &#8211; Pierres pr\u00e9cieuses pour la protection et contre les \u00e9nergies n\u00e9gatives &#8211; avec bracelet Parfois, nous pouvons tous b\u00e9n\u00e9ficier d\u2019une protection et d\u2019une s\u00e9curit\u00e9 suppl\u00e9mentaires. Les pierres pr\u00e9cieuses peuvent nous y aider. En portant certaines pierres pr\u00e9cieuses pr\u00e8s de vous, vous pouvez vous prot\u00e9ger contre les influences n\u00e9gatives de l\u2019ext\u00e9rieur et de&hellip;<\/p>\n","protected":false},"featured_media":32335,"template":"","meta":[],"product_brand":[],"product_cat":[22,24,49,20],"product_tag":[],"class_list":{"0":"post-32333","1":"product","2":"type-product","3":"status-publish","4":"has-post-thumbnail","6":"product_cat-destockage","7":"product_cat-bijoux","8":"product_cat-bracelets","9":"product_cat-lifestyle","10":"description-off","12":"first","13":"instock","14":"sale","15":"shipping-taxable","16":"purchasable","17":"product-type-simple"},"_links":{"self":[{"href":"https:\/\/www.sweetmaloryne.com\/boutique\/wp-json\/wp\/v2\/product\/32333","targetHints":{"allow":["GET"]}}],"collection":[{"href":"https:\/\/www.sweetmaloryne.com\/boutique\/wp-json\/wp\/v2\/product"}],"about":[{"href":"https:\/\/www.sweetmaloryne.com\/boutique\/wp-json\/wp\/v2\/types\/product"}],"wp:featuredmedia":[{"embeddable":true,"href":"https:\/\/www.sweetmaloryne.com\/boutique\/wp-json\/wp\/v2\/media\/32335"}],"wp:attachment":[{"href":"https:\/\/www.sweetmaloryne.com\/boutique\/wp-json\/wp\/v2\/media?parent=32333"}],"wp:term":[{"taxonomy":"product_brand","embeddable":true,"href":"https:\/\/www.sweetmaloryne.com\/boutique\/wp-json\/wp\/v2\/product_brand?post=32333"},{"taxonomy":"product_cat","embeddable":true,"href":"https:\/\/www.sweetmaloryne.com\/boutique\/wp-json\/wp\/v2\/product_cat?post=32333"},{"taxonomy":"product_tag","embeddable":true,"href":"https:\/\/www.sweetmaloryne.com\/boutique\/wp-json\/wp\/v2\/product_tag?post=32333"}],"curies":[{"name":"wp","href":"https:\/\/api.w.org\/{rel}","templated":true}]}}