{"id":32339,"date":"2024-05-21T10:04:59","date_gmt":"2024-05-21T08:04:59","guid":{"rendered":"https:\/\/www.sweetmaloryne.com\/boutique\/?post_type=product&#038;p=32339"},"modified":"2026-01-01T11:05:29","modified_gmt":"2026-01-01T10:05:29","slug":"coffret-cadeau-pierres-naturelles-fete-des-meres","status":"publish","type":"product","link":"https:\/\/www.sweetmaloryne.com\/boutique\/produit\/coffret-cadeau-pierres-naturelles-fete-des-meres\/","title":{"rendered":"Coffret Cadeau Pierres Naturelles &#8211; F\u00eate des M\u00e8res &#8211;"},"content":{"rendered":"<div class=\"rich-description ds-text-base ds-text-neutral-900 gradient-ellipsis\" data-v-c5813abd=\"\">\n<p>Un merveilleux cadeau pour la maman la plus douce. Un cadeau original pour la f\u00eate des m\u00e8res, l&rsquo;anniversaire de maman, comme cadeau de naissance ou tout simplement comme surprise. Montrez votre amour avec une bougie et un c\u0153ur en pierres pr\u00e9cieuses (quartz rose), un bracelet en pierres pr\u00e9cieuses (chrysocolle) et une pierre de palmier (pierre de lune de couleur cr\u00e8me). Pour ce coffret cadeau nous avons s\u00e9lectionn\u00e9 3 pierres pr\u00e9cieuses qui renforcent et soutiennent les femmes dans leur maternit\u00e9.<\/p>\n<p>Qu&rsquo;obtenez-vous dans cet ensemble de pierres pr\u00e9cieuses ?<\/p>\n<ul>\n<li>Pierre roul\u00e9e &#8211; pierre de lune cr\u00e8me &#8211; quartz rose (+\/- taille 2 \u00e0 3 cm)<\/li>\n<li>Bougie parfum\u00e9e avec pierre pr\u00e9cieuse : quartz rose (parfum : jasmin fleur d&rsquo;oranger)<\/li>\n<li>Bracelet de pierres pr\u00e9cieuses : chrysocolle<\/li>\n<li>Sac de rangement \u00e9cologique<\/li>\n<li>Coffret cadeau de luxe avec fermeture magn\u00e9tique (\u00e9cologique)<\/li>\n<li>Carte des pierres pr\u00e9cieuses avec informations et QR code en 3 langues : EN-NL-FR (papier recycl\u00e9)<\/li>\n<\/ul>\n<p>SIGNIFICATION DES GEMMES\u00a0:<\/p>\n<ul>\n<li>QUARTZ ROSE : Le quartz rose est aussi appel\u00e9 la pierre de l&rsquo;amour et poss\u00e8de une \u00e9nergie douce. Le quartz rose conf\u00e8re aux mamans une grande empathie, aiguise la sensibilit\u00e9 et stimule la cr\u00e9ativit\u00e9. Le quartz rose aide maman \u00e0 ne pas \u00eatre si dure avec elle-m\u00eame, \u00e0 s&rsquo;accepter et favorise l&rsquo;amour-propre.<\/li>\n<li>PIERRE DE LUNE : Moonstone a un lien fort avec la lune et poss\u00e8de une forte \u00e9nergie f\u00e9minine. La pierre soutient la grossesse, l&rsquo;accouchement et l&rsquo;allaitement et a un effet positif sur les organes reproducteurs. La pierre de lune temp\u00e8re les fluctuations hormonales pr\u00e9menstruelles et est la pierre parfaite pour les femmes qui allaitent. La pierre favorise l\u2019intuition f\u00e9minine et apporte la paix aux montagnes russes \u00e9motionnelles de la maternit\u00e9.<\/li>\n<\/ul>\n<\/div>\n<div class=\"variant-shape-properties\" data-v-ba85ff5f=\"\" data-v-a1d7b830=\"\">\n<div class=\"variant-shape-properties__section\" data-v-ba85ff5f=\"\">\n<p><strong data-v-ba85ff5f=\"\">Dimensions<\/strong><\/p>\n<div class=\"variant-shape-properties__table\" data-v-ba85ff5f=\"\">\n<div data-v-ba85ff5f=\"\">\n<div data-v-ba85ff5f=\"\">Longueur<\/div>\n<div data-v-ba85ff5f=\"\">15 cm<\/div>\n<\/div>\n<div data-v-ba85ff5f=\"\">\n<div data-v-ba85ff5f=\"\">Largeur<\/div>\n<div data-v-ba85ff5f=\"\">15 cm<\/div>\n<\/div>\n<div data-v-ba85ff5f=\"\">\n<div data-v-ba85ff5f=\"\">Hauteur<\/div>\n<div data-v-ba85ff5f=\"\">6 cm<\/div>\n<\/div>\n<\/div>\n<\/div>\n<div class=\"variant-shape-properties__section\" data-v-ba85ff5f=\"\">\n<p><strong data-v-ba85ff5f=\"\">Poids<\/strong><\/p>\n<p data-v-ba85ff5f=\"\">380 g<\/p>\n<\/div>\n<\/div>\n","protected":false},"excerpt":{"rendered":"<p>Un merveilleux cadeau pour la maman la plus douce. Un cadeau original pour la f\u00eate des m\u00e8res, l&rsquo;anniversaire de maman, comme cadeau de naissance ou tout simplement comme surprise. Montrez votre amour avec une bougie et un c\u0153ur en pierres pr\u00e9cieuses (quartz rose), un bracelet en pierres pr\u00e9cieuses (chrysocolle) et une pierre de palmier (pierre&hellip;<\/p>\n","protected":false},"featured_media":32344,"template":"","meta":[],"product_brand":[],"product_cat":[22,24,32,49,20],"product_tag":[],"class_list":{"0":"post-32339","1":"product","2":"type-product","3":"status-publish","4":"has-post-thumbnail","6":"product_cat-destockage","7":"product_cat-bijoux","8":"product_cat-bougies","9":"product_cat-bracelets","10":"product_cat-lifestyle","11":"description-off","13":"first","14":"instock","15":"sale","16":"shipping-taxable","17":"purchasable","18":"product-type-simple"},"_links":{"self":[{"href":"https:\/\/www.sweetmaloryne.com\/boutique\/wp-json\/wp\/v2\/product\/32339","targetHints":{"allow":["GET"]}}],"collection":[{"href":"https:\/\/www.sweetmaloryne.com\/boutique\/wp-json\/wp\/v2\/product"}],"about":[{"href":"https:\/\/www.sweetmaloryne.com\/boutique\/wp-json\/wp\/v2\/types\/product"}],"wp:featuredmedia":[{"embeddable":true,"href":"https:\/\/www.sweetmaloryne.com\/boutique\/wp-json\/wp\/v2\/media\/32344"}],"wp:attachment":[{"href":"https:\/\/www.sweetmaloryne.com\/boutique\/wp-json\/wp\/v2\/media?parent=32339"}],"wp:term":[{"taxonomy":"product_brand","embeddable":true,"href":"https:\/\/www.sweetmaloryne.com\/boutique\/wp-json\/wp\/v2\/product_brand?post=32339"},{"taxonomy":"product_cat","embeddable":true,"href":"https:\/\/www.sweetmaloryne.com\/boutique\/wp-json\/wp\/v2\/product_cat?post=32339"},{"taxonomy":"product_tag","embeddable":true,"href":"https:\/\/www.sweetmaloryne.com\/boutique\/wp-json\/wp\/v2\/product_tag?post=32339"}],"curies":[{"name":"wp","href":"https:\/\/api.w.org\/{rel}","templated":true}]}}