{"id":32348,"date":"2024-02-09T11:13:34","date_gmt":"2024-02-09T10:13:34","guid":{"rendered":"https:\/\/www.sweetmaloryne.com\/boutique\/?post_type=product&#038;p=32348"},"modified":"2026-01-01T11:05:30","modified_gmt":"2026-01-01T10:05:30","slug":"ensemble-de-pierres-naturelles-perte-et-deuil","status":"publish","type":"product","link":"https:\/\/www.sweetmaloryne.com\/boutique\/produit\/ensemble-de-pierres-naturelles-perte-et-deuil\/","title":{"rendered":"Ensemble de Pierres Naturelles &#8211; Chagrin et Deuil &#8211;"},"content":{"rendered":"<p>Ensemble de pierres pr\u00e9cieuses pour le deuil et la perte : 2 pierres pr\u00e9cieuses + bracelet de pierres pr\u00e9cieuses dans un sac cadeau durable avec carte de pierres pr\u00e9cieuses.<\/p>\n<p>Pour ce cadeau r\u00e9confortant de pierres pr\u00e9cieuses, nous avons s\u00e9lectionn\u00e9 3 pierres pr\u00e9cieuses qui vous donnent la force n\u00e9cessaire pour traiter, gu\u00e9rir et surmonter votre chagrin. Nous avons tous besoin d&rsquo;un certain soutien pendant le deuil.<\/p>\n<p>Cet ensemble de pierres pr\u00e9cieuses est livr\u00e9 avec :<\/p>\n<ul>\n<li>Bracelet puce am\u00e9thyste (17 cm)<\/li>\n<li>Pierre de palme en quartz rose &#8211; belle pierre de palme taill\u00e9e \u00e0 la main de haute qualit\u00e9 (+\/- 3 \u00e0 4 cm)<\/li>\n<li>Pierre de souci Amazonite &#8211; belle pierre de souci taill\u00e9e \u00e0 la main de haute qualit\u00e9 (+\/- 3 \u00e0 4 cm)<\/li>\n<li>Sac cadeau durable (12\u00d715 cm)<\/li>\n<li>Carte de pierres pr\u00e9cieuses en 3 langues : Anglais &#8211; N\u00e9erlandais &#8211; Fran\u00e7ais (papier \u00e9cologique)<\/li>\n<\/ul>\n<p>GEMMES DE SIGNIFICATION SPIRITUELLE\u00a0:<\/p>\n<ul>\n<li>L&rsquo;am\u00e9thyste aide \u00e0 lib\u00e9rer votre tristesse, votre peur et vos inqui\u00e9tudes afin que la gu\u00e9rison puisse commencer.<\/li>\n<li>Le quartz rose ouvre le chakra du c\u0153ur et vous rend r\u00e9ceptif \u00e0 l&rsquo;amour.<\/li>\n<li>L&rsquo;Amazonite favorise la communication avec les autres.<\/li>\n<\/ul>\n","protected":false},"excerpt":{"rendered":"<p>Ensemble de pierres pr\u00e9cieuses pour le deuil et la perte : 2 pierres pr\u00e9cieuses + bracelet de pierres pr\u00e9cieuses dans un sac cadeau durable avec carte de pierres pr\u00e9cieuses. Pour ce cadeau r\u00e9confortant de pierres pr\u00e9cieuses, nous avons s\u00e9lectionn\u00e9 3 pierres pr\u00e9cieuses qui vous donnent la force n\u00e9cessaire pour traiter, gu\u00e9rir et surmonter votre chagrin.&hellip;<\/p>\n","protected":false},"featured_media":32351,"template":"","meta":[],"product_brand":[],"product_cat":[22,24,49,20],"product_tag":[],"class_list":{"0":"post-32348","1":"product","2":"type-product","3":"status-publish","4":"has-post-thumbnail","6":"product_cat-destockage","7":"product_cat-bijoux","8":"product_cat-bracelets","9":"product_cat-lifestyle","10":"description-off","12":"first","13":"instock","14":"sale","15":"shipping-taxable","16":"purchasable","17":"product-type-simple"},"_links":{"self":[{"href":"https:\/\/www.sweetmaloryne.com\/boutique\/wp-json\/wp\/v2\/product\/32348","targetHints":{"allow":["GET"]}}],"collection":[{"href":"https:\/\/www.sweetmaloryne.com\/boutique\/wp-json\/wp\/v2\/product"}],"about":[{"href":"https:\/\/www.sweetmaloryne.com\/boutique\/wp-json\/wp\/v2\/types\/product"}],"wp:featuredmedia":[{"embeddable":true,"href":"https:\/\/www.sweetmaloryne.com\/boutique\/wp-json\/wp\/v2\/media\/32351"}],"wp:attachment":[{"href":"https:\/\/www.sweetmaloryne.com\/boutique\/wp-json\/wp\/v2\/media?parent=32348"}],"wp:term":[{"taxonomy":"product_brand","embeddable":true,"href":"https:\/\/www.sweetmaloryne.com\/boutique\/wp-json\/wp\/v2\/product_brand?post=32348"},{"taxonomy":"product_cat","embeddable":true,"href":"https:\/\/www.sweetmaloryne.com\/boutique\/wp-json\/wp\/v2\/product_cat?post=32348"},{"taxonomy":"product_tag","embeddable":true,"href":"https:\/\/www.sweetmaloryne.com\/boutique\/wp-json\/wp\/v2\/product_tag?post=32348"}],"curies":[{"name":"wp","href":"https:\/\/api.w.org\/{rel}","templated":true}]}}