{"id":32695,"date":"2024-05-21T09:45:11","date_gmt":"2024-05-21T07:45:11","guid":{"rendered":"https:\/\/www.sweetmaloryne.com\/boutique\/?post_type=product&#038;p=32695"},"modified":"2024-07-16T17:59:55","modified_gmt":"2024-07-16T15:59:55","slug":"porte-clefs-en-bois-grave-maman-chat","status":"publish","type":"product","link":"https:\/\/www.sweetmaloryne.com\/boutique\/produit\/porte-clefs-en-bois-grave-maman-chat\/","title":{"rendered":"Porte-clefs en bois grav\u00e9 \u00ab\u00a0Maman Chat\u00a0\u00bb"},"content":{"rendered":"<p>Besoin d&rsquo;une id\u00e9e pour un cadeau ? Un petit quelque chose pour un(e) amoureux(se) de nos mignons compagnons \u00e0 quatre pattes ?<br \/>\nUn porte-cl\u00e9s sera parfait !<\/p>\n<div class=\"description\" data-v-a1d7b830=\"\">\n<h4 class=\"ak-heading--4 ds-text-primary\" data-v-80dc6347=\"\" data-v-a1d7b830=\"\">Dimensions<\/h4>\n<div data-v-c5813abd=\"\" data-v-a1d7b830=\"\">\n<div class=\"rich-description ds-text-base ds-text-neutral-900 text-collapsed\" data-v-c5813abd=\"\">diam\u00e8tre 50mm<\/div>\n<\/div>\n<\/div>\n<div class=\"description\" data-v-a1d7b830=\"\">\n<h4 class=\"ak-heading--4 ds-text-primary\" data-v-80dc6347=\"\" data-v-a1d7b830=\"\">Composition<\/h4>\n<div data-v-c5813abd=\"\" data-v-a1d7b830=\"\">\n<div class=\"rich-description ds-text-base ds-text-neutral-900 text-collapsed\" data-v-c5813abd=\"\">Bois et M\u00e9tal<\/div>\n<div data-v-c5813abd=\"\"><\/div>\n<\/div>\n<div data-v-c5813abd=\"\"><strong>Fait Main<\/strong><\/div>\n<\/div>\n","protected":false},"excerpt":{"rendered":"<p>Besoin d&rsquo;une id\u00e9e pour un cadeau ? Un petit quelque chose pour un(e) amoureux(se) de nos mignons compagnons \u00e0 quatre pattes ? Un porte-cl\u00e9s sera parfait ! Dimensions diam\u00e8tre 50mm Composition Bois et M\u00e9tal Fait Main<\/p>\n","protected":false},"featured_media":32696,"template":"","meta":[],"product_brand":[],"product_cat":[24,41,20,30],"product_tag":[],"class_list":{"0":"post-32695","1":"product","2":"type-product","3":"status-publish","4":"has-post-thumbnail","6":"product_cat-bijoux","7":"product_cat-kids","8":"product_cat-lifestyle","9":"product_cat-sacs-et-pochettes","10":"description-off","12":"first","13":"instock","14":"shipping-taxable","15":"purchasable","16":"product-type-simple"},"_links":{"self":[{"href":"https:\/\/www.sweetmaloryne.com\/boutique\/wp-json\/wp\/v2\/product\/32695","targetHints":{"allow":["GET"]}}],"collection":[{"href":"https:\/\/www.sweetmaloryne.com\/boutique\/wp-json\/wp\/v2\/product"}],"about":[{"href":"https:\/\/www.sweetmaloryne.com\/boutique\/wp-json\/wp\/v2\/types\/product"}],"wp:featuredmedia":[{"embeddable":true,"href":"https:\/\/www.sweetmaloryne.com\/boutique\/wp-json\/wp\/v2\/media\/32696"}],"wp:attachment":[{"href":"https:\/\/www.sweetmaloryne.com\/boutique\/wp-json\/wp\/v2\/media?parent=32695"}],"wp:term":[{"taxonomy":"product_brand","embeddable":true,"href":"https:\/\/www.sweetmaloryne.com\/boutique\/wp-json\/wp\/v2\/product_brand?post=32695"},{"taxonomy":"product_cat","embeddable":true,"href":"https:\/\/www.sweetmaloryne.com\/boutique\/wp-json\/wp\/v2\/product_cat?post=32695"},{"taxonomy":"product_tag","embeddable":true,"href":"https:\/\/www.sweetmaloryne.com\/boutique\/wp-json\/wp\/v2\/product_tag?post=32695"}],"curies":[{"name":"wp","href":"https:\/\/api.w.org\/{rel}","templated":true}]}}