{"id":32740,"date":"2026-02-16T22:12:24","date_gmt":"2026-02-16T21:12:24","guid":{"rendered":"https:\/\/www.sweetmaloryne.com\/boutique\/?post_type=product&#038;p=32740"},"modified":"2026-04-06T10:52:27","modified_gmt":"2026-04-06T08:52:27","slug":"pic-lapin-en-metal-rouille-h-55x11cm","status":"publish","type":"product","link":"https:\/\/www.sweetmaloryne.com\/boutique\/produit\/pic-lapin-en-metal-rouille-h-55x11cm\/","title":{"rendered":"Pic Lapin en M\u00e9tal Rouill\u00e9 H.55x11cm"},"content":{"rendered":"<p>Dimensions:<\/p>\n<p>sur tige :<br \/>\n\u2713 environ 15 x 11 cm<br \/>\n\u2713 Longueur de la tige : environ 40 cm<\/p>\n<p>Les caract\u00e9ristiques:<br \/>\nLa d\u00e9coration de jardin patin\u00e9e est en m\u00e9tal. Trait\u00e9es \u00e0 la main, les d\u00e9corations de P\u00e2ques re\u00e7oivent une finition sp\u00e9ciale, qui cr\u00e9e la patine rouille unique.<\/p>\n","protected":false},"excerpt":{"rendered":"<p>Dimensions: sur tige : \u2713 environ 15 x 11 cm \u2713 Longueur de la tige : environ 40 cm Les caract\u00e9ristiques: La d\u00e9coration de jardin patin\u00e9e est en m\u00e9tal. Trait\u00e9es \u00e0 la main, les d\u00e9corations de P\u00e2ques re\u00e7oivent une finition sp\u00e9ciale, qui cr\u00e9e la patine rouille unique.<\/p>\n","protected":false},"featured_media":32741,"template":"","meta":[],"product_brand":[],"product_cat":[653],"product_tag":[],"class_list":{"0":"post-32740","1":"product","2":"type-product","3":"status-publish","4":"has-post-thumbnail","6":"product_cat-paques","7":"description-off","9":"first","10":"instock","11":"sale","12":"shipping-taxable","13":"purchasable","14":"product-type-simple"},"_links":{"self":[{"href":"https:\/\/www.sweetmaloryne.com\/boutique\/wp-json\/wp\/v2\/product\/32740","targetHints":{"allow":["GET"]}}],"collection":[{"href":"https:\/\/www.sweetmaloryne.com\/boutique\/wp-json\/wp\/v2\/product"}],"about":[{"href":"https:\/\/www.sweetmaloryne.com\/boutique\/wp-json\/wp\/v2\/types\/product"}],"wp:featuredmedia":[{"embeddable":true,"href":"https:\/\/www.sweetmaloryne.com\/boutique\/wp-json\/wp\/v2\/media\/32741"}],"wp:attachment":[{"href":"https:\/\/www.sweetmaloryne.com\/boutique\/wp-json\/wp\/v2\/media?parent=32740"}],"wp:term":[{"taxonomy":"product_brand","embeddable":true,"href":"https:\/\/www.sweetmaloryne.com\/boutique\/wp-json\/wp\/v2\/product_brand?post=32740"},{"taxonomy":"product_cat","embeddable":true,"href":"https:\/\/www.sweetmaloryne.com\/boutique\/wp-json\/wp\/v2\/product_cat?post=32740"},{"taxonomy":"product_tag","embeddable":true,"href":"https:\/\/www.sweetmaloryne.com\/boutique\/wp-json\/wp\/v2\/product_tag?post=32740"}],"curies":[{"name":"wp","href":"https:\/\/api.w.org\/{rel}","templated":true}]}}