{"id":33125,"date":"2024-03-04T16:44:37","date_gmt":"2024-03-04T15:44:37","guid":{"rendered":"https:\/\/www.sweetmaloryne.com\/boutique\/?post_type=product&#038;p=33125"},"modified":"2026-01-24T15:53:58","modified_gmt":"2026-01-24T14:53:58","slug":"craspedia-fleur-sechee-60cm","status":"publish","type":"product","link":"https:\/\/www.sweetmaloryne.com\/boutique\/produit\/craspedia-fleur-sechee-60cm\/","title":{"rendered":"Craspedia &#8211; Fleur S\u00e9ch\u00e9e &#8211; 60cm"},"content":{"rendered":"<p>Craspedia de fleurs naturelles ! Aussi connu sous le nom de baguettes<\/p>\n<p>Agr\u00e9able \u00e0 mettre seule dans un vase ou un pichet ou \u00e0 combiner avec d&rsquo;autres fleurs s\u00e9ch\u00e9es. Longueur environ 60 cm<\/p>\n","protected":false},"excerpt":{"rendered":"<p>Craspedia de fleurs naturelles ! Aussi connu sous le nom de baguettes Agr\u00e9able \u00e0 mettre seule dans un vase ou un pichet ou \u00e0 combiner avec d&rsquo;autres fleurs s\u00e9ch\u00e9es. Longueur environ 60 cm<\/p>\n","protected":false},"featured_media":33123,"template":"","meta":[],"product_brand":[],"product_cat":[657],"product_tag":[],"class_list":{"0":"post-33125","1":"product","2":"type-product","3":"status-publish","4":"has-post-thumbnail","6":"product_cat-pots-fleuristerie","7":"description-off","9":"first","10":"instock","11":"shipping-taxable","12":"purchasable","13":"product-type-simple"},"_links":{"self":[{"href":"https:\/\/www.sweetmaloryne.com\/boutique\/wp-json\/wp\/v2\/product\/33125","targetHints":{"allow":["GET"]}}],"collection":[{"href":"https:\/\/www.sweetmaloryne.com\/boutique\/wp-json\/wp\/v2\/product"}],"about":[{"href":"https:\/\/www.sweetmaloryne.com\/boutique\/wp-json\/wp\/v2\/types\/product"}],"wp:featuredmedia":[{"embeddable":true,"href":"https:\/\/www.sweetmaloryne.com\/boutique\/wp-json\/wp\/v2\/media\/33123"}],"wp:attachment":[{"href":"https:\/\/www.sweetmaloryne.com\/boutique\/wp-json\/wp\/v2\/media?parent=33125"}],"wp:term":[{"taxonomy":"product_brand","embeddable":true,"href":"https:\/\/www.sweetmaloryne.com\/boutique\/wp-json\/wp\/v2\/product_brand?post=33125"},{"taxonomy":"product_cat","embeddable":true,"href":"https:\/\/www.sweetmaloryne.com\/boutique\/wp-json\/wp\/v2\/product_cat?post=33125"},{"taxonomy":"product_tag","embeddable":true,"href":"https:\/\/www.sweetmaloryne.com\/boutique\/wp-json\/wp\/v2\/product_tag?post=33125"}],"curies":[{"name":"wp","href":"https:\/\/api.w.org\/{rel}","templated":true}]}}