{"id":33921,"date":"2025-04-04T12:17:37","date_gmt":"2025-04-04T10:17:37","guid":{"rendered":"https:\/\/www.sweetmaloryne.com\/boutique\/?post_type=product&#038;p=33921"},"modified":"2026-04-18T10:42:38","modified_gmt":"2026-04-18T08:42:38","slug":"coquelicot-a-piquer-en-metal-rouille-et-fleur-en-verre-o-10cm-divers-coloris-20xh-70cm","status":"publish","type":"product","link":"https:\/\/www.sweetmaloryne.com\/boutique\/produit\/coquelicot-a-piquer-en-metal-rouille-et-fleur-en-verre-o-10cm-divers-coloris-20xh-70cm\/","title":{"rendered":"Coquelicot \u00e0 Piquer en M\u00e9tal Rouill\u00e9 et Fleur en Verre \u00f8 10cm, Divers Coloris, 20xH.70cm"},"content":{"rendered":"","protected":false},"excerpt":{"rendered":"","protected":false},"featured_media":37162,"template":"","meta":[],"product_brand":[],"product_cat":[19,40,879,657],"product_tag":[],"class_list":{"0":"post-33921","1":"product","2":"type-product","3":"status-publish","4":"has-post-thumbnail","6":"product_cat-decoration","7":"product_cat-jardin","8":"product_cat-piquet-decoratif","9":"product_cat-pots-fleuristerie","10":"pa_couleur-bleu","11":"pa_couleur-jaune","12":"pa_couleur-1a-orange","13":"pa_couleur-a2-rouge","14":"description-off","16":"first","17":"instock","18":"shipping-taxable","19":"purchasable","20":"product-type-variable"},"_links":{"self":[{"href":"https:\/\/www.sweetmaloryne.com\/boutique\/wp-json\/wp\/v2\/product\/33921","targetHints":{"allow":["GET"]}}],"collection":[{"href":"https:\/\/www.sweetmaloryne.com\/boutique\/wp-json\/wp\/v2\/product"}],"about":[{"href":"https:\/\/www.sweetmaloryne.com\/boutique\/wp-json\/wp\/v2\/types\/product"}],"wp:featuredmedia":[{"embeddable":true,"href":"https:\/\/www.sweetmaloryne.com\/boutique\/wp-json\/wp\/v2\/media\/37162"}],"wp:attachment":[{"href":"https:\/\/www.sweetmaloryne.com\/boutique\/wp-json\/wp\/v2\/media?parent=33921"}],"wp:term":[{"taxonomy":"product_brand","embeddable":true,"href":"https:\/\/www.sweetmaloryne.com\/boutique\/wp-json\/wp\/v2\/product_brand?post=33921"},{"taxonomy":"product_cat","embeddable":true,"href":"https:\/\/www.sweetmaloryne.com\/boutique\/wp-json\/wp\/v2\/product_cat?post=33921"},{"taxonomy":"product_tag","embeddable":true,"href":"https:\/\/www.sweetmaloryne.com\/boutique\/wp-json\/wp\/v2\/product_tag?post=33921"}],"curies":[{"name":"wp","href":"https:\/\/api.w.org\/{rel}","templated":true}]}}