{"id":33946,"date":"2025-04-04T12:17:39","date_gmt":"2025-04-04T10:17:39","guid":{"rendered":"https:\/\/www.sweetmaloryne.com\/boutique\/?post_type=product&#038;p=33946"},"modified":"2026-03-05T11:44:50","modified_gmt":"2026-03-05T10:44:50","slug":"coquelicot-a-piquer-en-metal-rouille-et-fleur-en-verre-o-165cm-divers-coloris-25xh-102cm","status":"publish","type":"product","link":"https:\/\/www.sweetmaloryne.com\/boutique\/produit\/coquelicot-a-piquer-en-metal-rouille-et-fleur-en-verre-o-165cm-divers-coloris-25xh-102cm\/","title":{"rendered":"Coquelicot \u00e0 Piquer en M\u00e9tal Rouill\u00e9 et Fleur en Verre \u00f8 16,5cm, Divers Coloris, 25xH.102cm"},"content":{"rendered":"","protected":false},"excerpt":{"rendered":"","protected":false},"featured_media":37159,"template":"","meta":[],"product_brand":[],"product_cat":[19,40,879,657],"product_tag":[],"class_list":{"0":"post-33946","1":"product","2":"type-product","3":"status-publish","4":"has-post-thumbnail","6":"product_cat-decoration","7":"product_cat-jardin","8":"product_cat-piquet-decoratif","9":"product_cat-pots-fleuristerie","10":"pa_couleur-bleu","11":"pa_couleur-jaune","12":"pa_couleur-a2-rouge","13":"description-off","15":"first","16":"instock","17":"shipping-taxable","18":"purchasable","19":"product-type-variable"},"_links":{"self":[{"href":"https:\/\/www.sweetmaloryne.com\/boutique\/wp-json\/wp\/v2\/product\/33946","targetHints":{"allow":["GET"]}}],"collection":[{"href":"https:\/\/www.sweetmaloryne.com\/boutique\/wp-json\/wp\/v2\/product"}],"about":[{"href":"https:\/\/www.sweetmaloryne.com\/boutique\/wp-json\/wp\/v2\/types\/product"}],"wp:featuredmedia":[{"embeddable":true,"href":"https:\/\/www.sweetmaloryne.com\/boutique\/wp-json\/wp\/v2\/media\/37159"}],"wp:attachment":[{"href":"https:\/\/www.sweetmaloryne.com\/boutique\/wp-json\/wp\/v2\/media?parent=33946"}],"wp:term":[{"taxonomy":"product_brand","embeddable":true,"href":"https:\/\/www.sweetmaloryne.com\/boutique\/wp-json\/wp\/v2\/product_brand?post=33946"},{"taxonomy":"product_cat","embeddable":true,"href":"https:\/\/www.sweetmaloryne.com\/boutique\/wp-json\/wp\/v2\/product_cat?post=33946"},{"taxonomy":"product_tag","embeddable":true,"href":"https:\/\/www.sweetmaloryne.com\/boutique\/wp-json\/wp\/v2\/product_tag?post=33946"}],"curies":[{"name":"wp","href":"https:\/\/api.w.org\/{rel}","templated":true}]}}