{"id":33986,"date":"2025-09-19T09:27:12","date_gmt":"2025-09-19T07:27:12","guid":{"rendered":"https:\/\/www.sweetmaloryne.com\/boutique\/?post_type=product&#038;p=33986"},"modified":"2025-09-19T15:28:44","modified_gmt":"2025-09-19T13:28:44","slug":"fleur-en-metal-rouille-avec-boule-en-verre-rose-o15cm-h-97cm","status":"publish","type":"product","link":"https:\/\/www.sweetmaloryne.com\/boutique\/produit\/fleur-en-metal-rouille-avec-boule-en-verre-rose-o15cm-h-97cm\/","title":{"rendered":"Fleur \u00ab\u00a0Nele\u00a0\u00bb en M\u00e9tal Rouill\u00e9 avec Boule en Verre \u00f815cm, Divers Coloris, \u00f825xH.97cm"},"content":{"rendered":"","protected":false},"excerpt":{"rendered":"","protected":false},"featured_media":37274,"template":"","meta":[],"product_brand":[],"product_cat":[40,658,890,883],"product_tag":[],"class_list":{"0":"post-33986","1":"product","2":"type-product","3":"status-publish","4":"has-post-thumbnail","6":"product_cat-jardin","7":"product_cat-nouveautes","8":"product_cat-ornement-a-poser-jardin","9":"product_cat-ornement-en-corten-a-poser","10":"pa_couleur-bleu","11":"pa_couleur-jaune","12":"pa_couleur-a2-rouge","13":"pa_couleur-cb-vert","14":"description-off","16":"first","17":"instock","18":"shipping-taxable","19":"purchasable","20":"product-type-variable"},"_links":{"self":[{"href":"https:\/\/www.sweetmaloryne.com\/boutique\/wp-json\/wp\/v2\/product\/33986","targetHints":{"allow":["GET"]}}],"collection":[{"href":"https:\/\/www.sweetmaloryne.com\/boutique\/wp-json\/wp\/v2\/product"}],"about":[{"href":"https:\/\/www.sweetmaloryne.com\/boutique\/wp-json\/wp\/v2\/types\/product"}],"wp:featuredmedia":[{"embeddable":true,"href":"https:\/\/www.sweetmaloryne.com\/boutique\/wp-json\/wp\/v2\/media\/37274"}],"wp:attachment":[{"href":"https:\/\/www.sweetmaloryne.com\/boutique\/wp-json\/wp\/v2\/media?parent=33986"}],"wp:term":[{"taxonomy":"product_brand","embeddable":true,"href":"https:\/\/www.sweetmaloryne.com\/boutique\/wp-json\/wp\/v2\/product_brand?post=33986"},{"taxonomy":"product_cat","embeddable":true,"href":"https:\/\/www.sweetmaloryne.com\/boutique\/wp-json\/wp\/v2\/product_cat?post=33986"},{"taxonomy":"product_tag","embeddable":true,"href":"https:\/\/www.sweetmaloryne.com\/boutique\/wp-json\/wp\/v2\/product_tag?post=33986"}],"curies":[{"name":"wp","href":"https:\/\/api.w.org\/{rel}","templated":true}]}}