{"id":34034,"date":"2025-04-04T13:37:26","date_gmt":"2025-04-04T11:37:26","guid":{"rendered":"https:\/\/www.sweetmaloryne.com\/boutique\/?post_type=product&#038;p=34034"},"modified":"2026-02-05T14:29:59","modified_gmt":"2026-02-05T13:29:59","slug":"pissenlit-sur-socle-en-metal-rouille-3-fleurs-en-verre-o15cm-divers-coloris-55xh-110cm","status":"publish","type":"product","link":"https:\/\/www.sweetmaloryne.com\/boutique\/produit\/pissenlit-sur-socle-en-metal-rouille-3-fleurs-en-verre-o15cm-divers-coloris-55xh-110cm\/","title":{"rendered":"Pissenlit sur Socle, en M\u00e9tal Rouill\u00e9, 3 Fleurs en Verre \u00f815cm, Divers Coloris, 55xH.110cm"},"content":{"rendered":"","protected":false},"excerpt":{"rendered":"","protected":false},"featured_media":43651,"template":"","meta":[],"product_brand":[],"product_cat":[19,40,890,883],"product_tag":[],"class_list":{"0":"post-34034","1":"product","2":"type-product","3":"status-publish","4":"has-post-thumbnail","6":"product_cat-decoration","7":"product_cat-jardin","8":"product_cat-ornement-a-poser-jardin","9":"product_cat-ornement-en-corten-a-poser","10":"pa_couleur-bleu","11":"pa_couleur-inox","12":"pa_couleur-jaune","13":"pa_couleur-3a-rose","14":"pa_couleur-a2-rouge","15":"pa_couleur-cb-vert","16":"description-off","18":"first","19":"instock","20":"shipping-taxable","21":"purchasable","22":"product-type-variable"},"_links":{"self":[{"href":"https:\/\/www.sweetmaloryne.com\/boutique\/wp-json\/wp\/v2\/product\/34034","targetHints":{"allow":["GET"]}}],"collection":[{"href":"https:\/\/www.sweetmaloryne.com\/boutique\/wp-json\/wp\/v2\/product"}],"about":[{"href":"https:\/\/www.sweetmaloryne.com\/boutique\/wp-json\/wp\/v2\/types\/product"}],"wp:featuredmedia":[{"embeddable":true,"href":"https:\/\/www.sweetmaloryne.com\/boutique\/wp-json\/wp\/v2\/media\/43651"}],"wp:attachment":[{"href":"https:\/\/www.sweetmaloryne.com\/boutique\/wp-json\/wp\/v2\/media?parent=34034"}],"wp:term":[{"taxonomy":"product_brand","embeddable":true,"href":"https:\/\/www.sweetmaloryne.com\/boutique\/wp-json\/wp\/v2\/product_brand?post=34034"},{"taxonomy":"product_cat","embeddable":true,"href":"https:\/\/www.sweetmaloryne.com\/boutique\/wp-json\/wp\/v2\/product_cat?post=34034"},{"taxonomy":"product_tag","embeddable":true,"href":"https:\/\/www.sweetmaloryne.com\/boutique\/wp-json\/wp\/v2\/product_tag?post=34034"}],"curies":[{"name":"wp","href":"https:\/\/api.w.org\/{rel}","templated":true}]}}