{"id":34322,"date":"2024-04-02T11:13:44","date_gmt":"2024-04-02T09:13:44","guid":{"rendered":"https:\/\/www.sweetmaloryne.com\/boutique\/?post_type=product&#038;p=34322"},"modified":"2026-01-01T11:05:29","modified_gmt":"2026-01-01T10:05:29","slug":"trousse-de-rangement-grise-huiles-essentielles-protection-et-transport-facilites","status":"publish","type":"product","link":"https:\/\/www.sweetmaloryne.com\/boutique\/produit\/trousse-de-rangement-grise-huiles-essentielles-protection-et-transport-facilites\/","title":{"rendered":"Trousse de Rangement \u2013 Grise \u2013 Huiles Essentielles \u2013 Protection et Transport Facilit\u00e9s"},"content":{"rendered":"<p>Trousse de rangement pour huiles essentielles grise : l&rsquo;accessoire indispensable pour tout amateur d&rsquo;huiles essentielles, cette trousse permet de ranger jusqu&rsquo;\u00e0 6 flacons d&rsquo;huiles essentielles.<br \/>\nLes flacons y sont maintenus s\u00e9par\u00e9ment afin d&rsquo;\u00e9viter toutes casses.<\/p>\n<p>Vos huiles essentielles sont ainsi rassembl\u00e9es dans une pochette discr\u00e8te et facile \u00e0 transporter.<\/p>\n<div class=\"description\" data-v-f4c21c79=\"\">\n<h4 class=\"ak-heading--4 ds-text-primary\" data-v-80dc6347=\"\" data-v-f4c21c79=\"\">Dimensions<\/h4>\n<div data-v-c5813abd=\"\" data-v-f4c21c79=\"\">\n<div class=\"rich-description ds-text-base ds-text-neutral-900 text-collapsed\" data-v-c5813abd=\"\">9cm (L) x 9cm (l) x 5,5cm (h)<\/div>\n<\/div>\n<\/div>\n<div class=\"description\" data-v-f4c21c79=\"\">\n<h4 class=\"ak-heading--4 ds-text-primary\" data-v-80dc6347=\"\" data-v-f4c21c79=\"\">Poids net<\/h4>\n<div data-v-c5813abd=\"\" data-v-f4c21c79=\"\">\n<div class=\"rich-description ds-text-base ds-text-neutral-900 text-collapsed\" data-v-c5813abd=\"\">100g<\/div>\n<\/div>\n<\/div>\n<div class=\"description\" data-v-f4c21c79=\"\">\n<h4 class=\"ak-heading--4 ds-text-primary\" data-v-80dc6347=\"\" data-v-f4c21c79=\"\">Mat\u00e9riaux<\/h4>\n<div data-v-c5813abd=\"\" data-v-f4c21c79=\"\">\n<div class=\"rich-description ds-text-base ds-text-neutral-900 text-collapsed\" data-v-c5813abd=\"\">Polyester<\/div>\n<\/div>\n<\/div>\n<p>&nbsp;<\/p>\n","protected":false},"excerpt":{"rendered":"<p>Trousse de rangement pour huiles essentielles grise : l&rsquo;accessoire indispensable pour tout amateur d&rsquo;huiles essentielles, cette trousse permet de ranger jusqu&rsquo;\u00e0 6 flacons d&rsquo;huiles essentielles. Les flacons y sont maintenus s\u00e9par\u00e9ment afin d&rsquo;\u00e9viter toutes casses. Vos huiles essentielles sont ainsi rassembl\u00e9es dans une pochette discr\u00e8te et facile \u00e0 transporter. Dimensions 9cm (L) x 9cm (l)&hellip;<\/p>\n","protected":false},"featured_media":34325,"template":"","meta":[],"product_brand":[],"product_cat":[22,831,20,825,36],"product_tag":[],"class_list":{"0":"post-34322","1":"product","2":"type-product","3":"status-publish","4":"has-post-thumbnail","6":"product_cat-destockage","7":"product_cat-huiles-essentielles","8":"product_cat-lifestyle","9":"product_cat-parfum-dinterieur","10":"product_cat-rangements","11":"description-off","13":"first","14":"instock","15":"sale","16":"shipping-taxable","17":"purchasable","18":"product-type-simple"},"_links":{"self":[{"href":"https:\/\/www.sweetmaloryne.com\/boutique\/wp-json\/wp\/v2\/product\/34322","targetHints":{"allow":["GET"]}}],"collection":[{"href":"https:\/\/www.sweetmaloryne.com\/boutique\/wp-json\/wp\/v2\/product"}],"about":[{"href":"https:\/\/www.sweetmaloryne.com\/boutique\/wp-json\/wp\/v2\/types\/product"}],"wp:featuredmedia":[{"embeddable":true,"href":"https:\/\/www.sweetmaloryne.com\/boutique\/wp-json\/wp\/v2\/media\/34325"}],"wp:attachment":[{"href":"https:\/\/www.sweetmaloryne.com\/boutique\/wp-json\/wp\/v2\/media?parent=34322"}],"wp:term":[{"taxonomy":"product_brand","embeddable":true,"href":"https:\/\/www.sweetmaloryne.com\/boutique\/wp-json\/wp\/v2\/product_brand?post=34322"},{"taxonomy":"product_cat","embeddable":true,"href":"https:\/\/www.sweetmaloryne.com\/boutique\/wp-json\/wp\/v2\/product_cat?post=34322"},{"taxonomy":"product_tag","embeddable":true,"href":"https:\/\/www.sweetmaloryne.com\/boutique\/wp-json\/wp\/v2\/product_tag?post=34322"}],"curies":[{"name":"wp","href":"https:\/\/api.w.org\/{rel}","templated":true}]}}