{"id":34503,"date":"2024-04-12T15:25:18","date_gmt":"2024-04-12T13:25:18","guid":{"rendered":"https:\/\/www.sweetmaloryne.com\/boutique\/?post_type=product&#038;p=34503"},"modified":"2025-12-17T09:55:51","modified_gmt":"2025-12-17T08:55:51","slug":"decor-parfume-mathilde-m-bouquet-precieux","status":"publish","type":"product","link":"https:\/\/www.sweetmaloryne.com\/boutique\/produit\/decor-parfume-mathilde-m-bouquet-precieux\/","title":{"rendered":"D\u00e9cor Parfum\u00e9 \u00ab\u00a0MATHILDE M\u00a0\u00bb &#8211; Bouquet Pr\u00e9cieux"},"content":{"rendered":"<p>Apportez une touche de romantisme \u00e0 votre int\u00e9rieur avec cet \u00e9l\u00e9gant d\u00e9cor en pl\u00e2tre \u00e0 suspendre Bouquet.<\/p>\n<p>Il apportera la touche finale \u00e0 votre d\u00e9coration en laissant un voile parfum\u00e9 Bouquet Pr\u00e9cieux.<\/p>\n","protected":false},"excerpt":{"rendered":"<p>Apportez une touche de romantisme \u00e0 votre int\u00e9rieur avec cet \u00e9l\u00e9gant d\u00e9cor en pl\u00e2tre \u00e0 suspendre Bouquet. Il apportera la touche finale \u00e0 votre d\u00e9coration en laissant un voile parfum\u00e9 Bouquet Pr\u00e9cieux.<\/p>\n","protected":false},"featured_media":34505,"template":"","meta":[],"product_brand":[],"product_cat":[20,23],"product_tag":[],"class_list":{"0":"post-34503","1":"product","2":"type-product","3":"status-publish","4":"has-post-thumbnail","6":"product_cat-lifestyle","7":"product_cat-objets-deco","8":"description-off","10":"first","11":"instock","12":"shipping-taxable","13":"purchasable","14":"product-type-simple"},"_links":{"self":[{"href":"https:\/\/www.sweetmaloryne.com\/boutique\/wp-json\/wp\/v2\/product\/34503","targetHints":{"allow":["GET"]}}],"collection":[{"href":"https:\/\/www.sweetmaloryne.com\/boutique\/wp-json\/wp\/v2\/product"}],"about":[{"href":"https:\/\/www.sweetmaloryne.com\/boutique\/wp-json\/wp\/v2\/types\/product"}],"wp:featuredmedia":[{"embeddable":true,"href":"https:\/\/www.sweetmaloryne.com\/boutique\/wp-json\/wp\/v2\/media\/34505"}],"wp:attachment":[{"href":"https:\/\/www.sweetmaloryne.com\/boutique\/wp-json\/wp\/v2\/media?parent=34503"}],"wp:term":[{"taxonomy":"product_brand","embeddable":true,"href":"https:\/\/www.sweetmaloryne.com\/boutique\/wp-json\/wp\/v2\/product_brand?post=34503"},{"taxonomy":"product_cat","embeddable":true,"href":"https:\/\/www.sweetmaloryne.com\/boutique\/wp-json\/wp\/v2\/product_cat?post=34503"},{"taxonomy":"product_tag","embeddable":true,"href":"https:\/\/www.sweetmaloryne.com\/boutique\/wp-json\/wp\/v2\/product_tag?post=34503"}],"curies":[{"name":"wp","href":"https:\/\/api.w.org\/{rel}","templated":true}]}}