{"id":34970,"date":"2024-04-29T17:20:02","date_gmt":"2024-04-29T15:20:02","guid":{"rendered":"https:\/\/www.sweetmaloryne.com\/boutique\/?post_type=product&#038;p=34970"},"modified":"2026-04-04T12:02:09","modified_gmt":"2026-04-04T10:02:09","slug":"coeur-decoratif-en-bois-de-manguier-et-alu-27x21cm","status":"publish","type":"product","link":"https:\/\/www.sweetmaloryne.com\/boutique\/produit\/coeur-decoratif-en-bois-de-manguier-et-alu-27x21cm\/","title":{"rendered":"Coeur D\u00e9coratif en Bois de Manguier et Alu, 27x21cm"},"content":{"rendered":"<div data-v-c5813abd=\"\" data-v-fb7741ce=\"\">\n<div class=\"rich-description ds-text-base ds-text-neutral-900 text-collapsed\" data-v-c5813abd=\"\">Superbe figurine de c\u0153ur d\u00e9corative en bois de manguier massif et aluminium mesurant L27xH21xP3cm.<\/div>\n<div class=\"rich-description ds-text-base ds-text-neutral-900 text-collapsed\" data-v-c5813abd=\"\">Style unique : la figurine en forme de petit c\u0153ur en bois est un objet de d\u00e9coration unique et fait \u00e0 la main qui embellira n&rsquo;importe quelle maison.<\/div>\n<div class=\"rich-description ds-text-base ds-text-neutral-900 text-collapsed\" data-v-c5813abd=\"\">Mat\u00e9riau durable : le c\u0153ur est en aluminium massif \u2013 le cadre est en bois de manguier massif, les deux mat\u00e9riaux sont respectueux de l&rsquo;environnement et durables.<\/div>\n<div class=\"rich-description ds-text-base ds-text-neutral-900 text-collapsed\" data-v-c5813abd=\"\">Polyvalent : la figurine en forme de c\u0153ur est id\u00e9ale comme accessoire d&rsquo;int\u00e9rieur toute l&rsquo;ann\u00e9e ou comme cadeau pour les mariages, la Saint-Valentin, etc.<\/div>\n<div class=\"rich-description ds-text-base ds-text-neutral-900 text-collapsed\" data-v-c5813abd=\"\">Grain individuel : chaque figurine a un grain et une couleur de bois individuels, ce qui la rend unique.,<\/div>\n<\/div>\n<div class=\"variant-shape-properties\" data-v-ba85ff5f=\"\" data-v-fb7741ce=\"\"><\/div>\n","protected":false},"excerpt":{"rendered":"<p>Superbe figurine de c\u0153ur d\u00e9corative en bois de manguier massif et aluminium mesurant L27xH21xP3cm. Style unique : la figurine en forme de petit c\u0153ur en bois est un objet de d\u00e9coration unique et fait \u00e0 la main qui embellira n&rsquo;importe quelle maison. Mat\u00e9riau durable : le c\u0153ur est en aluminium massif \u2013 le cadre est&hellip;<\/p>\n","protected":false},"featured_media":34974,"template":"","meta":[],"product_brand":[],"product_cat":[23],"product_tag":[],"class_list":{"0":"post-34970","1":"product","2":"type-product","3":"status-publish","4":"has-post-thumbnail","6":"product_cat-objets-deco","7":"description-off","9":"first","10":"instock","11":"shipping-taxable","12":"purchasable","13":"product-type-simple"},"_links":{"self":[{"href":"https:\/\/www.sweetmaloryne.com\/boutique\/wp-json\/wp\/v2\/product\/34970","targetHints":{"allow":["GET"]}}],"collection":[{"href":"https:\/\/www.sweetmaloryne.com\/boutique\/wp-json\/wp\/v2\/product"}],"about":[{"href":"https:\/\/www.sweetmaloryne.com\/boutique\/wp-json\/wp\/v2\/types\/product"}],"wp:featuredmedia":[{"embeddable":true,"href":"https:\/\/www.sweetmaloryne.com\/boutique\/wp-json\/wp\/v2\/media\/34974"}],"wp:attachment":[{"href":"https:\/\/www.sweetmaloryne.com\/boutique\/wp-json\/wp\/v2\/media?parent=34970"}],"wp:term":[{"taxonomy":"product_brand","embeddable":true,"href":"https:\/\/www.sweetmaloryne.com\/boutique\/wp-json\/wp\/v2\/product_brand?post=34970"},{"taxonomy":"product_cat","embeddable":true,"href":"https:\/\/www.sweetmaloryne.com\/boutique\/wp-json\/wp\/v2\/product_cat?post=34970"},{"taxonomy":"product_tag","embeddable":true,"href":"https:\/\/www.sweetmaloryne.com\/boutique\/wp-json\/wp\/v2\/product_tag?post=34970"}],"curies":[{"name":"wp","href":"https:\/\/api.w.org\/{rel}","templated":true}]}}