{"id":35544,"date":"2024-06-04T11:00:28","date_gmt":"2024-06-04T09:00:28","guid":{"rendered":"https:\/\/www.sweetmaloryne.com\/boutique\/?post_type=product&#038;p=35544"},"modified":"2026-01-22T16:51:07","modified_gmt":"2026-01-22T15:51:07","slug":"pot-en-ciment-jonas-o135x6cm","status":"publish","type":"product","link":"https:\/\/www.sweetmaloryne.com\/boutique\/produit\/pot-en-ciment-jonas-o135x6cm\/","title":{"rendered":"Bougeoir en ciment Kougloff \u00ab\u00a0Jonas\u00a0\u00bb \u00d813,5x6cm"},"content":{"rendered":"","protected":false},"excerpt":{"rendered":"<p>Moule \u00e0 p\u00e2tisserie en ciment pour planter. Ouverture de plantation : \u00d8 5,5 cm.<\/p>\n","protected":false},"featured_media":35526,"template":"","meta":[],"product_brand":[],"product_cat":[22,19,45,39],"product_tag":[],"class_list":{"0":"post-35544","1":"product","2":"type-product","3":"status-publish","4":"has-post-thumbnail","6":"product_cat-destockage","7":"product_cat-decoration","8":"product_cat-lanternes-photophores","9":"product_cat-luminaires","10":"description-off","12":"first","13":"instock","14":"sale","15":"shipping-taxable","16":"purchasable","17":"product-type-simple"},"_links":{"self":[{"href":"https:\/\/www.sweetmaloryne.com\/boutique\/wp-json\/wp\/v2\/product\/35544","targetHints":{"allow":["GET"]}}],"collection":[{"href":"https:\/\/www.sweetmaloryne.com\/boutique\/wp-json\/wp\/v2\/product"}],"about":[{"href":"https:\/\/www.sweetmaloryne.com\/boutique\/wp-json\/wp\/v2\/types\/product"}],"wp:featuredmedia":[{"embeddable":true,"href":"https:\/\/www.sweetmaloryne.com\/boutique\/wp-json\/wp\/v2\/media\/35526"}],"wp:attachment":[{"href":"https:\/\/www.sweetmaloryne.com\/boutique\/wp-json\/wp\/v2\/media?parent=35544"}],"wp:term":[{"taxonomy":"product_brand","embeddable":true,"href":"https:\/\/www.sweetmaloryne.com\/boutique\/wp-json\/wp\/v2\/product_brand?post=35544"},{"taxonomy":"product_cat","embeddable":true,"href":"https:\/\/www.sweetmaloryne.com\/boutique\/wp-json\/wp\/v2\/product_cat?post=35544"},{"taxonomy":"product_tag","embeddable":true,"href":"https:\/\/www.sweetmaloryne.com\/boutique\/wp-json\/wp\/v2\/product_tag?post=35544"}],"curies":[{"name":"wp","href":"https:\/\/api.w.org\/{rel}","templated":true}]}}