{"id":36235,"date":"2024-07-01T15:01:14","date_gmt":"2024-07-01T13:01:14","guid":{"rendered":"https:\/\/www.sweetmaloryne.com\/boutique\/?post_type=product&#038;p=36235"},"modified":"2026-01-01T11:05:28","modified_gmt":"2026-01-01T10:05:28","slug":"diffuseur-daromes-oiseaux-en-porcelaine-blanche-o9x17cm","status":"publish","type":"product","link":"https:\/\/www.sweetmaloryne.com\/boutique\/produit\/diffuseur-daromes-oiseaux-en-porcelaine-blanche-o9x17cm\/","title":{"rendered":"Diffuseur d&rsquo;Ar\u00f4mes \u00ab\u00a0Oiseaux\u00a0\u00bb en Porcelaine Blanche, \u00f89x17cm"},"content":{"rendered":"","protected":false},"excerpt":{"rendered":"<p>Ar\u00f4me Diffuseur \u00d8 9&#215;17 cm en porcelaine blanche.<\/p>\n<p>Un \u00e9l\u00e9gant diffuseur d&rsquo;huile de parfum en blanc, en porcelaine.<\/p>\n<p>\u00c9clair\u00e9, avec diff\u00e9rents modes de fr\u00e9quence, avec chargeur.<\/p>\n<p>R\u00e9partissez un merveilleux parfum dans votre maison!<\/p>\n","protected":false},"featured_media":36237,"template":"","meta":[],"product_brand":[],"product_cat":[22,828,63,45,20,825],"product_tag":[],"class_list":{"0":"post-36235","1":"product","2":"type-product","3":"status-publish","4":"has-post-thumbnail","6":"product_cat-destockage","7":"product_cat-diffuseurs","8":"product_cat-lampes-a-poser","9":"product_cat-lanternes-photophores","10":"product_cat-lifestyle","11":"product_cat-parfum-dinterieur","12":"description-off","14":"first","15":"instock","16":"sale","17":"shipping-taxable","18":"purchasable","19":"product-type-simple"},"_links":{"self":[{"href":"https:\/\/www.sweetmaloryne.com\/boutique\/wp-json\/wp\/v2\/product\/36235","targetHints":{"allow":["GET"]}}],"collection":[{"href":"https:\/\/www.sweetmaloryne.com\/boutique\/wp-json\/wp\/v2\/product"}],"about":[{"href":"https:\/\/www.sweetmaloryne.com\/boutique\/wp-json\/wp\/v2\/types\/product"}],"wp:featuredmedia":[{"embeddable":true,"href":"https:\/\/www.sweetmaloryne.com\/boutique\/wp-json\/wp\/v2\/media\/36237"}],"wp:attachment":[{"href":"https:\/\/www.sweetmaloryne.com\/boutique\/wp-json\/wp\/v2\/media?parent=36235"}],"wp:term":[{"taxonomy":"product_brand","embeddable":true,"href":"https:\/\/www.sweetmaloryne.com\/boutique\/wp-json\/wp\/v2\/product_brand?post=36235"},{"taxonomy":"product_cat","embeddable":true,"href":"https:\/\/www.sweetmaloryne.com\/boutique\/wp-json\/wp\/v2\/product_cat?post=36235"},{"taxonomy":"product_tag","embeddable":true,"href":"https:\/\/www.sweetmaloryne.com\/boutique\/wp-json\/wp\/v2\/product_tag?post=36235"}],"curies":[{"name":"wp","href":"https:\/\/api.w.org\/{rel}","templated":true}]}}