{"id":36341,"date":"2024-07-02T11:27:14","date_gmt":"2024-07-02T09:27:14","guid":{"rendered":"https:\/\/www.sweetmaloryne.com\/boutique\/?post_type=product&#038;p=36341"},"modified":"2026-01-01T11:05:28","modified_gmt":"2026-01-01T10:05:28","slug":"guirlande-deco-boules-inox-115x90cm","status":"publish","type":"product","link":"https:\/\/www.sweetmaloryne.com\/boutique\/produit\/guirlande-deco-boules-inox-115x90cm\/","title":{"rendered":"Guirlande D\u00e9co \u00ab\u00a0Boules\u00a0\u00bb Inox 11,5x90cm"},"content":{"rendered":"","protected":false},"excerpt":{"rendered":"<p>La guirlande Boules en acier inoxydable argent\u00e9 est une d\u00e9coration moderne et styl\u00e9e pour les occasions festives. Avec une largeur de 11,5 cm et une hauteur de 90 cm, il attire tous les regards. Gr\u00e2ce \u00e0 sa surface brillante, la guirlande convient aussi bien \u00e0 une utilisation int\u00e9rieure qu&rsquo;ext\u00e9rieure prot\u00e9g\u00e9e. La finition de qualit\u00e9 sup\u00e9rieure garantit une longue dur\u00e9e de vie de cet \u00e9l\u00e9ment d\u00e9coratif. Apportez une touche d&rsquo;\u00e9l\u00e9gance \u00e0 vos pi\u00e8ces avec la guirlande Balls et cr\u00e9ez une ambiance festive.<\/p>\n","protected":false},"featured_media":36343,"template":"","meta":[],"product_brand":[],"product_cat":[22,40,53,885],"product_tag":[],"class_list":{"0":"post-36341","1":"product","2":"type-product","3":"status-publish","4":"has-post-thumbnail","6":"product_cat-destockage","7":"product_cat-jardin","8":"product_cat-pendentifs","9":"product_cat-suspension-decorative","10":"description-off","12":"first","13":"instock","14":"sale","15":"shipping-taxable","16":"purchasable","17":"product-type-simple"},"_links":{"self":[{"href":"https:\/\/www.sweetmaloryne.com\/boutique\/wp-json\/wp\/v2\/product\/36341","targetHints":{"allow":["GET"]}}],"collection":[{"href":"https:\/\/www.sweetmaloryne.com\/boutique\/wp-json\/wp\/v2\/product"}],"about":[{"href":"https:\/\/www.sweetmaloryne.com\/boutique\/wp-json\/wp\/v2\/types\/product"}],"wp:featuredmedia":[{"embeddable":true,"href":"https:\/\/www.sweetmaloryne.com\/boutique\/wp-json\/wp\/v2\/media\/36343"}],"wp:attachment":[{"href":"https:\/\/www.sweetmaloryne.com\/boutique\/wp-json\/wp\/v2\/media?parent=36341"}],"wp:term":[{"taxonomy":"product_brand","embeddable":true,"href":"https:\/\/www.sweetmaloryne.com\/boutique\/wp-json\/wp\/v2\/product_brand?post=36341"},{"taxonomy":"product_cat","embeddable":true,"href":"https:\/\/www.sweetmaloryne.com\/boutique\/wp-json\/wp\/v2\/product_cat?post=36341"},{"taxonomy":"product_tag","embeddable":true,"href":"https:\/\/www.sweetmaloryne.com\/boutique\/wp-json\/wp\/v2\/product_tag?post=36341"}],"curies":[{"name":"wp","href":"https:\/\/api.w.org\/{rel}","templated":true}]}}