{"id":36595,"date":"2026-01-05T11:12:18","date_gmt":"2026-01-05T10:12:18","guid":{"rendered":"https:\/\/www.sweetmaloryne.com\/boutique\/?post_type=product&#038;p=36595"},"modified":"2026-01-22T15:41:50","modified_gmt":"2026-01-22T14:41:50","slug":"papillon-en-metal-au-look-use-avec-details-rouilles-3-couleurs-assorties-20x21x2hcm","status":"publish","type":"product","link":"https:\/\/www.sweetmaloryne.com\/boutique\/produit\/papillon-en-metal-au-look-use-avec-details-rouilles-3-couleurs-assorties-20x21x2hcm\/","title":{"rendered":"Papillon en M\u00e9tal au Look Us\u00e9 avec D\u00e9tails Rouill\u00e9s. 3 Couleurs Assorties. 20x21x2Hcm"},"content":{"rendered":"","protected":false},"excerpt":{"rendered":"","protected":false},"featured_media":36596,"template":"","meta":[],"product_brand":[],"product_cat":[22,27,40],"product_tag":[],"class_list":{"0":"post-36595","1":"product","2":"type-product","3":"status-publish","4":"has-post-thumbnail","6":"product_cat-destockage","7":"product_cat-deco-murale","8":"product_cat-jardin","9":"description-off","11":"first","12":"instock","13":"sale","14":"shipping-taxable","15":"purchasable","16":"product-type-simple"},"_links":{"self":[{"href":"https:\/\/www.sweetmaloryne.com\/boutique\/wp-json\/wp\/v2\/product\/36595","targetHints":{"allow":["GET"]}}],"collection":[{"href":"https:\/\/www.sweetmaloryne.com\/boutique\/wp-json\/wp\/v2\/product"}],"about":[{"href":"https:\/\/www.sweetmaloryne.com\/boutique\/wp-json\/wp\/v2\/types\/product"}],"wp:featuredmedia":[{"embeddable":true,"href":"https:\/\/www.sweetmaloryne.com\/boutique\/wp-json\/wp\/v2\/media\/36596"}],"wp:attachment":[{"href":"https:\/\/www.sweetmaloryne.com\/boutique\/wp-json\/wp\/v2\/media?parent=36595"}],"wp:term":[{"taxonomy":"product_brand","embeddable":true,"href":"https:\/\/www.sweetmaloryne.com\/boutique\/wp-json\/wp\/v2\/product_brand?post=36595"},{"taxonomy":"product_cat","embeddable":true,"href":"https:\/\/www.sweetmaloryne.com\/boutique\/wp-json\/wp\/v2\/product_cat?post=36595"},{"taxonomy":"product_tag","embeddable":true,"href":"https:\/\/www.sweetmaloryne.com\/boutique\/wp-json\/wp\/v2\/product_tag?post=36595"}],"curies":[{"name":"wp","href":"https:\/\/api.w.org\/{rel}","templated":true}]}}