{"id":36728,"date":"2024-09-26T09:16:46","date_gmt":"2024-09-26T07:16:46","guid":{"rendered":"https:\/\/www.sweetmaloryne.com\/boutique\/?post_type=product&#038;p=36728"},"modified":"2025-06-20T18:01:38","modified_gmt":"2025-06-20T16:01:38","slug":"abeille-suspendue-sur-mangeoire-en-metal-recycle-8x24cm","status":"publish","type":"product","link":"https:\/\/www.sweetmaloryne.com\/boutique\/produit\/abeille-suspendue-sur-mangeoire-en-metal-recycle-8x24cm\/","title":{"rendered":"Abeille Suspendue sur Mangeoire en M\u00e9tal Recycl\u00e9, 8x24cm"},"content":{"rendered":"<p>Zimba-Arts est une entreprise sp\u00e9cialis\u00e9e dans l&rsquo;art du commerce \u00e9quitable en provenance d&rsquo;Afrique. Ils utilisent des mat\u00e9riaux recycl\u00e9s et durables pour cr\u00e9er des \u0153uvres d&rsquo;art faites \u00e0 la main.<\/p>\n<p>L&rsquo;entreprise est membre officiel de l&rsquo;Organisation mondiale du commerce \u00e9quitable.<\/p>\n<p>Elle a \u00e9t\u00e9 fond\u00e9e par Shadreck Huni, d&rsquo;origine zimbabw\u00e9enne mais n\u00e9erlandais.<\/p>\n<p>Au d\u00e9part, il a commenc\u00e9 \u00e0 fabriquer et \u00e0 vendre des \u0153uvres d&rsquo;art traditionnelles du Zimbabwe pour financer ses \u00e9tudes aux Pays-Bas. Plus tard, son art est devenu populaire sur les march\u00e9s de l\u2019art, les festivals et les salons professionnels europ\u00e9ens.<\/p>\n<p>Il d\u00e9cide alors d&rsquo;aider les jeunes de son pays d&rsquo;origine en important des \u0153uvres d&rsquo;art faites \u00e0 la main par ses anciens camarades de classe au Zimbabwe.<\/p>\n<p>Cette graine est devenue Zimba-Arts, une entreprise qui fournit d\u00e9sormais plus de 400 d\u00e9taillants dans six pays.<\/p>\n<p>Les fonds r\u00e9colt\u00e9s gr\u00e2ce \u00e0 la vente de cette \u0153uvre d\u2019art continuent de contribuer \u00e0 financer l\u2019\u00e9ducation, \u00e0 soutenir les enfants et \u00e0 nourrir les familles des m\u00eames communaut\u00e9s o\u00f9 l\u2019art est fabriqu\u00e9 \u00e0 la main.<\/p>\n<p>En tant que fondateur et PDG, Shadreck travaille avec des groupes d&rsquo;artistes dans les banlieues \u00e0 forte densit\u00e9 de Harare, la capitale du Zimbabwe.<\/p>\n<p>Il propose du mentorat pour accro\u00eetre leurs comp\u00e9tences et rendre leur art accessible au-del\u00e0 du march\u00e9 africain.<\/p>\n<p>En 2014, Zimba-Arts a \u00e9largi sa collaboration et son mentorat pour inclure des artistes d&rsquo;Ongata Rongai, un \u00e9tablissement p\u00e9riurbain situ\u00e9 \u00e0 la p\u00e9riph\u00e9rie de Nairobi, au Kenya.<\/p>\n<p>Shadreck croit en la cr\u00e9ativit\u00e9, le talent et le potentiel de chacun de ces jeunes artistes et s&rsquo;efforce de les aider \u00e0 obtenir un revenu durable en cr\u00e9ant et en vendant leur art.<\/p>\n","protected":false},"excerpt":{"rendered":"<div data-v-77197b77=\"\" data-v-2550e17b=\"\">\n<div class=\"rich-description ds-text-base ds-text-neutral-900 text-collapsed\" data-v-77197b77=\"\">Cette impressionnante sculpture en m\u00e9tal repr\u00e9sente une grande abeille suspendue \u00e0 une mangeoire \u00e0 oiseaux, mettant en valeur la beaut\u00e9 de la nature et l&rsquo;importance des pollinisateurs. Fabriqu\u00e9e \u00e0 la main avec des d\u00e9tails et des textures complexes, cette pi\u00e8ce ajoute une touche d&rsquo;\u00e9l\u00e9gance et de sophistication \u00e0 n&rsquo;importe quel espace.<\/div>\n<\/div>\n<div class=\"variant-shape-properties\" data-v-dc2dccc1=\"\" data-v-2550e17b=\"\">\n<div class=\"variant-shape-properties__section\" data-v-dc2dccc1=\"\"><strong data-v-dc2dccc1=\"\">Dimensions<\/strong><\/p>\n<div class=\"variant-shape-properties__table\" data-v-dc2dccc1=\"\">\n<div data-v-dc2dccc1=\"\">\n<div data-v-dc2dccc1=\"\">Largeur<\/div>\n<div data-v-dc2dccc1=\"\">8 cm<\/div>\n<\/div>\n<div data-v-dc2dccc1=\"\">\n<div data-v-dc2dccc1=\"\">Hauteur<\/div>\n<div data-v-dc2dccc1=\"\">24 cm<\/div>\n<\/div>\n<\/div>\n<\/div>\n<\/div>\n","protected":false},"featured_media":36719,"template":"","meta":[],"product_brand":[],"product_cat":[27,47,40],"product_tag":[],"class_list":{"0":"post-36728","1":"product","2":"type-product","3":"status-publish","4":"has-post-thumbnail","6":"product_cat-deco-murale","7":"product_cat-figurines","8":"product_cat-jardin","9":"description-off","11":"first","12":"instock","13":"shipping-taxable","14":"purchasable","15":"product-type-simple"},"_links":{"self":[{"href":"https:\/\/www.sweetmaloryne.com\/boutique\/wp-json\/wp\/v2\/product\/36728","targetHints":{"allow":["GET"]}}],"collection":[{"href":"https:\/\/www.sweetmaloryne.com\/boutique\/wp-json\/wp\/v2\/product"}],"about":[{"href":"https:\/\/www.sweetmaloryne.com\/boutique\/wp-json\/wp\/v2\/types\/product"}],"wp:featuredmedia":[{"embeddable":true,"href":"https:\/\/www.sweetmaloryne.com\/boutique\/wp-json\/wp\/v2\/media\/36719"}],"wp:attachment":[{"href":"https:\/\/www.sweetmaloryne.com\/boutique\/wp-json\/wp\/v2\/media?parent=36728"}],"wp:term":[{"taxonomy":"product_brand","embeddable":true,"href":"https:\/\/www.sweetmaloryne.com\/boutique\/wp-json\/wp\/v2\/product_brand?post=36728"},{"taxonomy":"product_cat","embeddable":true,"href":"https:\/\/www.sweetmaloryne.com\/boutique\/wp-json\/wp\/v2\/product_cat?post=36728"},{"taxonomy":"product_tag","embeddable":true,"href":"https:\/\/www.sweetmaloryne.com\/boutique\/wp-json\/wp\/v2\/product_tag?post=36728"}],"curies":[{"name":"wp","href":"https:\/\/api.w.org\/{rel}","templated":true}]}}