{"id":36734,"date":"2026-01-26T16:18:49","date_gmt":"2026-01-26T15:18:49","guid":{"rendered":"https:\/\/www.sweetmaloryne.com\/boutique\/?post_type=product&#038;p=36734"},"modified":"2026-01-26T16:18:50","modified_gmt":"2026-01-26T15:18:50","slug":"pendentif-doiseaux-en-bois-durable-11x21cm","status":"publish","type":"product","link":"https:\/\/www.sweetmaloryne.com\/boutique\/produit\/pendentif-doiseaux-en-bois-durable-11x21cm\/","title":{"rendered":"Pendentif d&rsquo;Oiseaux en Bois Durable, 11x21cm"},"content":{"rendered":"<p id=\"tw-target-text\" class=\"tw-data-text tw-text-large tw-ta\" dir=\"ltr\" data-placeholder=\"Traduction\" aria-label=\"Texte traduit\" data-ved=\"2ahUKEwizv9CtirCHAxV0RKQEHbLnArUQ3ewLegQIBhAT\"><span class=\"Y2IQFc\" lang=\"fr\">D\u00e9corez votre maison ou votre jardin avec le charmant ensemble familial d&rsquo;oiseaux en bois durable.<br \/>\nSculpt\u00e9 \u00e0 la main \u00e0 partir de bois de Jacaranda \u00e0 croissance rapide par des artisans kenyans qualifi\u00e9s, cet ensemble de pics r\u00e9alistes met en valeur un savoir-faire exceptionnel et une responsabilit\u00e9 environnementale.<br \/>\nLes d\u00e9tails complexes et la finition naturelle font de ces oiseaux un ajout charmant \u00e0 n\u2019importe quel espace.<br \/>\nId\u00e9al pour les amoureux de la nature et ceux qui appr\u00e9cient l\u2019art durable, cet ensemble soutient la conservation des for\u00eats et fournit un revenu durable aux sculpteurs sur bois kenyans.<\/span><\/p>\n","protected":false},"excerpt":{"rendered":"<p>D\u00e9corez votre maison ou votre jardin avec le charmant ensemble familial d&rsquo;oiseaux en bois durable. Sculpt\u00e9 \u00e0 la main \u00e0 partir de bois de Jacaranda \u00e0 croissance rapide par des artisans kenyans qualifi\u00e9s, cet ensemble de pics r\u00e9alistes met en valeur un savoir-faire exceptionnel et une responsabilit\u00e9 environnementale. Les d\u00e9tails complexes et la finition naturelle&hellip;<\/p>\n","protected":false},"featured_media":36724,"template":"","meta":[],"product_brand":[],"product_cat":[22,881,40,53],"product_tag":[],"class_list":{"0":"post-36734","1":"product","2":"type-product","3":"status-publish","4":"has-post-thumbnail","6":"product_cat-destockage","7":"product_cat-animaux-decoratifs","8":"product_cat-jardin","9":"product_cat-pendentifs","10":"description-off","12":"first","13":"instock","14":"sale","15":"shipping-taxable","16":"purchasable","17":"product-type-simple"},"_links":{"self":[{"href":"https:\/\/www.sweetmaloryne.com\/boutique\/wp-json\/wp\/v2\/product\/36734","targetHints":{"allow":["GET"]}}],"collection":[{"href":"https:\/\/www.sweetmaloryne.com\/boutique\/wp-json\/wp\/v2\/product"}],"about":[{"href":"https:\/\/www.sweetmaloryne.com\/boutique\/wp-json\/wp\/v2\/types\/product"}],"wp:featuredmedia":[{"embeddable":true,"href":"https:\/\/www.sweetmaloryne.com\/boutique\/wp-json\/wp\/v2\/media\/36724"}],"wp:attachment":[{"href":"https:\/\/www.sweetmaloryne.com\/boutique\/wp-json\/wp\/v2\/media?parent=36734"}],"wp:term":[{"taxonomy":"product_brand","embeddable":true,"href":"https:\/\/www.sweetmaloryne.com\/boutique\/wp-json\/wp\/v2\/product_brand?post=36734"},{"taxonomy":"product_cat","embeddable":true,"href":"https:\/\/www.sweetmaloryne.com\/boutique\/wp-json\/wp\/v2\/product_cat?post=36734"},{"taxonomy":"product_tag","embeddable":true,"href":"https:\/\/www.sweetmaloryne.com\/boutique\/wp-json\/wp\/v2\/product_tag?post=36734"}],"curies":[{"name":"wp","href":"https:\/\/api.w.org\/{rel}","templated":true}]}}