{"id":36738,"date":"2024-07-18T09:49:43","date_gmt":"2024-07-18T07:49:43","guid":{"rendered":"https:\/\/www.sweetmaloryne.com\/boutique\/?post_type=product&#038;p=36738"},"modified":"2026-01-01T11:26:58","modified_gmt":"2026-01-01T10:26:58","slug":"libellule-murale-en-metal-recycle-45x13x79cm","status":"publish","type":"product","link":"https:\/\/www.sweetmaloryne.com\/boutique\/produit\/libellule-murale-en-metal-recycle-45x13x79cm\/","title":{"rendered":"Libellule Murale en M\u00e9tal Recycl\u00e9, 45x13x79cm"},"content":{"rendered":"<div data-v-77197b77=\"\" data-v-2550e17b=\"\">\n<div class=\"rich-description ds-text-base ds-text-neutral-900 text-collapsed\" data-v-77197b77=\"\">Ajoutez une touche d\u2019\u00e9l\u00e9gance et de s\u00e9r\u00e9nit\u00e9 \u00e0 votre maison avec notre superbe d\u00e9coration murale Dragonfly Whisper.<\/div>\n<div class=\"rich-description ds-text-base ds-text-neutral-900 text-collapsed\" data-v-77197b77=\"\">Cette magnifique pi\u00e8ce pr\u00e9sente un d\u00e9licat motif de libellule fabriqu\u00e9 \u00e0 partir de m\u00e9tal de haute qualit\u00e9, avec des d\u00e9tails complexes et une finition saisissante.<\/div>\n<div class=\"rich-description ds-text-base ds-text-neutral-900 text-collapsed\" data-v-77197b77=\"\">Les ailes de la libellule sont largement d\u00e9ploy\u00e9es, comme en plein vol, cr\u00e9ant une sensation de mouvement et de libert\u00e9.<\/div>\n<\/div>\n<div class=\"variant-shape-properties\" data-v-dc2dccc1=\"\" data-v-2550e17b=\"\">\n<div class=\"variant-shape-properties__section\" data-v-dc2dccc1=\"\"><strong data-v-dc2dccc1=\"\">Dimensions<\/strong><\/p>\n<div class=\"variant-shape-properties__table\" data-v-dc2dccc1=\"\">\n<div data-v-dc2dccc1=\"\">\n<div data-v-dc2dccc1=\"\">Longueur<\/div>\n<div data-v-dc2dccc1=\"\">45 cm<\/div>\n<\/div>\n<div data-v-dc2dccc1=\"\">\n<div data-v-dc2dccc1=\"\">Largeur<\/div>\n<div data-v-dc2dccc1=\"\">79 cm<\/div>\n<\/div>\n<div data-v-dc2dccc1=\"\">\n<div data-v-dc2dccc1=\"\">Hauteur<\/div>\n<div data-v-dc2dccc1=\"\">13 cm<\/div>\n<\/div>\n<\/div>\n<\/div>\n<\/div>\n","protected":false},"excerpt":{"rendered":"<p>Ajoutez une touche d\u2019\u00e9l\u00e9gance et de s\u00e9r\u00e9nit\u00e9 \u00e0 votre maison avec notre superbe d\u00e9coration murale Dragonfly Whisper. Cette magnifique pi\u00e8ce pr\u00e9sente un d\u00e9licat motif de libellule fabriqu\u00e9 \u00e0 partir de m\u00e9tal de haute qualit\u00e9, avec des d\u00e9tails complexes et une finition saisissante. Les ailes de la libellule sont largement d\u00e9ploy\u00e9es, comme en plein vol, cr\u00e9ant&hellip;<\/p>\n","protected":false},"featured_media":36739,"template":"","meta":[],"product_brand":[],"product_cat":[22,881,27,40],"product_tag":[],"class_list":{"0":"post-36738","1":"product","2":"type-product","3":"status-publish","4":"has-post-thumbnail","6":"product_cat-destockage","7":"product_cat-animaux-decoratifs","8":"product_cat-deco-murale","9":"product_cat-jardin","10":"description-off","12":"first","13":"instock","14":"sale","15":"shipping-taxable","16":"purchasable","17":"product-type-simple"},"_links":{"self":[{"href":"https:\/\/www.sweetmaloryne.com\/boutique\/wp-json\/wp\/v2\/product\/36738","targetHints":{"allow":["GET"]}}],"collection":[{"href":"https:\/\/www.sweetmaloryne.com\/boutique\/wp-json\/wp\/v2\/product"}],"about":[{"href":"https:\/\/www.sweetmaloryne.com\/boutique\/wp-json\/wp\/v2\/types\/product"}],"wp:featuredmedia":[{"embeddable":true,"href":"https:\/\/www.sweetmaloryne.com\/boutique\/wp-json\/wp\/v2\/media\/36739"}],"wp:attachment":[{"href":"https:\/\/www.sweetmaloryne.com\/boutique\/wp-json\/wp\/v2\/media?parent=36738"}],"wp:term":[{"taxonomy":"product_brand","embeddable":true,"href":"https:\/\/www.sweetmaloryne.com\/boutique\/wp-json\/wp\/v2\/product_brand?post=36738"},{"taxonomy":"product_cat","embeddable":true,"href":"https:\/\/www.sweetmaloryne.com\/boutique\/wp-json\/wp\/v2\/product_cat?post=36738"},{"taxonomy":"product_tag","embeddable":true,"href":"https:\/\/www.sweetmaloryne.com\/boutique\/wp-json\/wp\/v2\/product_tag?post=36738"}],"curies":[{"name":"wp","href":"https:\/\/api.w.org\/{rel}","templated":true}]}}