{"id":36804,"date":"2026-01-05T11:12:18","date_gmt":"2026-01-05T10:12:18","guid":{"rendered":"https:\/\/www.sweetmaloryne.com\/boutique\/?post_type=product&#038;p=36804"},"modified":"2026-01-05T11:12:18","modified_gmt":"2026-01-05T10:12:18","slug":"figurine-camy-3-modeles-de-coleoptere-au-choix-en-resine-doree-35x9x11cm","status":"publish","type":"product","link":"https:\/\/www.sweetmaloryne.com\/boutique\/produit\/figurine-camy-3-modeles-de-coleoptere-au-choix-en-resine-doree-35x9x11cm\/","title":{"rendered":"Figurine \u00ab\u00a0Camy\u00a0\u00bb 3 Mod\u00e8les de Col\u00e9opt\u00e8re au Choix, en R\u00e9sine Dor\u00e9e, 3,5x9x11cm"},"content":{"rendered":"","protected":false},"excerpt":{"rendered":"","protected":false},"featured_media":36813,"template":"","meta":[],"product_brand":[],"product_cat":[22,27,47,23],"product_tag":[],"class_list":{"0":"post-36804","1":"product","2":"type-product","3":"status-publish","4":"has-post-thumbnail","6":"product_cat-destockage","7":"product_cat-deco-murale","8":"product_cat-figurines","9":"product_cat-objets-deco","10":"description-off","12":"first","13":"instock","14":"sale","15":"shipping-taxable","16":"purchasable","17":"product-type-simple"},"_links":{"self":[{"href":"https:\/\/www.sweetmaloryne.com\/boutique\/wp-json\/wp\/v2\/product\/36804","targetHints":{"allow":["GET"]}}],"collection":[{"href":"https:\/\/www.sweetmaloryne.com\/boutique\/wp-json\/wp\/v2\/product"}],"about":[{"href":"https:\/\/www.sweetmaloryne.com\/boutique\/wp-json\/wp\/v2\/types\/product"}],"wp:featuredmedia":[{"embeddable":true,"href":"https:\/\/www.sweetmaloryne.com\/boutique\/wp-json\/wp\/v2\/media\/36813"}],"wp:attachment":[{"href":"https:\/\/www.sweetmaloryne.com\/boutique\/wp-json\/wp\/v2\/media?parent=36804"}],"wp:term":[{"taxonomy":"product_brand","embeddable":true,"href":"https:\/\/www.sweetmaloryne.com\/boutique\/wp-json\/wp\/v2\/product_brand?post=36804"},{"taxonomy":"product_cat","embeddable":true,"href":"https:\/\/www.sweetmaloryne.com\/boutique\/wp-json\/wp\/v2\/product_cat?post=36804"},{"taxonomy":"product_tag","embeddable":true,"href":"https:\/\/www.sweetmaloryne.com\/boutique\/wp-json\/wp\/v2\/product_tag?post=36804"}],"curies":[{"name":"wp","href":"https:\/\/api.w.org\/{rel}","templated":true}]}}