{"id":37197,"date":"2026-01-05T11:15:53","date_gmt":"2026-01-05T10:15:53","guid":{"rendered":"https:\/\/www.sweetmaloryne.com\/boutique\/?post_type=product&#038;p=37197"},"modified":"2026-01-29T11:58:28","modified_gmt":"2026-01-29T10:58:28","slug":"corbeau-des-forets-sur-socle-en-metal-rouille-32xh-32cm","status":"publish","type":"product","link":"https:\/\/www.sweetmaloryne.com\/boutique\/produit\/corbeau-des-forets-sur-socle-en-metal-rouille-32xh-32cm\/","title":{"rendered":"Corbeau des For\u00eats, sur Socle, en M\u00e9tal Rouill\u00e9, 32xH.32cm"},"content":{"rendered":"","protected":false},"excerpt":{"rendered":"","protected":false},"featured_media":37198,"template":"","meta":[],"product_brand":[],"product_cat":[22,881,19,47,40,890,883],"product_tag":[],"class_list":{"0":"post-37197","1":"product","2":"type-product","3":"status-publish","4":"has-post-thumbnail","6":"product_cat-destockage","7":"product_cat-animaux-decoratifs","8":"product_cat-decoration","9":"product_cat-figurines","10":"product_cat-jardin","11":"product_cat-ornement-a-poser-jardin","12":"product_cat-ornement-en-corten-a-poser","13":"description-off","15":"first","16":"instock","17":"sale","18":"shipping-taxable","19":"purchasable","20":"product-type-simple"},"_links":{"self":[{"href":"https:\/\/www.sweetmaloryne.com\/boutique\/wp-json\/wp\/v2\/product\/37197","targetHints":{"allow":["GET"]}}],"collection":[{"href":"https:\/\/www.sweetmaloryne.com\/boutique\/wp-json\/wp\/v2\/product"}],"about":[{"href":"https:\/\/www.sweetmaloryne.com\/boutique\/wp-json\/wp\/v2\/types\/product"}],"wp:featuredmedia":[{"embeddable":true,"href":"https:\/\/www.sweetmaloryne.com\/boutique\/wp-json\/wp\/v2\/media\/37198"}],"wp:attachment":[{"href":"https:\/\/www.sweetmaloryne.com\/boutique\/wp-json\/wp\/v2\/media?parent=37197"}],"wp:term":[{"taxonomy":"product_brand","embeddable":true,"href":"https:\/\/www.sweetmaloryne.com\/boutique\/wp-json\/wp\/v2\/product_brand?post=37197"},{"taxonomy":"product_cat","embeddable":true,"href":"https:\/\/www.sweetmaloryne.com\/boutique\/wp-json\/wp\/v2\/product_cat?post=37197"},{"taxonomy":"product_tag","embeddable":true,"href":"https:\/\/www.sweetmaloryne.com\/boutique\/wp-json\/wp\/v2\/product_tag?post=37197"}],"curies":[{"name":"wp","href":"https:\/\/api.w.org\/{rel}","templated":true}]}}