{"id":3739,"date":"2018-01-30T11:41:13","date_gmt":"2018-01-30T10:41:13","guid":{"rendered":"https:\/\/sweetmaloryne.com\/boutique\/produit\/suspension-rose-ariel\/"},"modified":"2025-09-19T11:51:54","modified_gmt":"2025-09-19T09:51:54","slug":"suspension-rose-ariel","status":"publish","type":"product","link":"https:\/\/www.sweetmaloryne.com\/boutique\/produit\/suspension-rose-ariel\/","title":{"rendered":"Suspension Rose Ariel en Bois"},"content":{"rendered":"","protected":false},"excerpt":{"rendered":"<p>Tr\u00e8s jolie suspension en bois de couleur naturelle et rose de la marque fran\u00e7aise Amadeus. Elle est vendue avec l&rsquo;\u00e9quipement \u00e9lectrique et sans ampoule.<\/p>\n","protected":false},"featured_media":3738,"template":"","meta":[],"product_brand":[],"product_cat":[66,52],"product_tag":[392,414,416,415,417],"class_list":{"0":"post-3739","1":"product","2":"type-product","3":"status-publish","4":"has-post-thumbnail","6":"product_cat-lampes-veilleuses-kids","7":"product_cat-suspensions-lustres","8":"product_tag-amadeus","9":"product_tag-suspension-ampoule-retro","10":"product_tag-suspension-bois","11":"product_tag-suspension-rose","12":"product_tag-suspension-rose-ariel","13":"pa_composition-2e-bois","14":"pa_hauteur-6d-84cm","15":"pa_profondeur-a3-5cm","16":"description-off","18":"first","19":"instock","20":"shipping-taxable","21":"purchasable","22":"product-type-simple"},"_links":{"self":[{"href":"https:\/\/www.sweetmaloryne.com\/boutique\/wp-json\/wp\/v2\/product\/3739","targetHints":{"allow":["GET"]}}],"collection":[{"href":"https:\/\/www.sweetmaloryne.com\/boutique\/wp-json\/wp\/v2\/product"}],"about":[{"href":"https:\/\/www.sweetmaloryne.com\/boutique\/wp-json\/wp\/v2\/types\/product"}],"wp:featuredmedia":[{"embeddable":true,"href":"https:\/\/www.sweetmaloryne.com\/boutique\/wp-json\/wp\/v2\/media\/3738"}],"wp:attachment":[{"href":"https:\/\/www.sweetmaloryne.com\/boutique\/wp-json\/wp\/v2\/media?parent=3739"}],"wp:term":[{"taxonomy":"product_brand","embeddable":true,"href":"https:\/\/www.sweetmaloryne.com\/boutique\/wp-json\/wp\/v2\/product_brand?post=3739"},{"taxonomy":"product_cat","embeddable":true,"href":"https:\/\/www.sweetmaloryne.com\/boutique\/wp-json\/wp\/v2\/product_cat?post=3739"},{"taxonomy":"product_tag","embeddable":true,"href":"https:\/\/www.sweetmaloryne.com\/boutique\/wp-json\/wp\/v2\/product_tag?post=3739"}],"curies":[{"name":"wp","href":"https:\/\/api.w.org\/{rel}","templated":true}]}}