{"id":3741,"date":"2018-01-30T11:46:16","date_gmt":"2018-01-30T10:46:16","guid":{"rendered":"https:\/\/sweetmaloryne.com\/boutique\/produit\/suspension-bleu-ariel\/"},"modified":"2025-09-19T11:52:28","modified_gmt":"2025-09-19T09:52:28","slug":"suspension-bleu-ariel","status":"publish","type":"product","link":"https:\/\/www.sweetmaloryne.com\/boutique\/produit\/suspension-bleu-ariel\/","title":{"rendered":"Suspension Bleu Ariel en Bois"},"content":{"rendered":"","protected":false},"excerpt":{"rendered":"<p>Tr\u00e8s jolie suspension en bois de couleur naturelle et bleue de la marque fran\u00e7aise Amadeus. Elle est vendue avec l&rsquo;\u00e9quipement \u00e9lectrique et sans ampoule.<\/p>\n","protected":false},"featured_media":3740,"template":"","meta":[],"product_brand":[],"product_cat":[41,66,39,52],"product_tag":[392,414,418,419],"class_list":{"0":"post-3741","1":"product","2":"type-product","3":"status-publish","4":"has-post-thumbnail","6":"product_cat-kids","7":"product_cat-lampes-veilleuses-kids","8":"product_cat-luminaires","9":"product_cat-suspensions-lustres","10":"product_tag-amadeus","11":"product_tag-suspension-ampoule-retro","12":"product_tag-suspension-bleu-ariel","13":"product_tag-suspension-chambre-denfants","14":"pa_composition-2e-bois","15":"pa_hauteur-6d-84cm","16":"pa_profondeur-a3-5cm","17":"description-off","19":"first","20":"instock","21":"shipping-taxable","22":"purchasable","23":"product-type-simple"},"_links":{"self":[{"href":"https:\/\/www.sweetmaloryne.com\/boutique\/wp-json\/wp\/v2\/product\/3741","targetHints":{"allow":["GET"]}}],"collection":[{"href":"https:\/\/www.sweetmaloryne.com\/boutique\/wp-json\/wp\/v2\/product"}],"about":[{"href":"https:\/\/www.sweetmaloryne.com\/boutique\/wp-json\/wp\/v2\/types\/product"}],"wp:featuredmedia":[{"embeddable":true,"href":"https:\/\/www.sweetmaloryne.com\/boutique\/wp-json\/wp\/v2\/media\/3740"}],"wp:attachment":[{"href":"https:\/\/www.sweetmaloryne.com\/boutique\/wp-json\/wp\/v2\/media?parent=3741"}],"wp:term":[{"taxonomy":"product_brand","embeddable":true,"href":"https:\/\/www.sweetmaloryne.com\/boutique\/wp-json\/wp\/v2\/product_brand?post=3741"},{"taxonomy":"product_cat","embeddable":true,"href":"https:\/\/www.sweetmaloryne.com\/boutique\/wp-json\/wp\/v2\/product_cat?post=3741"},{"taxonomy":"product_tag","embeddable":true,"href":"https:\/\/www.sweetmaloryne.com\/boutique\/wp-json\/wp\/v2\/product_tag?post=3741"}],"curies":[{"name":"wp","href":"https:\/\/api.w.org\/{rel}","templated":true}]}}