{"id":3743,"date":"2018-01-30T13:32:49","date_gmt":"2018-01-30T12:32:49","guid":{"rendered":"https:\/\/sweetmaloryne.com\/boutique\/produit\/lot-de-2-fanions-maya\/"},"modified":"2026-01-01T11:06:46","modified_gmt":"2026-01-01T10:06:46","slug":"lot-de-2-fanions-maya","status":"publish","type":"product","link":"https:\/\/www.sweetmaloryne.com\/boutique\/produit\/lot-de-2-fanions-maya\/","title":{"rendered":"Lot de 2 Fanions Maya"},"content":{"rendered":"","protected":false},"excerpt":{"rendered":"<p>Des d\u00e9cors gaies, et des couleurs lumineuses pour d\u00e9corer la chambre de b\u00e9b\u00e9. Ce lot de 2 fanions Maya enchantera votre petit coeur.<\/p>\n","protected":false},"featured_media":3742,"template":"","meta":[],"product_brand":[],"product_cat":[22,41],"product_tag":[392,393,422,420,421,423],"class_list":{"0":"post-3743","1":"product","2":"type-product","3":"status-publish","4":"has-post-thumbnail","6":"product_cat-destockage","7":"product_cat-kids","8":"product_tag-amadeus","9":"product_tag-decoration-chambre-bebe","10":"product_tag-decoration-chambre-denfants","11":"product_tag-fanions","12":"product_tag-fanions-maya","13":"product_tag-guirlande-fanions","14":"pa_composition-93-papier","15":"pa_hauteur-ba-23cm","16":"pa_largeur-ba-23cm","17":"description-off","19":"first","20":"instock","21":"sale","22":"shipping-taxable","23":"purchasable","24":"product-type-simple"},"_links":{"self":[{"href":"https:\/\/www.sweetmaloryne.com\/boutique\/wp-json\/wp\/v2\/product\/3743","targetHints":{"allow":["GET"]}}],"collection":[{"href":"https:\/\/www.sweetmaloryne.com\/boutique\/wp-json\/wp\/v2\/product"}],"about":[{"href":"https:\/\/www.sweetmaloryne.com\/boutique\/wp-json\/wp\/v2\/types\/product"}],"wp:featuredmedia":[{"embeddable":true,"href":"https:\/\/www.sweetmaloryne.com\/boutique\/wp-json\/wp\/v2\/media\/3742"}],"wp:attachment":[{"href":"https:\/\/www.sweetmaloryne.com\/boutique\/wp-json\/wp\/v2\/media?parent=3743"}],"wp:term":[{"taxonomy":"product_brand","embeddable":true,"href":"https:\/\/www.sweetmaloryne.com\/boutique\/wp-json\/wp\/v2\/product_brand?post=3743"},{"taxonomy":"product_cat","embeddable":true,"href":"https:\/\/www.sweetmaloryne.com\/boutique\/wp-json\/wp\/v2\/product_cat?post=3743"},{"taxonomy":"product_tag","embeddable":true,"href":"https:\/\/www.sweetmaloryne.com\/boutique\/wp-json\/wp\/v2\/product_tag?post=3743"}],"curies":[{"name":"wp","href":"https:\/\/api.w.org\/{rel}","templated":true}]}}