{"id":3838,"date":"2018-05-03T14:32:18","date_gmt":"2018-05-03T12:32:18","guid":{"rendered":"https:\/\/sweetmaloryne.com\/boutique\/produit\/carte-cadeau-40\/"},"modified":"2026-04-14T16:41:43","modified_gmt":"2026-04-14T14:41:43","slug":"carte-cadeau-40","status":"publish","type":"product","link":"https:\/\/www.sweetmaloryne.com\/boutique\/produit\/carte-cadeau-40\/","title":{"rendered":"Carte Cadeau 40\u20ac"},"content":{"rendered":"","protected":false},"excerpt":{"rendered":"<p class=\"content\">La petite attention qui fait toujours plaisir\u2026<\/p>\n<p>Offrez une carte cadeau SWEET MALORYNE pour une occasion sp\u00e9ciale ou simplement pour faire plaisir !<\/p>\n<p> La carte est utilisable en une fois sur l\u2019ensemble du site pendant 1 an ou sur simple pr\u00e9sentation \u00e0 la boutique \u00e0 Bining !<\/p>\n<p>Le verso de la carte cadeau sera munie d\u2019un code \u00e0 inscrire\u00a0avant validation de la commande dans la case \u00ab\u00a0CODE PROMO\u00a0\u00bb.<\/p>\n<p class=\"content\">La carte cadeau sera envoy\u00e9 \u00e0 l\u2019adresse de votre choix par voie postale.<\/p>\n","protected":false},"featured_media":3836,"template":"","meta":[],"product_brand":[],"product_cat":[35],"product_tag":[509,507,510,514,511,506,508],"class_list":{"0":"post-3838","1":"product","2":"type-product","3":"status-publish","4":"has-post-thumbnail","6":"product_cat-carte-cadeau","7":"product_tag-bon-dachat","8":"product_tag-carte-cadeau","9":"product_tag-faire-plaisir","10":"product_tag-fete","11":"product_tag-fete-des-grands-meres","12":"product_tag-fete-des-meres","13":"product_tag-idee-cadeau","14":"description-off","16":"first","17":"instock","18":"shipping-taxable","19":"purchasable","20":"product-type-simple"},"_links":{"self":[{"href":"https:\/\/www.sweetmaloryne.com\/boutique\/wp-json\/wp\/v2\/product\/3838","targetHints":{"allow":["GET"]}}],"collection":[{"href":"https:\/\/www.sweetmaloryne.com\/boutique\/wp-json\/wp\/v2\/product"}],"about":[{"href":"https:\/\/www.sweetmaloryne.com\/boutique\/wp-json\/wp\/v2\/types\/product"}],"wp:featuredmedia":[{"embeddable":true,"href":"https:\/\/www.sweetmaloryne.com\/boutique\/wp-json\/wp\/v2\/media\/3836"}],"wp:attachment":[{"href":"https:\/\/www.sweetmaloryne.com\/boutique\/wp-json\/wp\/v2\/media?parent=3838"}],"wp:term":[{"taxonomy":"product_brand","embeddable":true,"href":"https:\/\/www.sweetmaloryne.com\/boutique\/wp-json\/wp\/v2\/product_brand?post=3838"},{"taxonomy":"product_cat","embeddable":true,"href":"https:\/\/www.sweetmaloryne.com\/boutique\/wp-json\/wp\/v2\/product_cat?post=3838"},{"taxonomy":"product_tag","embeddable":true,"href":"https:\/\/www.sweetmaloryne.com\/boutique\/wp-json\/wp\/v2\/product_tag?post=3838"}],"curies":[{"name":"wp","href":"https:\/\/api.w.org\/{rel}","templated":true}]}}