{"id":3847,"date":"2018-05-04T16:10:49","date_gmt":"2018-05-04T14:10:49","guid":{"rendered":"https:\/\/sweetmaloryne.com\/boutique\/produit\/carte-cadeau-70\/"},"modified":"2025-09-27T15:58:15","modified_gmt":"2025-09-27T13:58:15","slug":"carte-cadeau-70","status":"publish","type":"product","link":"https:\/\/www.sweetmaloryne.com\/boutique\/produit\/carte-cadeau-70\/","title":{"rendered":"Carte Cadeau 70\u20ac"},"content":{"rendered":"","protected":false},"excerpt":{"rendered":"<p class=\"content\">La petite attention qui fait toujours plaisir\u2026<\/p>\n<p>Offrez une carte cadeau SWEET MALORYNE pour une occasion sp\u00e9ciale ou simplement pour faire plaisir !<\/p>\n<p> La carte est utilisable en une fois sur l\u2019ensemble du site pendant 1 an ou sur simple pr\u00e9sentation \u00e0 la boutique \u00e0 Bining !<\/p>\n<p>Le verso de la carte cadeau sera munie d\u2019un code \u00e0 inscrire\u00a0avant validation de la commande dans la case \u00ab\u00a0CODE PROMO\u00a0\u00bb.<\/p>\n<p class=\"content\">La carte cadeau sera envoy\u00e9e \u00e0 l\u2019adresse de votre choix par voie postale.<\/p>\n","protected":false},"featured_media":3845,"template":"","meta":[],"product_brand":[],"product_cat":[35],"product_tag":[509,507,510,514,506,516,508],"class_list":{"0":"post-3847","1":"product","2":"type-product","3":"status-publish","4":"has-post-thumbnail","6":"product_cat-carte-cadeau","7":"product_tag-bon-dachat","8":"product_tag-carte-cadeau","9":"product_tag-faire-plaisir","10":"product_tag-fete","11":"product_tag-fete-des-meres","12":"product_tag-fetes-des-grands-meres","13":"product_tag-idee-cadeau","14":"description-off","16":"first","17":"instock","18":"shipping-taxable","19":"purchasable","20":"product-type-simple"},"_links":{"self":[{"href":"https:\/\/www.sweetmaloryne.com\/boutique\/wp-json\/wp\/v2\/product\/3847","targetHints":{"allow":["GET"]}}],"collection":[{"href":"https:\/\/www.sweetmaloryne.com\/boutique\/wp-json\/wp\/v2\/product"}],"about":[{"href":"https:\/\/www.sweetmaloryne.com\/boutique\/wp-json\/wp\/v2\/types\/product"}],"wp:featuredmedia":[{"embeddable":true,"href":"https:\/\/www.sweetmaloryne.com\/boutique\/wp-json\/wp\/v2\/media\/3845"}],"wp:attachment":[{"href":"https:\/\/www.sweetmaloryne.com\/boutique\/wp-json\/wp\/v2\/media?parent=3847"}],"wp:term":[{"taxonomy":"product_brand","embeddable":true,"href":"https:\/\/www.sweetmaloryne.com\/boutique\/wp-json\/wp\/v2\/product_brand?post=3847"},{"taxonomy":"product_cat","embeddable":true,"href":"https:\/\/www.sweetmaloryne.com\/boutique\/wp-json\/wp\/v2\/product_cat?post=3847"},{"taxonomy":"product_tag","embeddable":true,"href":"https:\/\/www.sweetmaloryne.com\/boutique\/wp-json\/wp\/v2\/product_tag?post=3847"}],"curies":[{"name":"wp","href":"https:\/\/api.w.org\/{rel}","templated":true}]}}