{"id":39209,"date":"2024-11-29T09:39:08","date_gmt":"2024-11-29T08:39:08","guid":{"rendered":"https:\/\/www.sweetmaloryne.com\/boutique\/?post_type=product&#038;p=39209"},"modified":"2026-04-17T12:03:10","modified_gmt":"2026-04-17T10:03:10","slug":"sac-cartable-cuir-de-suede-elisabeth-22x16x6cm-divers-coloris","status":"publish","type":"product","link":"https:\/\/www.sweetmaloryne.com\/boutique\/produit\/sac-cartable-cuir-de-suede-elisabeth-22x16x6cm-divers-coloris\/","title":{"rendered":"Sac Cartable Cuir de Su\u00e8de Elisabeth 22x16x6cm Divers Coloris"},"content":{"rendered":"","protected":false},"excerpt":{"rendered":"<p>Le petit sac cartable Elisabeth, fabriqu\u00e9 en Italie en cuir su\u00e9d\u00e9, est orn\u00e9 de d\u00e9tails en cuir iris\u00e9. Ce m\u00e9lange de textures et de finitions conf\u00e8re \u00e0 cet accessoire une \u00e9l\u00e9gance unique, parfait pour compl\u00e9ter votre tenue avec style et sophistication.<\/p>\n<ul>\n<li>Dimension :\u00a0 22 CM X 16 CM X 6 CM<\/li>\n<li>R\u00e9f\u00e9rence : LD008<\/li>\n<li>Mati\u00e8re : Cuir de vachette su\u00e8de<\/li>\n<li>Doublure : textile<\/li>\n<li>Fabriqu\u00e9 en Italie<\/li>\n<\/ul>\n","protected":false},"featured_media":39217,"template":"","meta":[],"product_brand":[],"product_cat":[20,30],"product_tag":[],"class_list":{"0":"post-39209","1":"product","2":"type-product","3":"status-publish","4":"has-post-thumbnail","6":"product_cat-lifestyle","7":"product_cat-sacs-et-pochettes","8":"pa_couleur-b8-beige","9":"pa_couleur-camel-irise","10":"pa_couleur-kaki","11":"pa_couleur-13-noir","12":"description-off","14":"first","15":"instock","16":"shipping-taxable","17":"purchasable","18":"product-type-variable"},"_links":{"self":[{"href":"https:\/\/www.sweetmaloryne.com\/boutique\/wp-json\/wp\/v2\/product\/39209","targetHints":{"allow":["GET"]}}],"collection":[{"href":"https:\/\/www.sweetmaloryne.com\/boutique\/wp-json\/wp\/v2\/product"}],"about":[{"href":"https:\/\/www.sweetmaloryne.com\/boutique\/wp-json\/wp\/v2\/types\/product"}],"wp:featuredmedia":[{"embeddable":true,"href":"https:\/\/www.sweetmaloryne.com\/boutique\/wp-json\/wp\/v2\/media\/39217"}],"wp:attachment":[{"href":"https:\/\/www.sweetmaloryne.com\/boutique\/wp-json\/wp\/v2\/media?parent=39209"}],"wp:term":[{"taxonomy":"product_brand","embeddable":true,"href":"https:\/\/www.sweetmaloryne.com\/boutique\/wp-json\/wp\/v2\/product_brand?post=39209"},{"taxonomy":"product_cat","embeddable":true,"href":"https:\/\/www.sweetmaloryne.com\/boutique\/wp-json\/wp\/v2\/product_cat?post=39209"},{"taxonomy":"product_tag","embeddable":true,"href":"https:\/\/www.sweetmaloryne.com\/boutique\/wp-json\/wp\/v2\/product_tag?post=39209"}],"curies":[{"name":"wp","href":"https:\/\/api.w.org\/{rel}","templated":true}]}}